{"id":104,"date":"2016-08-23T15:08:40","date_gmt":"2016-08-23T13:08:40","guid":{"rendered":"http:\/\/handbuch.sdigroup.de\/hdm\/?page_id=104"},"modified":"2020-11-02T11:55:44","modified_gmt":"2020-11-02T10:55:44","slug":"8-17-vertreter-abrechung","status":"publish","type":"page","link":"https:\/\/handbuch.sdigroup.de\/hdm\/index.php\/8-17-vertreter-abrechung\/","title":{"rendered":"8.15.Vertreter Abrechnung"},"content":{"rendered":"<p align=\"CENTER\"><span style=\"font-size: x-large;\"><b>15. Mitarbeiterabrechnung innerhalb eines Zeitraumes<\/b><\/span><\/p>\n<p>W\u00e4hlen Sie folgende Schritte<\/p>\n<ol>\n<li>In der Hauptnavigation links auf <strong>&#8222;Bericht&#8220;<\/strong><\/li>\n<li>Geben Sie einen <strong>Zeitraum<\/strong> an.<\/li>\n<li>Geben Sie eine <strong>Vertreternummer<\/strong> an.<\/li>\n<li>JA = Bezahlte Rechnungen<br \/>\nNEIN = nicht bezahlte Rechnungen<br \/>\nBEZJA = Sp\u00e4ter bezahlte Rechnungen<br \/>\nProvisionsh\u00f6he im Eingabefeld <strong>Provision<\/strong> eingeben z. B. <strong>10 f\u00fcr 10%<\/strong><\/li>\n<li>Oben in der Men\u00fcleiste auf <strong>&#8222;Listen \/ Ums\u00e4tze \/ Abrechnungen&#8220;<\/strong><\/li>\n<li><strong>&#8222;Vertreterabrechnung&#8220;<\/strong> bet\u00e4tigen<\/li>\n<\/ol>\n<p><em>(Vertreterabrechnung<\/em><em> wird gedruckt)\u00a0<\/em><\/p>\n","protected":false},"excerpt":{"rendered":"<p>15. Mitarbeiterabrechnung innerhalb eines Zeitraumes W\u00e4hlen Sie folgende Schritte In der Hauptnavigation links auf &#8222;Bericht&#8220; Geben Sie einen Zeitraum an. Geben Sie eine Vertreternummer an. JA = Bezahlte Rechnungen NEIN = nicht bezahlte Rechnungen BEZJA = Sp\u00e4ter bezahlte Rechnungen Provisionsh\u00f6he im Eingabefeld Provision eingeben z. B. 10 f\u00fcr 10% Oben in der Men\u00fcleiste auf &#8222;Listen [&hellip;]<\/p>\n","protected":false},"author":1,"featured_media":0,"parent":0,"menu_order":0,"comment_status":"closed","ping_status":"closed","template":"","meta":{"footnotes":""},"class_list":["post-104","page","type-page","status-publish","hentry"],"_links":{"self":[{"href":"https:\/\/handbuch.sdigroup.de\/hdm\/index.php\/wp-json\/wp\/v2\/pages\/104","targetHints":{"allow":["GET"]}}],"collection":[{"href":"https:\/\/handbuch.sdigroup.de\/hdm\/index.php\/wp-json\/wp\/v2\/pages"}],"about":[{"href":"https:\/\/handbuch.sdigroup.de\/hdm\/index.php\/wp-json\/wp\/v2\/types\/page"}],"author":[{"embeddable":true,"href":"https:\/\/handbuch.sdigroup.de\/hdm\/index.php\/wp-json\/wp\/v2\/users\/1"}],"replies":[{"embeddable":true,"href":"https:\/\/handbuch.sdigroup.de\/hdm\/index.php\/wp-json\/wp\/v2\/comments?post=104"}],"version-history":[{"count":4,"href":"https:\/\/handbuch.sdigroup.de\/hdm\/index.php\/wp-json\/wp\/v2\/pages\/104\/revisions"}],"predecessor-version":[{"id":1334,"href":"https:\/\/handbuch.sdigroup.de\/hdm\/index.php\/wp-json\/wp\/v2\/pages\/104\/revisions\/1334"}],"wp:attachment":[{"href":"https:\/\/handbuch.sdigroup.de\/hdm\/index.php\/wp-json\/wp\/v2\/media?parent=104"}],"curies":[{"name":"wp","href":"https:\/\/api.w.org\/{rel}","templated":true}]}}