{"id":500,"date":"2017-07-04T11:23:21","date_gmt":"2017-07-04T09:23:21","guid":{"rendered":"http:\/\/handbuch.sdigroup.de\/ctx\/?page_id=500"},"modified":"2023-08-09T10:26:22","modified_gmt":"2023-08-09T08:26:22","slug":"kunden-2","status":"publish","type":"page","link":"https:\/\/handbuch.sdigroup.de\/ctx6\/?page_id=500","title":{"rendered":"Kunden"},"content":{"rendered":"<p><strong>Kunden speichern:<\/strong><\/p>\n<p><span style=\"background-color: #808080; color: #ffffff;\">Schritt 1<\/span><\/p>\n<p>Klicken Sie im Hauptmen\u00fc auf den Knopf <strong>&#8222;Kundenstamm &#8211;<\/strong> <strong>F5&#8243; <\/strong>oder links in der Hauptnavigation<strong> &#8222;Kunden&#8220;<\/strong>.<\/p>\n<p><span style=\"background-color: #808080; color: #ffffff;\">Schritt 2<\/span><\/p>\n<p>Falls die Maske leer ist gehen sie \u00fcber auf Schritt 3 ansonsten dr\u00fccken sie &#8222;<strong>Neu&#8220;\u00a0<\/strong>oder auf den knopf <strong>&#8222;F5&#8220;\u00a0<\/strong><\/p>\n<p><span style=\"background-color: #808080; color: #ffffff;\">Schritt 3<\/span><\/p>\n<p>Geben sie alle ben\u00f6tigten Daten ein, es m\u00fcssen mindestens alle Gelben Felder ausgef\u00fcllt sein um einen Kunden anlegen zu k\u00f6nnen.<\/p>\n<p><span style=\"background-color: #808080; color: #ffffff;\">Schritt 4<\/span><\/p>\n<p>Dr\u00fccken sie den knopf <strong>&#8222;Speichern<\/strong><strong>\u00a0&#8211;<\/strong> <strong>F6&#8243;<\/strong> und der Kunde ist gespeichert.<\/p>\n<p>\u00a0<\/p>\n<p><strong>Kundendaten ab\u00e4ndern:<\/strong><\/p>\n<p>\u00a0<\/p>\n<p><span style=\"background-color: #808080; color: #ffffff;\">Schritt 1<\/span><\/p>\n<p>Rufen Sie den Kunden auf indem Sie z.B. die Kundennummer eingeben und dann auf den Knopf <strong>&#8222;Suchen &#8211; F8&#8220;<\/strong> dr\u00fccken.<\/p>\n<p><span style=\"background-color: #808080; color: #ffffff;\">Schritt 2<\/span><\/p>\n<p>Nun k\u00f6nnen Sie die Daten des Kunden \u00fcberarbeiten und dann mit dem Knopf <strong>&#8222;Speichern &#8211; F6&#8220;<\/strong> erneut abspeichern.<\/p>\n<p>\u00a0<\/p>\n<p><strong>Kunde l\u00f6schen:<\/strong><\/p>\n<p>\u00a0<\/p>\n<p><span style=\"background-color: #808080; color: #ffffff;\">Schritt 1<\/span><\/p>\n<p>Suchen Sie den Kunden anhand Kunden Kriterien und dr\u00fccken dann auf den Knopf <strong>&#8222;L\u00f6schen&#8220;, <\/strong>damit er aus der Datenbank gel\u00f6scht wird.<\/p>\n\n","protected":false},"excerpt":{"rendered":"<p>Kunden speichern: Schritt 1 Klicken Sie im Hauptmen\u00fc auf den Knopf &#8222;Kundenstamm &#8211; F5&#8243; oder links in der Hauptnavigation &#8222;Kunden&#8220;. Schritt 2 Falls die Maske leer ist gehen sie \u00fcber auf Schritt 3 ansonsten dr\u00fccken sie &#8222;Neu&#8220;\u00a0oder auf den knopf &#8222;F5&#8220;\u00a0 Schritt 3 Geben sie alle ben\u00f6tigten Daten ein, es m\u00fcssen mindestens alle Gelben Felder [&hellip;]<\/p>\n","protected":false},"author":1,"featured_media":0,"parent":26,"menu_order":0,"comment_status":"closed","ping_status":"closed","template":"","meta":{"footnotes":""},"class_list":["post-500","page","type-page","status-publish","hentry"],"_links":{"self":[{"href":"https:\/\/handbuch.sdigroup.de\/ctx6\/index.php?rest_route=\/wp\/v2\/pages\/500","targetHints":{"allow":["GET"]}}],"collection":[{"href":"https:\/\/handbuch.sdigroup.de\/ctx6\/index.php?rest_route=\/wp\/v2\/pages"}],"about":[{"href":"https:\/\/handbuch.sdigroup.de\/ctx6\/index.php?rest_route=\/wp\/v2\/types\/page"}],"author":[{"embeddable":true,"href":"https:\/\/handbuch.sdigroup.de\/ctx6\/index.php?rest_route=\/wp\/v2\/users\/1"}],"replies":[{"embeddable":true,"href":"https:\/\/handbuch.sdigroup.de\/ctx6\/index.php?rest_route=%2Fwp%2Fv2%2Fcomments&post=500"}],"version-history":[{"count":10,"href":"https:\/\/handbuch.sdigroup.de\/ctx6\/index.php?rest_route=\/wp\/v2\/pages\/500\/revisions"}],"predecessor-version":[{"id":2040,"href":"https:\/\/handbuch.sdigroup.de\/ctx6\/index.php?rest_route=\/wp\/v2\/pages\/500\/revisions\/2040"}],"up":[{"embeddable":true,"href":"https:\/\/handbuch.sdigroup.de\/ctx6\/index.php?rest_route=\/wp\/v2\/pages\/26"}],"wp:attachment":[{"href":"https:\/\/handbuch.sdigroup.de\/ctx6\/index.php?rest_route=%2Fwp%2Fv2%2Fmedia&parent=500"}],"curies":[{"name":"wp","href":"https:\/\/api.w.org\/{rel}","templated":true}]}}