{"id":478,"date":"2016-09-06T11:47:48","date_gmt":"2016-09-06T09:47:48","guid":{"rendered":"http:\/\/handbuch.sdigroup.de\/ctx\/?page_id=478"},"modified":"2023-08-09T11:35:08","modified_gmt":"2023-08-09T09:35:08","slug":"umsaetze-nach-warengruppen","status":"publish","type":"page","link":"https:\/\/handbuch.sdigroup.de\/ctx6\/?page_id=478","title":{"rendered":"Ums\u00e4tze nach Warengruppen"},"content":{"rendered":"<h1 class=\"subtitle\">St\u00fcck im Verh\u00e4ltnis zum Einkauf<\/h1>\n<p><span style=\"background-color: #808080; color: #ffffff;\">Schritt 1<\/span><\/p>\n<p><span lang=\"DE\">Klicken Sie in der Hauptnavigation links unter <strong>Auftrag \/ Verkauf<\/strong> auf <strong>&#8222;Bericht&#8220;<\/strong><\/span><\/p>\n<p><span style=\"background-color: #808080; color: #ffffff;\">Schritt 2<\/span><\/p>\n<p><span lang=\"DE\">Im sich dann \u00f6ffnen Fenster w\u00e4hlen Sie ein <strong>Datum<\/strong> bzw. einen<strong> Zeitraum<\/strong> in dem die betreffenden Ums\u00e4tze stattgefunden haben.<\/span><\/p>\n<p><span style=\"background-color: #808080; color: #ffffff;\">Schritt 3<\/span><\/p>\n<p><span lang=\"DE\"> Klicken Sie dann in der Men\u00fczeile auf <strong>Umsatzerfolgslisten<\/strong> und w\u00e4hlen Sie dort &#8222;<strong>nach Warengruppe drucken&#8220; <\/strong>aus.\u00a0<\/span><\/p>\n<p><em>(&#8222;<strong>nach Warengruppe drucken&#8220;<\/strong> wird gedruckt)<\/em><\/p>\n<p><em><span lang=\"DE\">Wenn Sie eine Vorschau vom Druck sehen m\u00f6chten, klicken Sie vor dem <\/span><span lang=\"DE\">Drucken in der Men\u00fczeile auf <\/span><span lang=\"DE\"><b>&#8222;Start&#8220;<\/b><\/span><\/em><span lang=\"DE\">\u00a0<\/span><em><span lang=\"DE\">und w\u00e4hlen Sie dort die <strong>Seitenansicht<\/strong>. Wenn dann gedruckt wird, \u00f6ffnet sich vorher eine Seitenansicht in der Sie zus\u00e4tzlich den Drucker auf dem gedruckt werden soll, w\u00e4hlen k\u00f6nnen.<\/span><\/em><\/p>\n","protected":false},"excerpt":{"rendered":"<p>St\u00fcck im Verh\u00e4ltnis zum Einkauf Schritt 1 Klicken Sie in der Hauptnavigation links unter Auftrag \/ Verkauf auf &#8222;Bericht&#8220; Schritt 2 Im sich dann \u00f6ffnen Fenster w\u00e4hlen Sie ein Datum bzw. einen Zeitraum in dem die betreffenden Ums\u00e4tze stattgefunden haben. Schritt 3 Klicken Sie dann in der Men\u00fczeile auf Umsatzerfolgslisten und w\u00e4hlen Sie dort &#8222;nach [&hellip;]<\/p>\n","protected":false},"author":3,"featured_media":0,"parent":457,"menu_order":0,"comment_status":"closed","ping_status":"closed","template":"","meta":{"footnotes":""},"class_list":["post-478","page","type-page","status-publish","hentry"],"_links":{"self":[{"href":"https:\/\/handbuch.sdigroup.de\/ctx6\/index.php?rest_route=\/wp\/v2\/pages\/478","targetHints":{"allow":["GET"]}}],"collection":[{"href":"https:\/\/handbuch.sdigroup.de\/ctx6\/index.php?rest_route=\/wp\/v2\/pages"}],"about":[{"href":"https:\/\/handbuch.sdigroup.de\/ctx6\/index.php?rest_route=\/wp\/v2\/types\/page"}],"author":[{"embeddable":true,"href":"https:\/\/handbuch.sdigroup.de\/ctx6\/index.php?rest_route=\/wp\/v2\/users\/3"}],"replies":[{"embeddable":true,"href":"https:\/\/handbuch.sdigroup.de\/ctx6\/index.php?rest_route=%2Fwp%2Fv2%2Fcomments&post=478"}],"version-history":[{"count":3,"href":"https:\/\/handbuch.sdigroup.de\/ctx6\/index.php?rest_route=\/wp\/v2\/pages\/478\/revisions"}],"predecessor-version":[{"id":1785,"href":"https:\/\/handbuch.sdigroup.de\/ctx6\/index.php?rest_route=\/wp\/v2\/pages\/478\/revisions\/1785"}],"up":[{"embeddable":true,"href":"https:\/\/handbuch.sdigroup.de\/ctx6\/index.php?rest_route=\/wp\/v2\/pages\/457"}],"wp:attachment":[{"href":"https:\/\/handbuch.sdigroup.de\/ctx6\/index.php?rest_route=%2Fwp%2Fv2%2Fmedia&parent=478"}],"curies":[{"name":"wp","href":"https:\/\/api.w.org\/{rel}","templated":true}]}}