{"id":462,"date":"2016-09-06T09:36:38","date_gmt":"2016-09-06T07:36:38","guid":{"rendered":"http:\/\/handbuch.sdigroup.de\/ctx\/?page_id=462"},"modified":"2023-08-09T11:34:27","modified_gmt":"2023-08-09T09:34:27","slug":"umsaetze-nach-lieferanten-mit-rabatt","status":"publish","type":"page","link":"https:\/\/handbuch.sdigroup.de\/ctx6\/?page_id=462","title":{"rendered":"Ums\u00e4tze nach Lieferanten"},"content":{"rendered":"<h1 class=\"subtitle\">mit Rabatt<\/h1>\n<p><span style=\"background-color: #808080; color: #ffffff;\">Schritt 1<\/span><\/p>\n<p><span lang=\"DE\">In der Hauptnavigation links unter <strong>Kasse <\/strong>auf <strong>&#8222;B<\/strong><strong>ericht&#8220; <\/strong>klicken.<\/span><\/p>\n<p><span style=\"background-color: #808080; color: #ffffff;\">Schritt 2<\/span><\/p>\n<p><span lang=\"DE\">Im sich dann \u00f6ffnenden Fenster w\u00e4hlen Sie ein <strong>Datum<\/strong> bzw. einen <strong>Zeitraum<\/strong> in dem die betreffenden Ums\u00e4tze stattgefunden haben. <\/span><\/p>\n<p><span style=\"background-color: #808080; color: #ffffff;\">Schritt 3<\/span><\/p>\n<p><span lang=\"DE\">Klicken Sie dann in der <strong>Men\u00fczeile<\/strong> auf <strong>&#8222;Umsatzerfolgslisten&#8220;<\/strong> und w\u00e4hlen Sie dort &#8222;<strong>nach Lieferanten drucken&#8220;<\/strong> aus.\u00a0<\/span><\/p>\n<p><em>(<strong>&#8222;nach Lieferanten drucken&#8220;<\/strong> wir gedruckt)<\/em><\/p>\n<p><em><span lang=\"DE\">Wenn Sie eine Vorschau vom Druck sehen m\u00f6chten, klicken Sie vor dem Drucken oben auf die Men\u00fczeile <b>Start<\/b>\u00a0und w\u00e4hlen Sie dort die <strong>Seitenansicht<\/strong>. Wenn dann gedruckt wird, \u00f6ffnet sich vorher eine Seitenansicht in der Sie zus\u00e4tzlich den Drucker auf dem gedruckt werden soll, w\u00e4hlen k\u00f6nnen.<\/span><\/em><\/p>\n","protected":false},"excerpt":{"rendered":"<p>mit Rabatt Schritt 1 In der Hauptnavigation links unter Kasse auf &#8222;Bericht&#8220; klicken. Schritt 2 Im sich dann \u00f6ffnenden Fenster w\u00e4hlen Sie ein Datum bzw. einen Zeitraum in dem die betreffenden Ums\u00e4tze stattgefunden haben. Schritt 3 Klicken Sie dann in der Men\u00fczeile auf &#8222;Umsatzerfolgslisten&#8220; und w\u00e4hlen Sie dort &#8222;nach Lieferanten drucken&#8220; aus.\u00a0 (&#8222;nach Lieferanten drucken&#8220; [&hellip;]<\/p>\n","protected":false},"author":3,"featured_media":0,"parent":457,"menu_order":0,"comment_status":"closed","ping_status":"closed","template":"","meta":{"footnotes":""},"class_list":["post-462","page","type-page","status-publish","hentry"],"_links":{"self":[{"href":"https:\/\/handbuch.sdigroup.de\/ctx6\/index.php?rest_route=\/wp\/v2\/pages\/462","targetHints":{"allow":["GET"]}}],"collection":[{"href":"https:\/\/handbuch.sdigroup.de\/ctx6\/index.php?rest_route=\/wp\/v2\/pages"}],"about":[{"href":"https:\/\/handbuch.sdigroup.de\/ctx6\/index.php?rest_route=\/wp\/v2\/types\/page"}],"author":[{"embeddable":true,"href":"https:\/\/handbuch.sdigroup.de\/ctx6\/index.php?rest_route=\/wp\/v2\/users\/3"}],"replies":[{"embeddable":true,"href":"https:\/\/handbuch.sdigroup.de\/ctx6\/index.php?rest_route=%2Fwp%2Fv2%2Fcomments&post=462"}],"version-history":[{"count":3,"href":"https:\/\/handbuch.sdigroup.de\/ctx6\/index.php?rest_route=\/wp\/v2\/pages\/462\/revisions"}],"predecessor-version":[{"id":2031,"href":"https:\/\/handbuch.sdigroup.de\/ctx6\/index.php?rest_route=\/wp\/v2\/pages\/462\/revisions\/2031"}],"up":[{"embeddable":true,"href":"https:\/\/handbuch.sdigroup.de\/ctx6\/index.php?rest_route=\/wp\/v2\/pages\/457"}],"wp:attachment":[{"href":"https:\/\/handbuch.sdigroup.de\/ctx6\/index.php?rest_route=%2Fwp%2Fv2%2Fmedia&parent=462"}],"curies":[{"name":"wp","href":"https:\/\/api.w.org\/{rel}","templated":true}]}}