{"id":399,"date":"2016-07-01T17:33:02","date_gmt":"2016-07-01T15:33:02","guid":{"rendered":"http:\/\/handbuch.sdigroup.de\/ctx\/?page_id=399"},"modified":"2023-08-09T11:31:29","modified_gmt":"2023-08-09T09:31:29","slug":"mitarbeiter-abrechnung","status":"publish","type":"page","link":"https:\/\/handbuch.sdigroup.de\/ctx6\/?page_id=399","title":{"rendered":"Mitarbeiter Abrechnung"},"content":{"rendered":"<p>W\u00e4hlen Sie folgende Schritte<\/p>\n<p><span style=\"background-color: #808080; color: #ffffff;\">Schritt 1<\/span><\/p>\n<p>In der Hauptnavigation links unter<strong> Kasse &#8222;Bericht&#8220; <\/strong>ausw\u00e4hlen<\/p>\n<p><span style=\"background-color: #808080; color: #ffffff;\">Schritt 2<\/span><\/p>\n<p>Geben Sie einen <strong>Zeitraum<\/strong> an.<\/p>\n<p><span style=\"background-color: #808080; color: #ffffff;\">Schritt 3<\/span><\/p>\n<p>Geben Sie eine <strong>Mitarbeiternummer<\/strong> an.<\/p>\n<p><span style=\"background-color: #808080; color: #ffffff;\">Schritt 4<\/span><\/p>\n<p>JA = Bezahlte Rechnungen<br \/>\nNEIN = nicht bezahlte Rechnungen<\/p>\n<p><span style=\"background-color: #808080; color: #ffffff;\">Schritt 5<\/span><\/p>\n<p>Oben in der Men\u00fczeile auf <strong>&#8222;Drucken&#8220;<\/strong> dr\u00fccken oder Schaltfl\u00e4che <strong>&#8222;F4&#8220;<\/strong> bet\u00e4tigen.<\/p>\n","protected":false},"excerpt":{"rendered":"<p>W\u00e4hlen Sie folgende Schritte Schritt 1 In der Hauptnavigation links unter Kasse &#8222;Bericht&#8220; ausw\u00e4hlen Schritt 2 Geben Sie einen Zeitraum an. Schritt 3 Geben Sie eine Mitarbeiternummer an. Schritt 4 JA = Bezahlte Rechnungen NEIN = nicht bezahlte Rechnungen Schritt 5 Oben in der Men\u00fczeile auf &#8222;Drucken&#8220; dr\u00fccken oder Schaltfl\u00e4che &#8222;F4&#8220; bet\u00e4tigen.<\/p>\n","protected":false},"author":5,"featured_media":0,"parent":24,"menu_order":0,"comment_status":"closed","ping_status":"closed","template":"","meta":{"footnotes":""},"class_list":["post-399","page","type-page","status-publish","hentry"],"_links":{"self":[{"href":"https:\/\/handbuch.sdigroup.de\/ctx6\/index.php?rest_route=\/wp\/v2\/pages\/399","targetHints":{"allow":["GET"]}}],"collection":[{"href":"https:\/\/handbuch.sdigroup.de\/ctx6\/index.php?rest_route=\/wp\/v2\/pages"}],"about":[{"href":"https:\/\/handbuch.sdigroup.de\/ctx6\/index.php?rest_route=\/wp\/v2\/types\/page"}],"author":[{"embeddable":true,"href":"https:\/\/handbuch.sdigroup.de\/ctx6\/index.php?rest_route=\/wp\/v2\/users\/5"}],"replies":[{"embeddable":true,"href":"https:\/\/handbuch.sdigroup.de\/ctx6\/index.php?rest_route=%2Fwp%2Fv2%2Fcomments&post=399"}],"version-history":[{"count":3,"href":"https:\/\/handbuch.sdigroup.de\/ctx6\/index.php?rest_route=\/wp\/v2\/pages\/399\/revisions"}],"predecessor-version":[{"id":2073,"href":"https:\/\/handbuch.sdigroup.de\/ctx6\/index.php?rest_route=\/wp\/v2\/pages\/399\/revisions\/2073"}],"up":[{"embeddable":true,"href":"https:\/\/handbuch.sdigroup.de\/ctx6\/index.php?rest_route=\/wp\/v2\/pages\/24"}],"wp:attachment":[{"href":"https:\/\/handbuch.sdigroup.de\/ctx6\/index.php?rest_route=%2Fwp%2Fv2%2Fmedia&parent=399"}],"curies":[{"name":"wp","href":"https:\/\/api.w.org\/{rel}","templated":true}]}}