{"id":397,"date":"2016-07-01T17:32:41","date_gmt":"2016-07-01T15:32:41","guid":{"rendered":"http:\/\/handbuch.sdigroup.de\/ctx\/?page_id=397"},"modified":"2023-08-09T11:30:22","modified_gmt":"2023-08-09T09:30:22","slug":"lieferanten-abrechnung","status":"publish","type":"page","link":"https:\/\/handbuch.sdigroup.de\/ctx6\/?page_id=397","title":{"rendered":"Lieferanten Abrechnung"},"content":{"rendered":"<p>W\u00e4hlen Sie folgende Schritte<\/p>\n<p><span style=\"background-color: #808080; color: #ffffff;\">Schritt 1<\/span><\/p>\n<p>In der Hauptnavigation links auf<b> &#8222;Bericht&#8220; <\/b>gehen.<\/p>\n<p><span style=\"background-color: #808080; color: #ffffff;\">Schritt 2<\/span><\/p>\n<p>Geben Sie einen <strong>Zeitraum<\/strong> bei <strong>Datum<\/strong> an.<\/p>\n<p><span style=\"background-color: #808080; color: #ffffff;\">Schritt 3<\/span><\/p>\n<p>Geben Sie eine Lieferantennummer an.<\/p>\n<ol>\n<li><strong>JA<\/strong> = Bezahlte Rechnungen<\/li>\n<li><strong>NEIN<\/strong> = nicht bezahlte Rechnungen<\/li>\n<\/ol>\n<p><span style=\"background-color: #808080; color: #ffffff;\">Schritt 4<\/span><\/p>\n<p>Gehen sie oben in der Men\u00fcleiste auf <strong>&#8222;Listen \/ Ums\u00e4tze \/ Abrechnungen&#8220; <\/strong>und w\u00e4hlen Sie<strong> &#8222;Lieferantenabrechnung&#8220; <\/strong>aus.<\/p>\n<p>Bei der Frage: &#8222;<strong>Sollen die Gr\u00f6\u00dfen beim Zusammenfassen ber\u00fccksichtigt werden?&#8220;\u00a0<\/strong><\/p>\n<ol>\n<li><strong>&#8222;JA<\/strong>&#8222;, Gr\u00f6\u00dfen werden ber\u00fccksichtigt<\/li>\n<li><strong>&#8222;NEIN&#8220;<\/strong>, Gr\u00f6\u00dfen werden <strong>nicht<\/strong> ber\u00fccksichtigt<\/li>\n<\/ol>\n<p><span style=\"background-color: #808080; color: #ffffff;\">Schritt 5<\/span><\/p>\n<p>Als letztes gehen sie oben in der Men\u00fczeile auf <strong>Start<\/strong> und dann auf<strong> &#8222;Drucken&#8220;<\/strong> oder Schaltfl\u00e4che <strong>&#8222;F4&#8220;<\/strong> bet\u00e4tigen.<\/p>\n<p><i>(Beim Ausdruck erhalten Sie automatisch eine Lieferantenabrechnung)<\/i><\/p>\n","protected":false},"excerpt":{"rendered":"<p>W\u00e4hlen Sie folgende Schritte Schritt 1 In der Hauptnavigation links auf &#8222;Bericht&#8220; gehen. Schritt 2 Geben Sie einen Zeitraum bei Datum an. Schritt 3 Geben Sie eine Lieferantennummer an. JA = Bezahlte Rechnungen NEIN = nicht bezahlte Rechnungen Schritt 4 Gehen sie oben in der Men\u00fcleiste auf &#8222;Listen \/ Ums\u00e4tze \/ Abrechnungen&#8220; und w\u00e4hlen Sie [&hellip;]<\/p>\n","protected":false},"author":5,"featured_media":0,"parent":24,"menu_order":0,"comment_status":"closed","ping_status":"closed","template":"","meta":{"footnotes":""},"class_list":["post-397","page","type-page","status-publish","hentry"],"_links":{"self":[{"href":"https:\/\/handbuch.sdigroup.de\/ctx6\/index.php?rest_route=\/wp\/v2\/pages\/397","targetHints":{"allow":["GET"]}}],"collection":[{"href":"https:\/\/handbuch.sdigroup.de\/ctx6\/index.php?rest_route=\/wp\/v2\/pages"}],"about":[{"href":"https:\/\/handbuch.sdigroup.de\/ctx6\/index.php?rest_route=\/wp\/v2\/types\/page"}],"author":[{"embeddable":true,"href":"https:\/\/handbuch.sdigroup.de\/ctx6\/index.php?rest_route=\/wp\/v2\/users\/5"}],"replies":[{"embeddable":true,"href":"https:\/\/handbuch.sdigroup.de\/ctx6\/index.php?rest_route=%2Fwp%2Fv2%2Fcomments&post=397"}],"version-history":[{"count":2,"href":"https:\/\/handbuch.sdigroup.de\/ctx6\/index.php?rest_route=\/wp\/v2\/pages\/397\/revisions"}],"predecessor-version":[{"id":1881,"href":"https:\/\/handbuch.sdigroup.de\/ctx6\/index.php?rest_route=\/wp\/v2\/pages\/397\/revisions\/1881"}],"up":[{"embeddable":true,"href":"https:\/\/handbuch.sdigroup.de\/ctx6\/index.php?rest_route=\/wp\/v2\/pages\/24"}],"wp:attachment":[{"href":"https:\/\/handbuch.sdigroup.de\/ctx6\/index.php?rest_route=%2Fwp%2Fv2%2Fmedia&parent=397"}],"curies":[{"name":"wp","href":"https:\/\/api.w.org\/{rel}","templated":true}]}}