{"id":395,"date":"2016-07-01T17:32:26","date_gmt":"2016-07-01T15:32:26","guid":{"rendered":"http:\/\/handbuch.sdigroup.de\/ctx\/?page_id=395"},"modified":"2023-08-09T11:31:51","modified_gmt":"2023-08-09T09:31:51","slug":"renner-penner-liste","status":"publish","type":"page","link":"https:\/\/handbuch.sdigroup.de\/ctx6\/?page_id=395","title":{"rendered":"Renner-Penner Liste"},"content":{"rendered":"<p>W\u00e4hlen Sie folgende Schritte<\/p>\n<p><span style=\"background-color: #808080; color: #ffffff;\">Schritt 1<\/span><\/p>\n<p>In der Hauptnavigation links <strong>&#8222;Bericht&#8220; <\/strong>ausw\u00e4hlen.<\/p>\n<p><span style=\"background-color: #808080; color: #ffffff;\">Schritt 2<\/span><\/p>\n<p>Geben Sie einen <strong>Zeitraum<\/strong> an.<\/p>\n<p><span style=\"background-color: #808080; color: #ffffff;\">Schritt 3<\/span><\/p>\n<p>Bet\u00e4tigen Sie <strong>&#8222;Suchen &#8211; F8&#8220;<\/strong> oder w\u00e4hlen Sie von Men\u00fcpunkt <b>Listen\/Ums\u00e4tze\/Abrechnungen<\/b> die entsprechende Liste<\/p>\n<p>Abh\u00e4ngigkeit der Eingabe, Beispiel: Sie geben folgende Felder ein:<\/p>\n<p>Datum 01.01.2015 \u2013 31.01.2015<br \/>\nArtikelnummer: 1234<br \/>\nKundennummer: 1111<\/p>\n<p><img loading=\"lazy\" decoding=\"async\" class=\"alignnone wp-image-1807 size-full\" src=\"https:\/\/handbuch.sdigroup.de\/ctx6\/wp-content\/uploads\/Datum.png\" alt=\"\" width=\"925\" height=\"585\" srcset=\"https:\/\/handbuch.sdigroup.de\/ctx6\/wp-content\/uploads\/Datum.png 925w, https:\/\/handbuch.sdigroup.de\/ctx6\/wp-content\/uploads\/Datum-300x190.png 300w\" sizes=\"auto, (max-width: 925px) 100vw, 925px\" \/><\/p>\n<p><span style=\"background-color: #808080; color: #ffffff;\">Schritt 4<\/span><\/p>\n<p>Sie m\u00fcssen auf den Men\u00fcpunkt\u00a0<strong>Listen \/ Ums\u00e4tze \/ Abrechnungen<\/strong> um dann das Pulldwon-Men\u00fc<strong> &#8222;Renner-Penner Liste&#8220;\u00a0<\/strong>anzuklicken.<\/p>\n<p>Als Ergebnis bekommen Sie eine Liste mit alle in diesem Zeitraum <b>(01.01.2015 \u2013 31.01.2015) <\/b>verkauften Artikel.<\/p>\n","protected":false},"excerpt":{"rendered":"<p>W\u00e4hlen Sie folgende Schritte Schritt 1 In der Hauptnavigation links &#8222;Bericht&#8220; ausw\u00e4hlen. Schritt 2 Geben Sie einen Zeitraum an. Schritt 3 Bet\u00e4tigen Sie &#8222;Suchen &#8211; F8&#8220; oder w\u00e4hlen Sie von Men\u00fcpunkt Listen\/Ums\u00e4tze\/Abrechnungen die entsprechende Liste Abh\u00e4ngigkeit der Eingabe, Beispiel: Sie geben folgende Felder ein: Datum 01.01.2015 \u2013 31.01.2015 Artikelnummer: 1234 Kundennummer: 1111 Schritt 4 Sie [&hellip;]<\/p>\n","protected":false},"author":5,"featured_media":0,"parent":24,"menu_order":0,"comment_status":"closed","ping_status":"closed","template":"","meta":{"footnotes":""},"class_list":["post-395","page","type-page","status-publish","hentry"],"_links":{"self":[{"href":"https:\/\/handbuch.sdigroup.de\/ctx6\/index.php?rest_route=\/wp\/v2\/pages\/395","targetHints":{"allow":["GET"]}}],"collection":[{"href":"https:\/\/handbuch.sdigroup.de\/ctx6\/index.php?rest_route=\/wp\/v2\/pages"}],"about":[{"href":"https:\/\/handbuch.sdigroup.de\/ctx6\/index.php?rest_route=\/wp\/v2\/types\/page"}],"author":[{"embeddable":true,"href":"https:\/\/handbuch.sdigroup.de\/ctx6\/index.php?rest_route=\/wp\/v2\/users\/5"}],"replies":[{"embeddable":true,"href":"https:\/\/handbuch.sdigroup.de\/ctx6\/index.php?rest_route=%2Fwp%2Fv2%2Fcomments&post=395"}],"version-history":[{"count":3,"href":"https:\/\/handbuch.sdigroup.de\/ctx6\/index.php?rest_route=\/wp\/v2\/pages\/395\/revisions"}],"predecessor-version":[{"id":1808,"href":"https:\/\/handbuch.sdigroup.de\/ctx6\/index.php?rest_route=\/wp\/v2\/pages\/395\/revisions\/1808"}],"up":[{"embeddable":true,"href":"https:\/\/handbuch.sdigroup.de\/ctx6\/index.php?rest_route=\/wp\/v2\/pages\/24"}],"wp:attachment":[{"href":"https:\/\/handbuch.sdigroup.de\/ctx6\/index.php?rest_route=%2Fwp%2Fv2%2Fmedia&parent=395"}],"curies":[{"name":"wp","href":"https:\/\/api.w.org\/{rel}","templated":true}]}}