{"id":393,"date":"2016-07-01T17:31:59","date_gmt":"2016-07-01T15:31:59","guid":{"rendered":"http:\/\/handbuch.sdigroup.de\/ctx\/?page_id=393"},"modified":"2023-08-09T11:32:35","modified_gmt":"2023-08-09T09:32:35","slug":"jahresstatistik","status":"publish","type":"page","link":"https:\/\/handbuch.sdigroup.de\/ctx6\/?page_id=393","title":{"rendered":"Statistiken"},"content":{"rendered":"<p>W\u00e4hlen Sie folgende Schritte<\/p>\n<p><span style=\"background-color: #808080; color: #ffffff;\">Schritt 1<\/span><\/p>\n<p>W\u00e4hlen sie in der Hauptnavigation unter<strong> Kasse\u00a0 &#8222;Statistik&#8220; <\/strong>aus.<\/p>\n<p><span style=\"color: #ffffff; background-color: #808080;\">Schritt 2<\/span><\/p>\n<p>W\u00e4hlen Sie oben in der Men\u00fczeile<strong> das gew\u00fcnschte Datum <\/strong>\u00a0aus.<\/p>\n<p><span style=\"color: #ffffff; background-color: #808080;\">Schritt 3<\/span><\/p>\n<p>Gehen Sie in der Tabelle auf <strong>Drucken.<\/strong><\/p>\n<p><em>(Statistik wird gedruckt)<\/em><\/p>\n","protected":false},"excerpt":{"rendered":"<p>W\u00e4hlen Sie folgende Schritte Schritt 1 W\u00e4hlen sie in der Hauptnavigation unter Kasse\u00a0 &#8222;Statistik&#8220; aus. Schritt 2 W\u00e4hlen Sie oben in der Men\u00fczeile das gew\u00fcnschte Datum \u00a0aus. Schritt 3 Gehen Sie in der Tabelle auf Drucken. (Statistik wird gedruckt)<\/p>\n","protected":false},"author":5,"featured_media":0,"parent":24,"menu_order":0,"comment_status":"closed","ping_status":"closed","template":"","meta":{"footnotes":""},"class_list":["post-393","page","type-page","status-publish","hentry"],"_links":{"self":[{"href":"https:\/\/handbuch.sdigroup.de\/ctx6\/index.php?rest_route=\/wp\/v2\/pages\/393","targetHints":{"allow":["GET"]}}],"collection":[{"href":"https:\/\/handbuch.sdigroup.de\/ctx6\/index.php?rest_route=\/wp\/v2\/pages"}],"about":[{"href":"https:\/\/handbuch.sdigroup.de\/ctx6\/index.php?rest_route=\/wp\/v2\/types\/page"}],"author":[{"embeddable":true,"href":"https:\/\/handbuch.sdigroup.de\/ctx6\/index.php?rest_route=\/wp\/v2\/users\/5"}],"replies":[{"embeddable":true,"href":"https:\/\/handbuch.sdigroup.de\/ctx6\/index.php?rest_route=%2Fwp%2Fv2%2Fcomments&post=393"}],"version-history":[{"count":3,"href":"https:\/\/handbuch.sdigroup.de\/ctx6\/index.php?rest_route=\/wp\/v2\/pages\/393\/revisions"}],"predecessor-version":[{"id":2026,"href":"https:\/\/handbuch.sdigroup.de\/ctx6\/index.php?rest_route=\/wp\/v2\/pages\/393\/revisions\/2026"}],"up":[{"embeddable":true,"href":"https:\/\/handbuch.sdigroup.de\/ctx6\/index.php?rest_route=\/wp\/v2\/pages\/24"}],"wp:attachment":[{"href":"https:\/\/handbuch.sdigroup.de\/ctx6\/index.php?rest_route=%2Fwp%2Fv2%2Fmedia&parent=393"}],"curies":[{"name":"wp","href":"https:\/\/api.w.org\/{rel}","templated":true}]}}