{"id":389,"date":"2016-07-01T17:31:17","date_gmt":"2016-07-01T15:31:17","guid":{"rendered":"http:\/\/handbuch.sdigroup.de\/ctx\/?page_id=389"},"modified":"2023-08-09T11:33:45","modified_gmt":"2023-08-09T09:33:45","slug":"zugangsliste","status":"publish","type":"page","link":"https:\/\/handbuch.sdigroup.de\/ctx6\/?page_id=389","title":{"rendered":"Zugangsliste"},"content":{"rendered":"<p>Sollten Sie die Zugangsliste der Wareneingang f\u00fcr das entsprechende Datum oder die entsprechende Lieferschein Nummer ausdrucken, k\u00f6nnen Sie folgende schritte w\u00e4hlen :<\/p>\n<p><span style=\"background-color: #808080; color: #ffffff;\">Schritt 1<\/span><\/p>\n<p><span lang=\"DE\">Gehen Sie \u00fcber die Hauptnavigation auf\u00a0<strong>\u201eLager\u00a0 &#8211; Protokoll\u201c.<\/strong><\/span><\/p>\n<p><span style=\"background-color: #808080; color: #ffffff;\">Schritt 2<\/span><\/p>\n<p>Bet\u00e4tigen Sie<b> &#8222;Suchen&#8220; <\/b>oder Schaltfl\u00e4che <b>&#8222;F8&#8220;<\/b><\/p>\n<p><span style=\"background-color: #808080; color: #ffffff;\">Schritt 3<\/span><\/p>\n<p><span lang=\"DE\">In der\u00a0<strong>Menuzeile\u00a0<\/strong>auf<strong>\u00a0\u201eListe\u201c<\/strong>\u00a0klicken um sich das Suchergebnis anzeigen zu lassen.<\/span><\/p>\n<p><span style=\"background-color: #808080; color: #ffffff;\">Schritt 4<\/span><\/p>\n<p><span lang=\"DE\">Hier finden Sie dann einen Men\u00fcpunkt\u00a0<strong>Drucken<\/strong>.\u00a0<\/span><\/p>\n<p><span style=\"background-color: #808080; color: #ffffff;\">Schritt 5<\/span><\/p>\n<p><span lang=\"DE\">\u00a0Unter Listen dann <strong>\u201eZugangsliste&#8220;<\/strong> w\u00e4hlen.<\/span><\/p>\n<p><em>(<strong>&#8222;Zugangsliste&#8220;<\/strong> wird gedruckt)<\/em><\/p>\n<p><strong><em>Hinweis:<\/em><\/strong><\/p>\n<p><em>Wenn Sie eine Vorschau vom Druck sehen m\u00f6chten, klicken Sie vor dem Drucken oben in der Men\u00fczeile\u00a0<b>Start<\/b>\u00a0und w\u00e4hlen Sie dort die\u00a0<strong>Seitenansicht\u00a0<\/strong>aus. Wenn dann gedruckt wird, \u00f6ffnet sich vorher eine Seitenansicht in der Sie zus\u00e4tzlich den Drucker auf dem gedruckt werden soll, w\u00e4hlen k\u00f6nnen.<\/em><\/p>\n","protected":false},"excerpt":{"rendered":"<p>Sollten Sie die Zugangsliste der Wareneingang f\u00fcr das entsprechende Datum oder die entsprechende Lieferschein Nummer ausdrucken, k\u00f6nnen Sie folgende schritte w\u00e4hlen : Schritt 1 Gehen Sie \u00fcber die Hauptnavigation auf\u00a0\u201eLager\u00a0 &#8211; Protokoll\u201c. Schritt 2 Bet\u00e4tigen Sie &#8222;Suchen&#8220; oder Schaltfl\u00e4che &#8222;F8&#8220; Schritt 3 In der\u00a0Menuzeile\u00a0auf\u00a0\u201eListe\u201c\u00a0klicken um sich das Suchergebnis anzeigen zu lassen. Schritt 4 Hier finden [&hellip;]<\/p>\n","protected":false},"author":5,"featured_media":0,"parent":24,"menu_order":0,"comment_status":"closed","ping_status":"closed","template":"","meta":{"footnotes":""},"class_list":["post-389","page","type-page","status-publish","hentry"],"_links":{"self":[{"href":"https:\/\/handbuch.sdigroup.de\/ctx6\/index.php?rest_route=\/wp\/v2\/pages\/389","targetHints":{"allow":["GET"]}}],"collection":[{"href":"https:\/\/handbuch.sdigroup.de\/ctx6\/index.php?rest_route=\/wp\/v2\/pages"}],"about":[{"href":"https:\/\/handbuch.sdigroup.de\/ctx6\/index.php?rest_route=\/wp\/v2\/types\/page"}],"author":[{"embeddable":true,"href":"https:\/\/handbuch.sdigroup.de\/ctx6\/index.php?rest_route=\/wp\/v2\/users\/5"}],"replies":[{"embeddable":true,"href":"https:\/\/handbuch.sdigroup.de\/ctx6\/index.php?rest_route=%2Fwp%2Fv2%2Fcomments&post=389"}],"version-history":[{"count":2,"href":"https:\/\/handbuch.sdigroup.de\/ctx6\/index.php?rest_route=\/wp\/v2\/pages\/389\/revisions"}],"predecessor-version":[{"id":1792,"href":"https:\/\/handbuch.sdigroup.de\/ctx6\/index.php?rest_route=\/wp\/v2\/pages\/389\/revisions\/1792"}],"up":[{"embeddable":true,"href":"https:\/\/handbuch.sdigroup.de\/ctx6\/index.php?rest_route=\/wp\/v2\/pages\/24"}],"wp:attachment":[{"href":"https:\/\/handbuch.sdigroup.de\/ctx6\/index.php?rest_route=%2Fwp%2Fv2%2Fmedia&parent=389"}],"curies":[{"name":"wp","href":"https:\/\/api.w.org\/{rel}","templated":true}]}}