{"id":387,"date":"2016-07-01T17:31:04","date_gmt":"2016-07-01T15:31:04","guid":{"rendered":"http:\/\/handbuch.sdigroup.de\/ctx\/?page_id=387"},"modified":"2023-08-09T11:36:18","modified_gmt":"2023-08-09T09:36:18","slug":"gesamt-zugang","status":"publish","type":"page","link":"https:\/\/handbuch.sdigroup.de\/ctx6\/?page_id=387","title":{"rendered":"Gesamt Zugang"},"content":{"rendered":"<p>Gesamte Zugang (Wareneingang) bis heute<\/p>\n<p>W\u00e4hlen Sie folgende Schritte:<\/p>\n<p><span style=\"background-color: #808080; color: #ffffff;\">Schritt 1<\/span><\/p>\n<p><span lang=\"DE\">Gehen Sie \u00fcber die Hauptnavigation auf\u00a0<strong>\u201eLager \/ Artikel\u201c.<\/strong><\/span><\/p>\n<p><span style=\"background-color: #808080; color: #ffffff;\">Schritt 2<\/span><\/p>\n<p>Bet\u00e4tigen Sie<b>\u00a0\u201eSuchen\u201c\u00a0<\/b>oder Schaltfl\u00e4che\u00a0<b>\u201eF8\u201c<\/b><\/p>\n<p><span style=\"background-color: #808080; color: #ffffff;\">Schritt 3<\/span><\/p>\n<p><span lang=\"DE\">In der\u00a0<strong>Menuzeile\u00a0<\/strong>auf<strong>\u00a0\u201eListe\u201c<\/strong>\u00a0klicken um sich das Suchergebnis anzeigen zu lassen.<\/span><\/p>\n<p><span style=\"background-color: #808080; color: #ffffff;\">Schritt 4<\/span><\/p>\n<p><span lang=\"DE\">Hier finden Sie dann einen Men\u00fcpunkt\u00a0<strong>Drucken<\/strong>.\u00a0<\/span><\/p>\n<p><span style=\"background-color: #808080; color: #ffffff;\">Schritt 5<\/span><\/p>\n<p><span lang=\"DE\">\u00a0Unter Listen dann\u00a0<strong>\u201eZugangsliste\u201c<\/strong>\u00a0w\u00e4hlen.<\/span><\/p>\n<p><em>(<strong>\u201eZugangsliste\u201c<\/strong> wird gedruckt)<\/em><\/p>\n<p><strong><em>Hinweis:<\/em><\/strong><\/p>\n<p><em>Wenn Sie eine Vorschau vom Druck sehen m\u00f6chten, klicken Sie vor dem Drucken oben in der Men\u00fczeile\u00a0<b>Start<\/b>\u00a0und w\u00e4hlen Sie dort die\u00a0<strong>Seitenansicht\u00a0<\/strong>aus. Wenn dann gedruckt wird, \u00f6ffnet sich vorher eine Seitenansicht in der Sie zus\u00e4tzlich den Drucker auf dem gedruckt werden soll, w\u00e4hlen k\u00f6nnen.<\/em><\/p>\n","protected":false},"excerpt":{"rendered":"<p>Gesamte Zugang (Wareneingang) bis heute W\u00e4hlen Sie folgende Schritte: Schritt 1 Gehen Sie \u00fcber die Hauptnavigation auf\u00a0\u201eLager \/ Artikel\u201c. Schritt 2 Bet\u00e4tigen Sie\u00a0\u201eSuchen\u201c\u00a0oder Schaltfl\u00e4che\u00a0\u201eF8\u201c Schritt 3 In der\u00a0Menuzeile\u00a0auf\u00a0\u201eListe\u201c\u00a0klicken um sich das Suchergebnis anzeigen zu lassen. Schritt 4 Hier finden Sie dann einen Men\u00fcpunkt\u00a0Drucken.\u00a0 Schritt 5 \u00a0Unter Listen dann\u00a0\u201eZugangsliste\u201c\u00a0w\u00e4hlen. (\u201eZugangsliste\u201c wird gedruckt) Hinweis: Wenn Sie eine [&hellip;]<\/p>\n","protected":false},"author":5,"featured_media":0,"parent":24,"menu_order":0,"comment_status":"closed","ping_status":"closed","template":"","meta":{"footnotes":""},"class_list":["post-387","page","type-page","status-publish","hentry"],"_links":{"self":[{"href":"https:\/\/handbuch.sdigroup.de\/ctx6\/index.php?rest_route=\/wp\/v2\/pages\/387","targetHints":{"allow":["GET"]}}],"collection":[{"href":"https:\/\/handbuch.sdigroup.de\/ctx6\/index.php?rest_route=\/wp\/v2\/pages"}],"about":[{"href":"https:\/\/handbuch.sdigroup.de\/ctx6\/index.php?rest_route=\/wp\/v2\/types\/page"}],"author":[{"embeddable":true,"href":"https:\/\/handbuch.sdigroup.de\/ctx6\/index.php?rest_route=\/wp\/v2\/users\/5"}],"replies":[{"embeddable":true,"href":"https:\/\/handbuch.sdigroup.de\/ctx6\/index.php?rest_route=%2Fwp%2Fv2%2Fcomments&post=387"}],"version-history":[{"count":2,"href":"https:\/\/handbuch.sdigroup.de\/ctx6\/index.php?rest_route=\/wp\/v2\/pages\/387\/revisions"}],"predecessor-version":[{"id":1794,"href":"https:\/\/handbuch.sdigroup.de\/ctx6\/index.php?rest_route=\/wp\/v2\/pages\/387\/revisions\/1794"}],"up":[{"embeddable":true,"href":"https:\/\/handbuch.sdigroup.de\/ctx6\/index.php?rest_route=\/wp\/v2\/pages\/24"}],"wp:attachment":[{"href":"https:\/\/handbuch.sdigroup.de\/ctx6\/index.php?rest_route=%2Fwp%2Fv2%2Fmedia&parent=387"}],"curies":[{"name":"wp","href":"https:\/\/api.w.org\/{rel}","templated":true}]}}