{"id":385,"date":"2016-07-01T17:30:48","date_gmt":"2016-07-01T15:30:48","guid":{"rendered":"http:\/\/handbuch.sdigroup.de\/ctx\/?page_id=385"},"modified":"2023-08-09T11:33:58","modified_gmt":"2023-08-09T09:33:58","slug":"inventarliste","status":"publish","type":"page","link":"https:\/\/handbuch.sdigroup.de\/ctx6\/?page_id=385","title":{"rendered":"Inventurliste"},"content":{"rendered":"<p>Abg\u00e4nge &amp; Zug\u00e4nge je Gr\u00f6\u00dfe<\/p>\n<p><span style=\"background-color: #808080; color: #ffffff;\">Schritt 1<\/span><\/p>\n<p><span lang=\"DE\">Gehen Sie \u00fcber die Hauptnavigation auf\u00a0<strong>\u201eLager \/ Artikel\u201c\u00a0<\/strong>oder dr\u00fccken Sie Schaltfl\u00e4che<strong>\u00a0\u201eF7\u201c<\/strong><\/span><\/p>\n<p><span style=\"background-color: #808080; color: #ffffff;\">Schritt 2<\/span><\/p>\n<p><strong>\u201eSuchen\u201c<\/strong>\u00a0Sie Ihren Artikel<\/p>\n<p><span style=\"background-color: #808080; color: #ffffff;\">Schritt 3<\/span><\/p>\n<p><span lang=\"DE\">In der\u00a0<strong>Menuzeile\u00a0<\/strong>auf<strong>\u00a0\u201eListe\u201c<\/strong>\u00a0klicken um sich das Suchergebnis anzeigen zu lassen.<\/span><\/p>\n<p><span style=\"background-color: #808080; color: #ffffff;\">Schritt 4<\/span><\/p>\n<p><span lang=\"DE\">Hier finden Sie dann einen Men\u00fcpunkt\u00a0<strong>Drucken<\/strong>.\u00a0<\/span><\/p>\n<p><span style=\"background-color: #808080; color: #ffffff;\">Schritt 5<\/span><\/p>\n<p><span lang=\"DE\">\u00a0Unter Listen dann \u201e<strong>St\u00fcckliste \/ Lagerstatistik \u201e<\/strong>\u00a0w\u00e4hlen.<\/span><\/p>\n<p><em>(\u201eSt\u00fcckliste \/ Lagerstatistik\u201c wird gedruckt)<\/em><\/p>\n<p><strong><em>Hinweis:<\/em><\/strong><\/p>\n<p><em>Wenn Sie eine Vorschau vom Druck sehen m\u00f6chten, klicken Sie vor dem Drucken oben in der Men\u00fczeile\u00a0<b>Start<\/b>\u00a0und w\u00e4hlen Sie dort die\u00a0<strong>Seitenansicht\u00a0<\/strong>aus. Wenn dann gedruckt wird, \u00f6ffnet sich vorher eine Seitenansicht in der Sie zus\u00e4tzlich den Drucker auf dem gedruckt werden soll, w\u00e4hlen k\u00f6nnen.<\/em><\/p>\n","protected":false},"excerpt":{"rendered":"<p>Abg\u00e4nge &amp; Zug\u00e4nge je Gr\u00f6\u00dfe Schritt 1 Gehen Sie \u00fcber die Hauptnavigation auf\u00a0\u201eLager \/ Artikel\u201c\u00a0oder dr\u00fccken Sie Schaltfl\u00e4che\u00a0\u201eF7\u201c Schritt 2 \u201eSuchen\u201c\u00a0Sie Ihren Artikel Schritt 3 In der\u00a0Menuzeile\u00a0auf\u00a0\u201eListe\u201c\u00a0klicken um sich das Suchergebnis anzeigen zu lassen. Schritt 4 Hier finden Sie dann einen Men\u00fcpunkt\u00a0Drucken.\u00a0 Schritt 5 \u00a0Unter Listen dann \u201eSt\u00fcckliste \/ Lagerstatistik \u201e\u00a0w\u00e4hlen. (\u201eSt\u00fcckliste \/ Lagerstatistik\u201c wird [&hellip;]<\/p>\n","protected":false},"author":5,"featured_media":0,"parent":24,"menu_order":0,"comment_status":"closed","ping_status":"closed","template":"","meta":{"footnotes":""},"class_list":["post-385","page","type-page","status-publish","hentry"],"_links":{"self":[{"href":"https:\/\/handbuch.sdigroup.de\/ctx6\/index.php?rest_route=\/wp\/v2\/pages\/385","targetHints":{"allow":["GET"]}}],"collection":[{"href":"https:\/\/handbuch.sdigroup.de\/ctx6\/index.php?rest_route=\/wp\/v2\/pages"}],"about":[{"href":"https:\/\/handbuch.sdigroup.de\/ctx6\/index.php?rest_route=\/wp\/v2\/types\/page"}],"author":[{"embeddable":true,"href":"https:\/\/handbuch.sdigroup.de\/ctx6\/index.php?rest_route=\/wp\/v2\/users\/5"}],"replies":[{"embeddable":true,"href":"https:\/\/handbuch.sdigroup.de\/ctx6\/index.php?rest_route=%2Fwp%2Fv2%2Fcomments&post=385"}],"version-history":[{"count":2,"href":"https:\/\/handbuch.sdigroup.de\/ctx6\/index.php?rest_route=\/wp\/v2\/pages\/385\/revisions"}],"predecessor-version":[{"id":1790,"href":"https:\/\/handbuch.sdigroup.de\/ctx6\/index.php?rest_route=\/wp\/v2\/pages\/385\/revisions\/1790"}],"up":[{"embeddable":true,"href":"https:\/\/handbuch.sdigroup.de\/ctx6\/index.php?rest_route=\/wp\/v2\/pages\/24"}],"wp:attachment":[{"href":"https:\/\/handbuch.sdigroup.de\/ctx6\/index.php?rest_route=%2Fwp%2Fv2%2Fmedia&parent=385"}],"curies":[{"name":"wp","href":"https:\/\/api.w.org\/{rel}","templated":true}]}}