{"id":381,"date":"2016-07-01T17:30:17","date_gmt":"2016-07-01T15:30:17","guid":{"rendered":"http:\/\/handbuch.sdigroup.de\/ctx\/?page_id=381"},"modified":"2023-08-09T11:54:24","modified_gmt":"2023-08-09T09:54:24","slug":"bestandsliste","status":"publish","type":"page","link":"https:\/\/handbuch.sdigroup.de\/ctx6\/?page_id=381","title":{"rendered":"Bestandsliste"},"content":{"rendered":"<p>Die Bestandsliste kann gedruckt werden, dazu k\u00f6nnen Sie wie gefolgt vorgehen:<\/p>\n<p><span style=\"background-color: #999999; color: #ffffff;\">Schritt 1<\/span><\/p>\n<p>F\u00fcr die Ausgabe der Bestandsliste gehen Sie zuerst ins Hauptmen\u00fc, jetzt k\u00f6nnen Sie mit der Taste \u201e<strong>F7<\/strong>&#8220; oder \u201e<strong>Artikelstamm<\/strong>&#8220; bet\u00e4tigen\/ausw\u00e4hlen.<\/p>\n<p><span style=\"background-color: #999999; color: #ffffff;\">Schritt 2<\/span><\/p>\n<p>Als n\u00e4chstes suchen Sie ihren Artikel aus und bet\u00e4tigen &#8222;<strong>Suchen<\/strong>&#8220; oder\u00a0 Schaltfl\u00e4che <strong>&#8222;F8&#8220;<\/strong>.<\/p>\n<p><img loading=\"lazy\" decoding=\"async\" class=\"alignnone wp-image-1512 size-full\" src=\"https:\/\/handbuch.sdigroup.de\/ctx6\/wp-content\/uploads\/Suchen.png\" alt=\"\" width=\"53\" height=\"90\" \/><\/p>\n<p><span style=\"background-color: #999999; color: #ffffff;\">Schritt 3<\/span><\/p>\n<p>Als n\u00e4chstes w\u00e4hlen Sie in den Pulldown-Men\u00fcs \u201e<b>Liste<\/b>&#8220; aus.<\/p>\n<p><span style=\"background-color: #999999; color: #ffffff;\">Schritt 4<\/span><\/p>\n<p>Jetzt m\u00fcsste ein neues Men\u00fc gekommen sein und da in der \u201e<strong>Men\u00fcleiste<\/strong>&#8220; gehen Sie auf die Option <strong>&#8222;Drucken&#8220;<\/strong> und danach dr\u00fccken sie bei <strong>Listen <\/strong>auf <strong>&#8222;Bestandsliste&#8220;<\/strong>. Zum Schluss sollte auch die Bestandsliste gedruckt werden.<\/p>\n<p><img loading=\"lazy\" decoding=\"async\" class=\"alignnone wp-image-1504 size-full\" src=\"https:\/\/handbuch.sdigroup.de\/ctx6\/wp-content\/uploads\/Unbenannt-3.png\" alt=\"\" width=\"1349\" height=\"560\" srcset=\"https:\/\/handbuch.sdigroup.de\/ctx6\/wp-content\/uploads\/Unbenannt-3.png 1349w, https:\/\/handbuch.sdigroup.de\/ctx6\/wp-content\/uploads\/Unbenannt-3-300x125.png 300w, https:\/\/handbuch.sdigroup.de\/ctx6\/wp-content\/uploads\/Unbenannt-3-1024x425.png 1024w\" sizes=\"auto, (max-width: 1349px) 100vw, 1349px\" \/><\/p>\n<p><i>(Bestandsliste wird gedruckt)<\/i><\/p>\n","protected":false},"excerpt":{"rendered":"<p>Die Bestandsliste kann gedruckt werden, dazu k\u00f6nnen Sie wie gefolgt vorgehen: Schritt 1 F\u00fcr die Ausgabe der Bestandsliste gehen Sie zuerst ins Hauptmen\u00fc, jetzt k\u00f6nnen Sie mit der Taste \u201eF7&#8220; oder \u201eArtikelstamm&#8220; bet\u00e4tigen\/ausw\u00e4hlen. Schritt 2 Als n\u00e4chstes suchen Sie ihren Artikel aus und bet\u00e4tigen &#8222;Suchen&#8220; oder\u00a0 Schaltfl\u00e4che &#8222;F8&#8220;. Schritt 3 Als n\u00e4chstes w\u00e4hlen Sie in [&hellip;]<\/p>\n","protected":false},"author":5,"featured_media":0,"parent":508,"menu_order":0,"comment_status":"closed","ping_status":"closed","template":"","meta":{"footnotes":""},"class_list":["post-381","page","type-page","status-publish","hentry"],"_links":{"self":[{"href":"https:\/\/handbuch.sdigroup.de\/ctx6\/index.php?rest_route=\/wp\/v2\/pages\/381","targetHints":{"allow":["GET"]}}],"collection":[{"href":"https:\/\/handbuch.sdigroup.de\/ctx6\/index.php?rest_route=\/wp\/v2\/pages"}],"about":[{"href":"https:\/\/handbuch.sdigroup.de\/ctx6\/index.php?rest_route=\/wp\/v2\/types\/page"}],"author":[{"embeddable":true,"href":"https:\/\/handbuch.sdigroup.de\/ctx6\/index.php?rest_route=\/wp\/v2\/users\/5"}],"replies":[{"embeddable":true,"href":"https:\/\/handbuch.sdigroup.de\/ctx6\/index.php?rest_route=%2Fwp%2Fv2%2Fcomments&post=381"}],"version-history":[{"count":5,"href":"https:\/\/handbuch.sdigroup.de\/ctx6\/index.php?rest_route=\/wp\/v2\/pages\/381\/revisions"}],"predecessor-version":[{"id":1731,"href":"https:\/\/handbuch.sdigroup.de\/ctx6\/index.php?rest_route=\/wp\/v2\/pages\/381\/revisions\/1731"}],"up":[{"embeddable":true,"href":"https:\/\/handbuch.sdigroup.de\/ctx6\/index.php?rest_route=\/wp\/v2\/pages\/508"}],"wp:attachment":[{"href":"https:\/\/handbuch.sdigroup.de\/ctx6\/index.php?rest_route=%2Fwp%2Fv2%2Fmedia&parent=381"}],"curies":[{"name":"wp","href":"https:\/\/api.w.org\/{rel}","templated":true}]}}