{"id":379,"date":"2016-07-01T17:29:02","date_gmt":"2016-07-01T15:29:02","guid":{"rendered":"http:\/\/handbuch.sdigroup.de\/ctx\/?page_id=379"},"modified":"2023-08-09T11:28:16","modified_gmt":"2023-08-09T09:28:16","slug":"lagerliste","status":"publish","type":"page","link":"https:\/\/handbuch.sdigroup.de\/ctx6\/?page_id=379","title":{"rendered":"Lagerliste"},"content":{"rendered":"<p>W\u00e4hlen Sie folgende Schritte<\/p>\n<p><span style=\"background-color: #808080; color: #ffffff;\">Schritt 1<\/span><\/p>\n<p>Klicken Sie im Hauptmen\u00fc auf <strong>&#8222;<\/strong><strong>Artikelstamm&#8220; <\/strong>oder auf der Schalfl\u00e4che <strong>&#8222;F7&#8220;<\/strong><\/p>\n<p><span style=\"background-color: #808080; color: #ffffff;\">Schritt 2<\/span><\/p>\n<p>Bet\u00e4tigen Sie <strong>&#8222;Suchen &#8211; F8&#8220;<\/strong><\/p>\n<p><span style=\"background-color: #808080; color: #ffffff;\">Schritt 3<\/span><\/p>\n<p>Gehen sie oben in der Men\u00fczeile auf <strong>&#8222;Liste&#8220;.<\/strong><\/p>\n<p><span style=\"background-color: #808080; color: #ffffff;\">Schritt 4<\/span><\/p>\n<p>In dem Tabellenmen\u00fc <b>Drucken<\/b> w\u00e4hlen<\/p>\n<p><span style=\"color: #ffffff; background-color: #808080;\">Schritt 5<\/span><\/p>\n<p>Unter <strong>Listen<\/strong>, dr\u00fccken sie auf<b>\u00a0 &#8222;Liste&#8220; <\/b>oder bet\u00e4tigen <strong>&#8222;<\/strong><b>F4&#8243;<\/b><\/p>\n<p><i>(Lagerliste wird als Tabelle gedruckt)<\/i><\/p>\n","protected":false},"excerpt":{"rendered":"<p>W\u00e4hlen Sie folgende Schritte Schritt 1 Klicken Sie im Hauptmen\u00fc auf &#8222;Artikelstamm&#8220; oder auf der Schalfl\u00e4che &#8222;F7&#8220; Schritt 2 Bet\u00e4tigen Sie &#8222;Suchen &#8211; F8&#8220; Schritt 3 Gehen sie oben in der Men\u00fczeile auf &#8222;Liste&#8220;. Schritt 4 In dem Tabellenmen\u00fc Drucken w\u00e4hlen Schritt 5 Unter Listen, dr\u00fccken sie auf\u00a0 &#8222;Liste&#8220; oder bet\u00e4tigen &#8222;F4&#8243; (Lagerliste wird als [&hellip;]<\/p>\n","protected":false},"author":5,"featured_media":0,"parent":24,"menu_order":0,"comment_status":"closed","ping_status":"closed","template":"","meta":{"footnotes":""},"class_list":["post-379","page","type-page","status-publish","hentry"],"_links":{"self":[{"href":"https:\/\/handbuch.sdigroup.de\/ctx6\/index.php?rest_route=\/wp\/v2\/pages\/379","targetHints":{"allow":["GET"]}}],"collection":[{"href":"https:\/\/handbuch.sdigroup.de\/ctx6\/index.php?rest_route=\/wp\/v2\/pages"}],"about":[{"href":"https:\/\/handbuch.sdigroup.de\/ctx6\/index.php?rest_route=\/wp\/v2\/types\/page"}],"author":[{"embeddable":true,"href":"https:\/\/handbuch.sdigroup.de\/ctx6\/index.php?rest_route=\/wp\/v2\/users\/5"}],"replies":[{"embeddable":true,"href":"https:\/\/handbuch.sdigroup.de\/ctx6\/index.php?rest_route=%2Fwp%2Fv2%2Fcomments&post=379"}],"version-history":[{"count":2,"href":"https:\/\/handbuch.sdigroup.de\/ctx6\/index.php?rest_route=\/wp\/v2\/pages\/379\/revisions"}],"predecessor-version":[{"id":1778,"href":"https:\/\/handbuch.sdigroup.de\/ctx6\/index.php?rest_route=\/wp\/v2\/pages\/379\/revisions\/1778"}],"up":[{"embeddable":true,"href":"https:\/\/handbuch.sdigroup.de\/ctx6\/index.php?rest_route=\/wp\/v2\/pages\/24"}],"wp:attachment":[{"href":"https:\/\/handbuch.sdigroup.de\/ctx6\/index.php?rest_route=%2Fwp%2Fv2%2Fmedia&parent=379"}],"curies":[{"name":"wp","href":"https:\/\/api.w.org\/{rel}","templated":true}]}}