{"id":375,"date":"2016-07-01T17:25:27","date_gmt":"2016-07-01T15:25:27","guid":{"rendered":"http:\/\/handbuch.sdigroup.de\/ctx\/?page_id=375"},"modified":"2023-08-09T11:32:19","modified_gmt":"2023-08-09T09:32:19","slug":"lieferantenliste","status":"publish","type":"page","link":"https:\/\/handbuch.sdigroup.de\/ctx6\/?page_id=375","title":{"rendered":"Lieferantenliste"},"content":{"rendered":"<p>W\u00e4hlen Sie folgende Schritte<\/p>\n<p><span style=\"background-color: #808080; color: #ffffff;\">Schritt 1<\/span><\/p>\n<p>Gehen Sie \u00fcber die Hautnavigation zu<strong> &#8222;Lieferanten&#8220;<\/strong><\/p>\n<p><span style=\"background-color: #808080; color: #ffffff;\">Schritt 2<\/span><\/p>\n<p>Bet\u00e4tigen Sie &#8222;<strong>Suchen&#8220;\u00a0<\/strong>oder dr\u00fccken Sie auf der Schaltfl\u00e4che <strong>&#8222;F8&#8220;.<\/strong><\/p>\n<p><span style=\"background-color: #808080; color: #ffffff;\">Schritt 3<\/span><\/p>\n<p>In der Men\u00fczeile w\u00e4hlen Sie Start und gehen auf <strong>&#8222;Liste&#8220;.<\/strong><\/p>\n<p><span style=\"background-color: #808080; color: #ffffff;\">Schritt 4<\/span><\/p>\n<p>In dem Tabellenmen\u00fc <b>Drucken<\/b> w\u00e4hlen.<\/p>\n<p><span style=\"background-color: #808080; color: #ffffff;\">Schritt 5<\/span><\/p>\n<p>Auf <strong>Liste<\/strong> klicken.<\/p>\n<p><i>(Lieferantenliste wird gedruckt)<\/i><\/p>\n","protected":false},"excerpt":{"rendered":"<p>W\u00e4hlen Sie folgende Schritte Schritt 1 Gehen Sie \u00fcber die Hautnavigation zu &#8222;Lieferanten&#8220; Schritt 2 Bet\u00e4tigen Sie &#8222;Suchen&#8220;\u00a0oder dr\u00fccken Sie auf der Schaltfl\u00e4che &#8222;F8&#8220;. Schritt 3 In der Men\u00fczeile w\u00e4hlen Sie Start und gehen auf &#8222;Liste&#8220;. Schritt 4 In dem Tabellenmen\u00fc Drucken w\u00e4hlen. Schritt 5 Auf Liste klicken. (Lieferantenliste wird gedruckt)<\/p>\n","protected":false},"author":5,"featured_media":0,"parent":24,"menu_order":0,"comment_status":"closed","ping_status":"closed","template":"","meta":{"footnotes":""},"class_list":["post-375","page","type-page","status-publish","hentry"],"_links":{"self":[{"href":"https:\/\/handbuch.sdigroup.de\/ctx6\/index.php?rest_route=\/wp\/v2\/pages\/375","targetHints":{"allow":["GET"]}}],"collection":[{"href":"https:\/\/handbuch.sdigroup.de\/ctx6\/index.php?rest_route=\/wp\/v2\/pages"}],"about":[{"href":"https:\/\/handbuch.sdigroup.de\/ctx6\/index.php?rest_route=\/wp\/v2\/types\/page"}],"author":[{"embeddable":true,"href":"https:\/\/handbuch.sdigroup.de\/ctx6\/index.php?rest_route=\/wp\/v2\/users\/5"}],"replies":[{"embeddable":true,"href":"https:\/\/handbuch.sdigroup.de\/ctx6\/index.php?rest_route=%2Fwp%2Fv2%2Fcomments&post=375"}],"version-history":[{"count":3,"href":"https:\/\/handbuch.sdigroup.de\/ctx6\/index.php?rest_route=\/wp\/v2\/pages\/375\/revisions"}],"predecessor-version":[{"id":2020,"href":"https:\/\/handbuch.sdigroup.de\/ctx6\/index.php?rest_route=\/wp\/v2\/pages\/375\/revisions\/2020"}],"up":[{"embeddable":true,"href":"https:\/\/handbuch.sdigroup.de\/ctx6\/index.php?rest_route=\/wp\/v2\/pages\/24"}],"wp:attachment":[{"href":"https:\/\/handbuch.sdigroup.de\/ctx6\/index.php?rest_route=%2Fwp%2Fv2%2Fmedia&parent=375"}],"curies":[{"name":"wp","href":"https:\/\/api.w.org\/{rel}","templated":true}]}}