{"id":36,"date":"2016-02-23T15:45:17","date_gmt":"2016-02-23T14:45:17","guid":{"rendered":"http:\/\/handbuch.sdigroup.de\/ctx\/?page_id=36"},"modified":"2023-08-09T10:30:05","modified_gmt":"2023-08-09T08:30:05","slug":"adressliste","status":"publish","type":"page","link":"https:\/\/handbuch.sdigroup.de\/ctx6\/?page_id=36","title":{"rendered":"Adressliste"},"content":{"rendered":"<p>W\u00e4hlen Sie folgende Schritte<\/p>\n<p><span style=\"background-color: #808080; color: #ffffff;\">Schritt 1<\/span><\/p>\n<p>W\u00e4hlen sie unter Hauptmen\u00fc <strong>&#8222;Kundenstamm&#8220;<\/strong> aus oder links in der Hauptnavigation <strong>&#8222;Kunden&#8220;<\/strong><\/p>\n<p><span style=\"background-color: #808080; color: #ffffff;\">Schritt 2<\/span><\/p>\n<p>Sie suchen anhand Kunden Kriterien den Kunden.<strong> &#8222;Suchen &#8211; F8&#8220;<\/strong><\/p>\n<p><span style=\"background-color: #808080; color: #ffffff;\">Schritt 3<\/span><\/p>\n<p>Sie gehen oben in der <strong>Men\u00fcleiste<\/strong> auf <strong>&#8222;Liste&#8220;<\/strong><\/p>\n<p>Frage mit <strong>&#8222;NEIN&#8220;<\/strong> beantworten<\/p>\n<p><span style=\"background-color: #808080; color: #ffffff;\">Schritt 4<\/span><\/p>\n<p>In dem Tabellenmen\u00fc <b>Drucken<\/b> w\u00e4hlen<\/p>\n<p><span style=\"background-color: #808080; color: #ffffff;\">Schritt 5<\/span><\/p>\n<p>Unter <strong>Ettikettendruck<\/strong> entweder <b>Adressetikett Format 1<\/b> oder <b>Format 2<\/b> ausw\u00e4hlen<\/p>\n<p><i>(Adressetiketten werden gedruckt)<\/i><\/p>\n","protected":false},"excerpt":{"rendered":"<p>W\u00e4hlen Sie folgende Schritte Schritt 1 W\u00e4hlen sie unter Hauptmen\u00fc &#8222;Kundenstamm&#8220; aus oder links in der Hauptnavigation &#8222;Kunden&#8220; Schritt 2 Sie suchen anhand Kunden Kriterien den Kunden. &#8222;Suchen &#8211; F8&#8220; Schritt 3 Sie gehen oben in der Men\u00fcleiste auf &#8222;Liste&#8220; Frage mit &#8222;NEIN&#8220; beantworten Schritt 4 In dem Tabellenmen\u00fc Drucken w\u00e4hlen Schritt 5 Unter Ettikettendruck [&hellip;]<\/p>\n","protected":false},"author":3,"featured_media":0,"parent":26,"menu_order":0,"comment_status":"closed","ping_status":"closed","template":"","meta":{"footnotes":""},"class_list":["post-36","page","type-page","status-publish","hentry"],"_links":{"self":[{"href":"https:\/\/handbuch.sdigroup.de\/ctx6\/index.php?rest_route=\/wp\/v2\/pages\/36","targetHints":{"allow":["GET"]}}],"collection":[{"href":"https:\/\/handbuch.sdigroup.de\/ctx6\/index.php?rest_route=\/wp\/v2\/pages"}],"about":[{"href":"https:\/\/handbuch.sdigroup.de\/ctx6\/index.php?rest_route=\/wp\/v2\/types\/page"}],"author":[{"embeddable":true,"href":"https:\/\/handbuch.sdigroup.de\/ctx6\/index.php?rest_route=\/wp\/v2\/users\/3"}],"replies":[{"embeddable":true,"href":"https:\/\/handbuch.sdigroup.de\/ctx6\/index.php?rest_route=%2Fwp%2Fv2%2Fcomments&post=36"}],"version-history":[{"count":5,"href":"https:\/\/handbuch.sdigroup.de\/ctx6\/index.php?rest_route=\/wp\/v2\/pages\/36\/revisions"}],"predecessor-version":[{"id":1772,"href":"https:\/\/handbuch.sdigroup.de\/ctx6\/index.php?rest_route=\/wp\/v2\/pages\/36\/revisions\/1772"}],"up":[{"embeddable":true,"href":"https:\/\/handbuch.sdigroup.de\/ctx6\/index.php?rest_route=\/wp\/v2\/pages\/26"}],"wp:attachment":[{"href":"https:\/\/handbuch.sdigroup.de\/ctx6\/index.php?rest_route=%2Fwp%2Fv2%2Fmedia&parent=36"}],"curies":[{"name":"wp","href":"https:\/\/api.w.org\/{rel}","templated":true}]}}