{"id":316,"date":"2016-07-01T15:10:34","date_gmt":"2016-07-01T13:10:34","guid":{"rendered":"http:\/\/handbuch.sdigroup.de\/ctx\/?page_id=316"},"modified":"2023-08-09T11:47:55","modified_gmt":"2023-08-09T09:47:55","slug":"kunde-moechte-mit-gutschein-bezahlen","status":"publish","type":"page","link":"https:\/\/handbuch.sdigroup.de\/ctx6\/?page_id=316","title":{"rendered":"Bezahlen"},"content":{"rendered":"<ol>\n<li style=\"list-style-type: none;\">\n<ol>\n<li><strong>&#8222;Kasse&#8220;\u00a0<\/strong>im Hauptmen\u00fc oder links in der Hauptnavigation ausw\u00e4hlen.<\/li>\n<li><strong>&#8222;Beleg&#8220;<\/strong> bei Reiter ausw\u00e4hlen<\/li>\n<li>Beim Bedarf, Kunden aus dem Men\u00fc w\u00e4hlen<\/li>\n<li>Artikel abscannen oder manuell eingeben.<\/li>\n<li>Rechts ins graue Fend klicken.<\/li>\n<li><strong>&#8222;Guthaben&#8220;<\/strong> w\u00e4hlen oder scannen.<\/li>\n<li><img loading=\"lazy\" decoding=\"async\" class=\"alignnone size-full wp-image-1535\" src=\"https:\/\/handbuch.sdigroup.de\/ctx6\/wp-content\/uploads\/Guthaben.png\" alt=\"\" width=\"241\" height=\"225\" \/><\/li>\n<li>Gutscheinnummer eingeben und Summe definieren.<\/li>\n<li><img decoding=\"async\" src=\"https:\/\/image.ibb.co\/dQRWDU\/Gutschein_erwerben_2.png\" \/><\/li>\n<li><strong>F4<\/strong> f\u00fcr &#8222;<strong>Zahlung\/Drucken&#8220;<\/strong> dr\u00fccken und Zahlungsmoralit\u00e4t kl\u00e4ren<\/li>\n<li><img loading=\"lazy\" decoding=\"async\" class=\"alignnone size-full wp-image-1536\" src=\"https:\/\/handbuch.sdigroup.de\/ctx6\/wp-content\/uploads\/Zahlung-1.png\" alt=\"\" width=\"541\" height=\"341\" srcset=\"https:\/\/handbuch.sdigroup.de\/ctx6\/wp-content\/uploads\/Zahlung-1.png 541w, https:\/\/handbuch.sdigroup.de\/ctx6\/wp-content\/uploads\/Zahlung-1-300x189.png 300w\" sizes=\"auto, (max-width: 541px) 100vw, 541px\" \/><\/li>\n<\/ol>\n<\/li>\n<\/ol>\n","protected":false},"excerpt":{"rendered":"<p>&#8222;Kasse&#8220;\u00a0im Hauptmen\u00fc oder links in der Hauptnavigation ausw\u00e4hlen. &#8222;Beleg&#8220; bei Reiter ausw\u00e4hlen Beim Bedarf, Kunden aus dem Men\u00fc w\u00e4hlen Artikel abscannen oder manuell eingeben. Rechts ins graue Fend klicken. &#8222;Guthaben&#8220; w\u00e4hlen oder scannen. Gutscheinnummer eingeben und Summe definieren. F4 f\u00fcr &#8222;Zahlung\/Drucken&#8220; dr\u00fccken und Zahlungsmoralit\u00e4t kl\u00e4ren<\/p>\n","protected":false},"author":5,"featured_media":0,"parent":2063,"menu_order":0,"comment_status":"closed","ping_status":"closed","template":"","meta":{"footnotes":""},"class_list":["post-316","page","type-page","status-publish","hentry"],"_links":{"self":[{"href":"https:\/\/handbuch.sdigroup.de\/ctx6\/index.php?rest_route=\/wp\/v2\/pages\/316","targetHints":{"allow":["GET"]}}],"collection":[{"href":"https:\/\/handbuch.sdigroup.de\/ctx6\/index.php?rest_route=\/wp\/v2\/pages"}],"about":[{"href":"https:\/\/handbuch.sdigroup.de\/ctx6\/index.php?rest_route=\/wp\/v2\/types\/page"}],"author":[{"embeddable":true,"href":"https:\/\/handbuch.sdigroup.de\/ctx6\/index.php?rest_route=\/wp\/v2\/users\/5"}],"replies":[{"embeddable":true,"href":"https:\/\/handbuch.sdigroup.de\/ctx6\/index.php?rest_route=%2Fwp%2Fv2%2Fcomments&post=316"}],"version-history":[{"count":6,"href":"https:\/\/handbuch.sdigroup.de\/ctx6\/index.php?rest_route=\/wp\/v2\/pages\/316\/revisions"}],"predecessor-version":[{"id":2088,"href":"https:\/\/handbuch.sdigroup.de\/ctx6\/index.php?rest_route=\/wp\/v2\/pages\/316\/revisions\/2088"}],"up":[{"embeddable":true,"href":"https:\/\/handbuch.sdigroup.de\/ctx6\/index.php?rest_route=\/wp\/v2\/pages\/2063"}],"wp:attachment":[{"href":"https:\/\/handbuch.sdigroup.de\/ctx6\/index.php?rest_route=%2Fwp%2Fv2%2Fmedia&parent=316"}],"curies":[{"name":"wp","href":"https:\/\/api.w.org\/{rel}","templated":true}]}}