{"id":314,"date":"2016-07-01T15:10:13","date_gmt":"2016-07-01T13:10:13","guid":{"rendered":"http:\/\/handbuch.sdigroup.de\/ctx\/?page_id=314"},"modified":"2023-08-09T11:45:58","modified_gmt":"2023-08-09T09:45:58","slug":"kunde-moechte-einen-gutschein-erwerben","status":"publish","type":"page","link":"https:\/\/handbuch.sdigroup.de\/ctx6\/?page_id=314","title":{"rendered":"Erwerben"},"content":{"rendered":"<ol>\n<li>Im Hauptmen\u00fc auf <strong>&#8222;Kasse&#8220; <\/strong>oder links in der Hauptnavigation auf <strong>&#8222;Kasse&#8220;.<\/strong><\/li>\n<li><strong>Beleg<\/strong> bei Reiter ausw\u00e4hlen<\/li>\n<li>Kunden aus dem Men\u00fc w\u00e4hlen\u00a0<strong>(optional)<\/strong><\/li>\n<li>Rechts in das leere graue Feld klicken.<\/li>\n<li><b>&#8222;Gutscheinkauf&#8220; <\/b>bet\u00e4tigen und Preis eingeben.<\/li>\n<li>Gutschein <strong>drucken<\/strong>. Bedingung: Gutschein muss im Lager angelegt sein.<\/li>\n<li><img loading=\"lazy\" decoding=\"async\" class=\"alignnone size-full wp-image-1525\" src=\"https:\/\/handbuch.sdigroup.de\/ctx6\/wp-content\/uploads\/Gutscheinkauf.png\" alt=\"\" width=\"241\" height=\"225\" \/><\/li>\n<li><strong>&#8222;F4&#8220;<\/strong> f\u00fcr <strong>Drucken<\/strong> dr\u00fccken und Zahlungsmoralit\u00e4t kl\u00e4ren<\/li>\n<\/ol>\n<p><img loading=\"lazy\" decoding=\"async\" class=\"alignnone size-full wp-image-1527\" src=\"https:\/\/handbuch.sdigroup.de\/ctx6\/wp-content\/uploads\/Gutschein-verkauf.png\" alt=\"\" width=\"325\" height=\"272\" srcset=\"https:\/\/handbuch.sdigroup.de\/ctx6\/wp-content\/uploads\/Gutschein-verkauf.png 325w, https:\/\/handbuch.sdigroup.de\/ctx6\/wp-content\/uploads\/Gutschein-verkauf-300x251.png 300w\" sizes=\"auto, (max-width: 325px) 100vw, 325px\" \/><\/p>\n","protected":false},"excerpt":{"rendered":"<p>Im Hauptmen\u00fc auf &#8222;Kasse&#8220; oder links in der Hauptnavigation auf &#8222;Kasse&#8220;. Beleg bei Reiter ausw\u00e4hlen Kunden aus dem Men\u00fc w\u00e4hlen\u00a0(optional) Rechts in das leere graue Feld klicken. &#8222;Gutscheinkauf&#8220; bet\u00e4tigen und Preis eingeben. Gutschein drucken. Bedingung: Gutschein muss im Lager angelegt sein. &#8222;F4&#8220; f\u00fcr Drucken dr\u00fccken und Zahlungsmoralit\u00e4t kl\u00e4ren<\/p>\n","protected":false},"author":5,"featured_media":0,"parent":2063,"menu_order":0,"comment_status":"closed","ping_status":"closed","template":"","meta":{"footnotes":""},"class_list":["post-314","page","type-page","status-publish","hentry"],"_links":{"self":[{"href":"https:\/\/handbuch.sdigroup.de\/ctx6\/index.php?rest_route=\/wp\/v2\/pages\/314","targetHints":{"allow":["GET"]}}],"collection":[{"href":"https:\/\/handbuch.sdigroup.de\/ctx6\/index.php?rest_route=\/wp\/v2\/pages"}],"about":[{"href":"https:\/\/handbuch.sdigroup.de\/ctx6\/index.php?rest_route=\/wp\/v2\/types\/page"}],"author":[{"embeddable":true,"href":"https:\/\/handbuch.sdigroup.de\/ctx6\/index.php?rest_route=\/wp\/v2\/users\/5"}],"replies":[{"embeddable":true,"href":"https:\/\/handbuch.sdigroup.de\/ctx6\/index.php?rest_route=%2Fwp%2Fv2%2Fcomments&post=314"}],"version-history":[{"count":10,"href":"https:\/\/handbuch.sdigroup.de\/ctx6\/index.php?rest_route=\/wp\/v2\/pages\/314\/revisions"}],"predecessor-version":[{"id":2086,"href":"https:\/\/handbuch.sdigroup.de\/ctx6\/index.php?rest_route=\/wp\/v2\/pages\/314\/revisions\/2086"}],"up":[{"embeddable":true,"href":"https:\/\/handbuch.sdigroup.de\/ctx6\/index.php?rest_route=\/wp\/v2\/pages\/2063"}],"wp:attachment":[{"href":"https:\/\/handbuch.sdigroup.de\/ctx6\/index.php?rest_route=%2Fwp%2Fv2%2Fmedia&parent=314"}],"curies":[{"name":"wp","href":"https:\/\/api.w.org\/{rel}","templated":true}]}}