{"id":310,"date":"2016-07-01T15:09:12","date_gmt":"2016-07-01T13:09:12","guid":{"rendered":"http:\/\/handbuch.sdigroup.de\/ctx\/?page_id=310"},"modified":"2023-08-09T11:39:29","modified_gmt":"2023-08-09T09:39:29","slug":"kunde-bringt-ware-zurueck","status":"publish","type":"page","link":"https:\/\/handbuch.sdigroup.de\/ctx6\/?page_id=310","title":{"rendered":"Kunde bringt Ware zur\u00fcck"},"content":{"rendered":"<div class=\"content\">\n<div class=\"layer\">\n<h5 class=\"ueberschrift2\" style=\"text-align: center;\"><strong>&#8230;ohne was mit zu nehmen.<\/strong><\/h5>\n<ol>\n<li>W\u00e4hlen Sie oben links den Reiter &#8222;<strong>Gutschrift&#8220;<\/strong> aus<\/li>\n<li>Kassieren Sie die Ware so ab als w\u00fcrden Sie eine Rechung schreiben.<\/li>\n<\/ol>\n<h5 class=\"ueberschrift2\" style=\"text-align: center;\"><strong>&#8230;und m\u00f6chte auch Geld zur\u00fcck.<\/strong><\/h5>\n<ol>\n<li>W\u00e4hlen Sie oben links den Reiter<strong> &#8222;Gutschrift&#8220;<\/strong> aus<\/li>\n<li>Artikel abscannen oder manuell eingeben<\/li>\n<li><strong>&#8222;F4&#8220;<\/strong>\u00a0f\u00fcr Drucken dr\u00fccken, hierbei nun auf &#8222;<b>Bar Geldausgabe&#8220;<\/b> dr\u00fccken um den Kunden das Geld auszuzahlen.<\/li>\n<\/ol>\n<h5 class=\"ueberschrift2\" style=\"text-align: center;\"><strong>&#8230;nimmt etwas teureres mit.<\/strong><\/h5>\n<ol>\n<li>W\u00e4hlen Sie oben links den Reiter &#8222;<strong>Beleg&#8220;<\/strong> (Wenn es nicht gew\u00e4hlt ist)<\/li>\n<li>Klicken Sie unten auf &#8222;<strong>Waren Retoure&#8220;<\/strong>, der Knopf wird rot, Scannen Sie den\/die Artikel ein (Wenn Sie den Artikel mit der Hand eingeben, achten Sie darauf das bei der Anzahl ein Minus steht. Bsp -1 oder -3)<\/li>\n<li>Auf &#8222;<strong>Waren Retoure&#8220;<\/strong> klicken so, dass das Feld wieder grau wird und dann Scannen Sie die weiteren Artikel ein. (Die Artikel die der Kunde mit nimmt).<\/li>\n<\/ol>\n<\/div>\n<\/div>\n<p><img loading=\"lazy\" decoding=\"async\" class=\"alignnone size-full wp-image-1523\" src=\"https:\/\/handbuch.sdigroup.de\/ctx6\/wp-content\/uploads\/Waren-Retoure.png\" alt=\"\" width=\"240\" height=\"159\" \/><\/p>\n<div class=\"content\">\n<div class=\"layer\">\n<h5 class=\"ueberschrift2\" style=\"text-align: center;\"><strong>&#8230;nimmt etwas g\u00fcnstigeres mit.<\/strong><\/h5>\n<ol>\n<li>Wie Szenario 3.<\/li>\n<li>Verkaufen Sie dem Kunden f\u00fcr den offen stehenden Betrag einen Gutschein, indem Sie GUTSCHEIN+ eingeben. \u00c4ndern Sie dann den Gutscheinwert auf den Differenzbetrag. (Bsp: Rechnungssumme -10 Euro, Gutscheinwert auf 10 Euro setzen.)<\/li>\n<\/ol>\n<ol type=\"circle\">\n<li>Bei Szenario 1 sollte klar sein das der Kunde diesmal keine Ware mitnehmen wird.<\/li>\n<li>Bei Szenario 4 k\u00f6nnen Sie wahlweise auch erst eine Gutschrift wie in Szenario 1 schreiben und dann erst einen Beleg wie in Szenario 2 schreiben. Hierbei ist dann zu beachten, wenn Sie auf Drucken gehen, dass Sie die erstellte Gutschrift aus der unten aufgef\u00fchrten Gutschriften liste ausgew\u00e4hlt ist und dann auf den Knopf &#8222;<b>Gutschrift&#8220;<\/b> klicken um das eben zu verrechnen. Hierbei ist aber zu sagen, dass es sich bei kleineren Betr\u00e4gen nicht wirklich lohnt da die Gutschrift auch eben sehr klein sein kann und durch den Beleg gleich wieder aufgel\u00f6st ist da der Gutschriftbetrag einfach kleiner ist als der Rechnungswert.<\/li>\n<\/ol>\n<\/div>\n<\/div>\n\n\n<h5 style=\"text-align: center;\"><strong>&#8230;gegen einen Gutschein<\/strong><\/h5>\n<ol>\n<li>Tragen Sie die Ware normal ein, aber geben Sie eine\u00a0<strong>negative<\/strong><strong> Anzahl<\/strong> f\u00fcr jeden zur\u00fcckgegebenen Artikel ein.<\/li>\n<li>Klicken Sie auf <strong>&#8222;Gutscheinkauf&#8220;<\/strong>.<\/li>\n<li>Klicken Sie auf den Knopf <strong>&#8222;Rest &gt;&#8220;\u00a0<\/strong> und geben eine optionale Bemerkung an.\n<ul>\n<li>Klicken Sie jetzt auf Drucken, wenn Sie den Gutschein ausdrucken m\u00f6chten.<\/li>\n<\/ul>\n<\/li>\n<li>Best\u00e4tigen Sie den Gutschein mit einem klick auf <strong>&#8222;OK&#8220;<\/strong>.<\/li>\n<li>Als Betrag sollte jetzt 0,00 \u20ac angezeigt werden.<\/li>\n<li>Schlie\u00dfen sie den Vorgang normal ab.<\/li>\n<\/ol>\n","protected":false},"excerpt":{"rendered":"<p>&#8230;ohne was mit zu nehmen. W\u00e4hlen Sie oben links den Reiter &#8222;Gutschrift&#8220; aus Kassieren Sie die Ware so ab als w\u00fcrden Sie eine Rechung schreiben. &#8230;und m\u00f6chte auch Geld zur\u00fcck. W\u00e4hlen Sie oben links den Reiter &#8222;Gutschrift&#8220; aus Artikel abscannen oder manuell eingeben &#8222;F4&#8220;\u00a0f\u00fcr Drucken dr\u00fccken, hierbei nun auf &#8222;Bar Geldausgabe&#8220; dr\u00fccken um den Kunden [&hellip;]<\/p>\n","protected":false},"author":5,"featured_media":0,"parent":48,"menu_order":0,"comment_status":"closed","ping_status":"closed","template":"","meta":{"footnotes":""},"class_list":["post-310","page","type-page","status-publish","hentry"],"_links":{"self":[{"href":"https:\/\/handbuch.sdigroup.de\/ctx6\/index.php?rest_route=\/wp\/v2\/pages\/310","targetHints":{"allow":["GET"]}}],"collection":[{"href":"https:\/\/handbuch.sdigroup.de\/ctx6\/index.php?rest_route=\/wp\/v2\/pages"}],"about":[{"href":"https:\/\/handbuch.sdigroup.de\/ctx6\/index.php?rest_route=\/wp\/v2\/types\/page"}],"author":[{"embeddable":true,"href":"https:\/\/handbuch.sdigroup.de\/ctx6\/index.php?rest_route=\/wp\/v2\/users\/5"}],"replies":[{"embeddable":true,"href":"https:\/\/handbuch.sdigroup.de\/ctx6\/index.php?rest_route=%2Fwp%2Fv2%2Fcomments&post=310"}],"version-history":[{"count":6,"href":"https:\/\/handbuch.sdigroup.de\/ctx6\/index.php?rest_route=\/wp\/v2\/pages\/310\/revisions"}],"predecessor-version":[{"id":1956,"href":"https:\/\/handbuch.sdigroup.de\/ctx6\/index.php?rest_route=\/wp\/v2\/pages\/310\/revisions\/1956"}],"up":[{"embeddable":true,"href":"https:\/\/handbuch.sdigroup.de\/ctx6\/index.php?rest_route=\/wp\/v2\/pages\/48"}],"wp:attachment":[{"href":"https:\/\/handbuch.sdigroup.de\/ctx6\/index.php?rest_route=%2Fwp%2Fv2%2Fmedia&parent=310"}],"curies":[{"name":"wp","href":"https:\/\/api.w.org\/{rel}","templated":true}]}}