{"id":28,"date":"2016-02-23T15:44:18","date_gmt":"2016-02-23T14:44:18","guid":{"rendered":"http:\/\/handbuch.sdigroup.de\/ctx\/?page_id=28"},"modified":"2023-08-09T10:45:17","modified_gmt":"2023-08-09T08:45:17","slug":"lieferantenmodul","status":"publish","type":"page","link":"https:\/\/handbuch.sdigroup.de\/ctx6\/?page_id=28","title":{"rendered":"Lieferantenstamm"},"content":{"rendered":"\n<p><img loading=\"lazy\" decoding=\"async\" class=\"alignnone size-full wp-image-1944\" src=\"https:\/\/handbuch.sdigroup.de\/ctx6\/wp-content\/uploads\/Lieferanntenstamm.png\" alt=\"\" width=\"642\" height=\"408\" srcset=\"https:\/\/handbuch.sdigroup.de\/ctx6\/wp-content\/uploads\/Lieferanntenstamm.png 642w, https:\/\/handbuch.sdigroup.de\/ctx6\/wp-content\/uploads\/Lieferanntenstamm-300x191.png 300w\" sizes=\"auto, (max-width: 642px) 100vw, 642px\" \/><\/p>\n<p>Dies ist der Lieferantenstamm hier k\u00f6nnen Sie Lieferanten. Hier k\u00f6nnen Sie Lieferanten eintragen um dann Lieferanten Ums\u00e4tze zu sehen oder Lieferanten Kommissionen Automatisch zu Berechnen.<\/p>\n","protected":false},"excerpt":{"rendered":"<p>Dies ist der Lieferantenstamm hier k\u00f6nnen Sie Lieferanten. Hier k\u00f6nnen Sie Lieferanten eintragen um dann Lieferanten Ums\u00e4tze zu sehen oder Lieferanten Kommissionen Automatisch zu Berechnen.<\/p>\n","protected":false},"author":3,"featured_media":0,"parent":0,"menu_order":0,"comment_status":"closed","ping_status":"closed","template":"","meta":{"footnotes":""},"class_list":["post-28","page","type-page","status-publish","hentry"],"_links":{"self":[{"href":"https:\/\/handbuch.sdigroup.de\/ctx6\/index.php?rest_route=\/wp\/v2\/pages\/28","targetHints":{"allow":["GET"]}}],"collection":[{"href":"https:\/\/handbuch.sdigroup.de\/ctx6\/index.php?rest_route=\/wp\/v2\/pages"}],"about":[{"href":"https:\/\/handbuch.sdigroup.de\/ctx6\/index.php?rest_route=\/wp\/v2\/types\/page"}],"author":[{"embeddable":true,"href":"https:\/\/handbuch.sdigroup.de\/ctx6\/index.php?rest_route=\/wp\/v2\/users\/3"}],"replies":[{"embeddable":true,"href":"https:\/\/handbuch.sdigroup.de\/ctx6\/index.php?rest_route=%2Fwp%2Fv2%2Fcomments&post=28"}],"version-history":[{"count":2,"href":"https:\/\/handbuch.sdigroup.de\/ctx6\/index.php?rest_route=\/wp\/v2\/pages\/28\/revisions"}],"predecessor-version":[{"id":1945,"href":"https:\/\/handbuch.sdigroup.de\/ctx6\/index.php?rest_route=\/wp\/v2\/pages\/28\/revisions\/1945"}],"wp:attachment":[{"href":"https:\/\/handbuch.sdigroup.de\/ctx6\/index.php?rest_route=%2Fwp%2Fv2%2Fmedia&parent=28"}],"curies":[{"name":"wp","href":"https:\/\/api.w.org\/{rel}","templated":true}]}}