{"id":271,"date":"2016-07-01T14:28:40","date_gmt":"2016-07-01T12:28:40","guid":{"rendered":"http:\/\/handbuch.sdigroup.de\/ctx\/?page_id=271"},"modified":"2023-08-09T10:26:52","modified_gmt":"2023-08-09T08:26:52","slug":"loeschen","status":"publish","type":"page","link":"https:\/\/handbuch.sdigroup.de\/ctx6\/?page_id=271","title":{"rendered":"L\u00f6schen"},"content":{"rendered":"<ol>\n<li>Im Hauptmen\u00fc auf<strong> &#8222;Kundenstamm&#8220;<\/strong> oder links in der Hauptnavigation auf <strong>&#8222;Kunden&#8220;<\/strong><\/li>\n<li>Kunden anhand Kunden Kriterien suchen<\/li>\n<li>L\u00f6schen<\/li>\n<li style=\"list-style-type: none;\">\n<ol>\n<li style=\"list-style-type: none;\">\u00a0<\/li>\n<\/ol>\n<\/li>\n<\/ol>\n<p>Sie werden gefragt<\/p>\n<p><b>Datensatznummer mit L\u00f6schen ?<\/b><\/p>\n<ol>\n<li><b>Ja<\/b> &#8211; L\u00f6scht die Datensatznummer mit.<\/li>\n<\/ol>\n<p>Die <strong>Kundennummer<\/strong> wird nicht mehr vergeben!<\/p>\n<ol>\n<li><b>Nein<\/b> &#8211; L\u00f6scht die Datensatznummer nicht mit.<\/li>\n<\/ol>\n<p>Die <strong>Kundeninformationen<\/strong> werden gel\u00f6scht und <strong>die Nummer<\/strong> beibehalten. Sie k\u00f6nnen nachtr\u00e4glich einen neuen Kunden unter der Kundennummer abspeichern. Sie finden diese Kundennummern mit dem Suchbegriff<\/p>\n<p><b>LEER<\/b><\/p>\n<ol type=\"circle\">(egal in welchem Feld Sie es eintragen).<\/ol>\n<p>Kundendaten sind \u00fcbernommen wenn das Feld <strong>&#8222;Speichern &#8211; F6&#8220;<\/strong> wieder grau ist.<br \/><br \/>Notiz &#8211; Datensatznummer und Kundennummer sind das gleiche.<\/p>\n\n","protected":false},"excerpt":{"rendered":"<p>Im Hauptmen\u00fc auf &#8222;Kundenstamm&#8220; oder links in der Hauptnavigation auf &#8222;Kunden&#8220; Kunden anhand Kunden Kriterien suchen L\u00f6schen \u00a0 Sie werden gefragt Datensatznummer mit L\u00f6schen ? Ja &#8211; L\u00f6scht die Datensatznummer mit. Die Kundennummer wird nicht mehr vergeben! Nein &#8211; L\u00f6scht die Datensatznummer nicht mit. Die Kundeninformationen werden gel\u00f6scht und die Nummer beibehalten. Sie k\u00f6nnen nachtr\u00e4glich [&hellip;]<\/p>\n","protected":false},"author":5,"featured_media":0,"parent":26,"menu_order":0,"comment_status":"closed","ping_status":"closed","template":"","meta":{"footnotes":""},"class_list":["post-271","page","type-page","status-publish","hentry"],"_links":{"self":[{"href":"https:\/\/handbuch.sdigroup.de\/ctx6\/index.php?rest_route=\/wp\/v2\/pages\/271","targetHints":{"allow":["GET"]}}],"collection":[{"href":"https:\/\/handbuch.sdigroup.de\/ctx6\/index.php?rest_route=\/wp\/v2\/pages"}],"about":[{"href":"https:\/\/handbuch.sdigroup.de\/ctx6\/index.php?rest_route=\/wp\/v2\/types\/page"}],"author":[{"embeddable":true,"href":"https:\/\/handbuch.sdigroup.de\/ctx6\/index.php?rest_route=\/wp\/v2\/users\/5"}],"replies":[{"embeddable":true,"href":"https:\/\/handbuch.sdigroup.de\/ctx6\/index.php?rest_route=%2Fwp%2Fv2%2Fcomments&post=271"}],"version-history":[{"count":3,"href":"https:\/\/handbuch.sdigroup.de\/ctx6\/index.php?rest_route=\/wp\/v2\/pages\/271\/revisions"}],"predecessor-version":[{"id":2022,"href":"https:\/\/handbuch.sdigroup.de\/ctx6\/index.php?rest_route=\/wp\/v2\/pages\/271\/revisions\/2022"}],"up":[{"embeddable":true,"href":"https:\/\/handbuch.sdigroup.de\/ctx6\/index.php?rest_route=\/wp\/v2\/pages\/26"}],"wp:attachment":[{"href":"https:\/\/handbuch.sdigroup.de\/ctx6\/index.php?rest_route=%2Fwp%2Fv2%2Fmedia&parent=271"}],"curies":[{"name":"wp","href":"https:\/\/api.w.org\/{rel}","templated":true}]}}