{"id":267,"date":"2016-07-01T14:28:16","date_gmt":"2016-07-01T12:28:16","guid":{"rendered":"http:\/\/handbuch.sdigroup.de\/ctx\/?page_id=267"},"modified":"2023-08-09T10:26:14","modified_gmt":"2023-08-09T08:26:14","slug":"anlegen","status":"publish","type":"page","link":"https:\/\/handbuch.sdigroup.de\/ctx6\/?page_id=267","title":{"rendered":"Speichern"},"content":{"rendered":"<p>Um einen Kunden zu speichern, k\u00f6nnen Sie wie folgt vorgehen:<\/p>\n<p><span style=\"color: #ffffff; background-color: #999999;\">Schritt 1<\/span><\/p>\n<p>Zun\u00e4chst gehen Sie links in der Hauptnavigation auf &#8222;<strong>Kunden&#8220;<\/strong> und dr\u00fccken dann auf &#8222;<strong>Kunden&#8220;.<\/strong><\/p>\n<p><span style=\"color: #ffffff; background-color: #999999;\">Schritt 2<\/span><\/p>\n<p>Um einen neuen Kunden zu speichern, dr\u00fccken Sie auf &#8222;<strong>Neu &#8211; F5<\/strong>&#8220; und beantworten die Frage &#8220; <strong>Wollen Sie einen neue Kundennummer?<\/strong>&#8220; mit &#8222;<strong>JA<\/strong>&#8222;.<\/p>\n<p><span style=\"color: #ffffff; background-color: #999999;\">Schritt 3<\/span><\/p>\n<p>In diesem abschnitt sollten Sie bereits einen Kundennummer bekommen haben. Als n\u00e4chstes tragen Sie die Daten von ihrem neuen Kunden ein.<\/p>\n<p><span style=\"color: #ffffff; background-color: #999999;\">Schritt 4<\/span><\/p>\n<p>Nach dem Sie die Kundendaten auf Korrektheit \u00fcberpr\u00fcft haben, bet\u00e4tigen Sie den Knopf <strong>&#8222;Speichern\u00a0&#8211; F6&#8220;<\/strong>. Nun Sollten Sie einen Neuen Kunden im Verzeichnis haben.<\/p>\n<p><span style=\"font-size: 12pt;\">*<span style=\"background-color: #ffff00;\"><em>Gelb hinterlegte Felder sind Pflichtfelder!<\/em><\/span><\/span><\/p>\n<p><span style=\"font-size: 12pt; background-color: #ff0000; color: #ffffff;\">*Falls die Lieferadresse von der Rechnungsadresse abweichen sollte, w\u00e4re diese separat einzutragen*.<\/span><\/p>\n","protected":false},"excerpt":{"rendered":"<p>Um einen Kunden zu speichern, k\u00f6nnen Sie wie folgt vorgehen: Schritt 1 Zun\u00e4chst gehen Sie links in der Hauptnavigation auf &#8222;Kunden&#8220; und dr\u00fccken dann auf &#8222;Kunden&#8220;. Schritt 2 Um einen neuen Kunden zu speichern, dr\u00fccken Sie auf &#8222;Neu &#8211; F5&#8220; und beantworten die Frage &#8220; Wollen Sie einen neue Kundennummer?&#8220; mit &#8222;JA&#8222;. Schritt 3 In [&hellip;]<\/p>\n","protected":false},"author":1,"featured_media":0,"parent":26,"menu_order":0,"comment_status":"closed","ping_status":"closed","template":"","meta":{"footnotes":""},"class_list":["post-267","page","type-page","status-publish","hentry"],"_links":{"self":[{"href":"https:\/\/handbuch.sdigroup.de\/ctx6\/index.php?rest_route=\/wp\/v2\/pages\/267","targetHints":{"allow":["GET"]}}],"collection":[{"href":"https:\/\/handbuch.sdigroup.de\/ctx6\/index.php?rest_route=\/wp\/v2\/pages"}],"about":[{"href":"https:\/\/handbuch.sdigroup.de\/ctx6\/index.php?rest_route=\/wp\/v2\/types\/page"}],"author":[{"embeddable":true,"href":"https:\/\/handbuch.sdigroup.de\/ctx6\/index.php?rest_route=\/wp\/v2\/users\/1"}],"replies":[{"embeddable":true,"href":"https:\/\/handbuch.sdigroup.de\/ctx6\/index.php?rest_route=%2Fwp%2Fv2%2Fcomments&post=267"}],"version-history":[{"count":4,"href":"https:\/\/handbuch.sdigroup.de\/ctx6\/index.php?rest_route=\/wp\/v2\/pages\/267\/revisions"}],"predecessor-version":[{"id":2023,"href":"https:\/\/handbuch.sdigroup.de\/ctx6\/index.php?rest_route=\/wp\/v2\/pages\/267\/revisions\/2023"}],"up":[{"embeddable":true,"href":"https:\/\/handbuch.sdigroup.de\/ctx6\/index.php?rest_route=\/wp\/v2\/pages\/26"}],"wp:attachment":[{"href":"https:\/\/handbuch.sdigroup.de\/ctx6\/index.php?rest_route=%2Fwp%2Fv2%2Fmedia&parent=267"}],"curies":[{"name":"wp","href":"https:\/\/api.w.org\/{rel}","templated":true}]}}