{"id":265,"date":"2016-07-01T14:28:03","date_gmt":"2016-07-01T12:28:03","guid":{"rendered":"http:\/\/handbuch.sdigroup.de\/ctx\/?page_id=265"},"modified":"2023-08-09T10:29:24","modified_gmt":"2023-08-09T08:29:24","slug":"tabelle","status":"publish","type":"page","link":"https:\/\/handbuch.sdigroup.de\/ctx6\/?page_id=265","title":{"rendered":"Liste"},"content":{"rendered":"<p><img loading=\"lazy\" decoding=\"async\" class=\"alignnone wp-image-1551 size-full\" src=\"https:\/\/handbuch.sdigroup.de\/ctx6\/wp-content\/uploads\/Liste-2-1.png\" alt=\"\" width=\"1123\" height=\"657\" srcset=\"https:\/\/handbuch.sdigroup.de\/ctx6\/wp-content\/uploads\/Liste-2-1.png 1123w, https:\/\/handbuch.sdigroup.de\/ctx6\/wp-content\/uploads\/Liste-2-1-300x176.png 300w, https:\/\/handbuch.sdigroup.de\/ctx6\/wp-content\/uploads\/Liste-2-1-1024x599.png 1024w\" sizes=\"auto, (max-width: 1123px) 100vw, 1123px\" \/>Die <strong>&#8222;Liste&#8220;<\/strong> enth\u00e4lt die Standard-Men\u00fcleiste f\u00fcr Listen.<\/p>\n<p>Das Men\u00fc <b>Drucken <\/b>beinhaltet<\/p>\n<ol type=\"circle\">\n<li style=\"list-style-type: none;\">\n<ol type=\"circle\">\n<li>Den Befehl &#8222;<b>Seitenansicht&#8220;<\/b>, mit dessen Hilfe Sie Ihre Liste bevor sie, sie ausdrucken sehen k\u00f6nnen.<\/li>\n<li>Den Befehl\u00a0<strong>&#8222;Liste&#8220;, <\/strong>k\u00f6nnen sie ihre Liste ausdrucken.<\/li>\n<li>Den Befehl &#8222;<b>Adressetiketten&#8220;<\/b>,<b> <\/b>mit dessen Hilfe Sie Adressetiketten (Firmenname, Inhaber, Stra\u00dfe, PLZ, Ort) ausdrucken.<\/li>\n<li>Den Befehl &#8222;<b>Kundenkarte&#8220; <\/b>mit dessen Hilfe Sie eine Kundenkarte ausdrucken k\u00f6nnen.<\/li>\n<li>Den Befehl &#8222;<b>Serien-brief&#8220;<\/b>,<b> <\/b>mit dessen Hilfe Sie Serienbriefe verfassen.<\/li>\n<li>Den Befehl &#8222;<b>Serien-Email&#8220;<\/b>,<b> <\/b>mit dessen Hilfe Sie Serienemails verfassen.<\/li>\n<li>Den Befehl &#8222;<b>Winword-Seriendruck&#8220;<\/b>, mit dessen Hilfe Sie eine Datei erstellen, die Winword als Datenquelle f\u00fcr Winword-Serienbriefe nutzen kann.<\/li>\n<li>Den Befehl <strong>&#8222;Beenden &#8211; F12&#8220;<\/strong>, mit dessen Hilfe schlie\u00dft sich die Liste.<\/li>\n<\/ol>\n<\/li>\n<\/ol>\n<p>Cashtex erstellt im Verzeichnis <b>C:\\SDIBASE\\<\/b> eine Datei mit Namen &lt;<b>odcb.txt<\/b>&gt;.<br \/>\nDie <b>Tabelle<\/b> k\u00f6nnen Sie umsortieren und bearbeiten. Die <b>Daten<\/b> in der Tabelle k\u00f6nnen Sie allerdings\u00a0<b>nicht bearbeiten<\/b>.<\/p>\n","protected":false},"excerpt":{"rendered":"<p>Die &#8222;Liste&#8220; enth\u00e4lt die Standard-Men\u00fcleiste f\u00fcr Listen. Das Men\u00fc Drucken beinhaltet Den Befehl &#8222;Seitenansicht&#8220;, mit dessen Hilfe Sie Ihre Liste bevor sie, sie ausdrucken sehen k\u00f6nnen. Den Befehl\u00a0&#8222;Liste&#8220;, k\u00f6nnen sie ihre Liste ausdrucken. Den Befehl &#8222;Adressetiketten&#8220;, mit dessen Hilfe Sie Adressetiketten (Firmenname, Inhaber, Stra\u00dfe, PLZ, Ort) ausdrucken. Den Befehl &#8222;Kundenkarte&#8220; mit dessen Hilfe Sie eine [&hellip;]<\/p>\n","protected":false},"author":5,"featured_media":0,"parent":26,"menu_order":0,"comment_status":"closed","ping_status":"closed","template":"","meta":{"footnotes":""},"class_list":["post-265","page","type-page","status-publish","hentry"],"_links":{"self":[{"href":"https:\/\/handbuch.sdigroup.de\/ctx6\/index.php?rest_route=\/wp\/v2\/pages\/265","targetHints":{"allow":["GET"]}}],"collection":[{"href":"https:\/\/handbuch.sdigroup.de\/ctx6\/index.php?rest_route=\/wp\/v2\/pages"}],"about":[{"href":"https:\/\/handbuch.sdigroup.de\/ctx6\/index.php?rest_route=\/wp\/v2\/types\/page"}],"author":[{"embeddable":true,"href":"https:\/\/handbuch.sdigroup.de\/ctx6\/index.php?rest_route=\/wp\/v2\/users\/5"}],"replies":[{"embeddable":true,"href":"https:\/\/handbuch.sdigroup.de\/ctx6\/index.php?rest_route=%2Fwp%2Fv2%2Fcomments&post=265"}],"version-history":[{"count":8,"href":"https:\/\/handbuch.sdigroup.de\/ctx6\/index.php?rest_route=\/wp\/v2\/pages\/265\/revisions"}],"predecessor-version":[{"id":2021,"href":"https:\/\/handbuch.sdigroup.de\/ctx6\/index.php?rest_route=\/wp\/v2\/pages\/265\/revisions\/2021"}],"up":[{"embeddable":true,"href":"https:\/\/handbuch.sdigroup.de\/ctx6\/index.php?rest_route=\/wp\/v2\/pages\/26"}],"wp:attachment":[{"href":"https:\/\/handbuch.sdigroup.de\/ctx6\/index.php?rest_route=%2Fwp%2Fv2%2Fmedia&parent=265"}],"curies":[{"name":"wp","href":"https:\/\/api.w.org\/{rel}","templated":true}]}}