{"id":241,"date":"2016-07-01T14:20:12","date_gmt":"2016-07-01T12:20:12","guid":{"rendered":"http:\/\/handbuch.sdigroup.de\/ctx\/?page_id=241"},"modified":"2023-08-09T10:50:11","modified_gmt":"2023-08-09T08:50:11","slug":"lieferanten","status":"publish","type":"page","link":"https:\/\/handbuch.sdigroup.de\/ctx6\/?page_id=241","title":{"rendered":"Lieferanten"},"content":{"rendered":"<p><b>\u00a0Lieferantenstamm:<\/b><\/p>\n<p><a href=\"https:\/\/handbuch.sdigroup.de\/ctx6\/wp-content\/uploads\/Lieferanten.png\"><img decoding=\"async\" src=\"https:\/\/handbuch.sdigroup.de\/ctx6\/wp-content\/uploads\/Lieferanten.png\" alt=\"\" \/><\/a><\/p>\n<p>Die <b>Men\u00fcleiste<\/b> enth\u00e4lt zwei Pulldown-Men\u00fcs:<\/p>\n<ol type=\"circle\">\n<li>Das <b>Men\u00fc<\/b><strong> Start<\/strong> beinhaltet die Befehle, die Sie auch \u00fcber die Schaltfl\u00e4chen bedienen k\u00f6nnen.<\/li>\n<li>Mit dem Men\u00fc <strong>Bearbeiten<\/strong> k\u00f6nnen Sie Schaltfl\u00e4chen per Maus bedienen.<\/li>\n<\/ol>\n","protected":false},"excerpt":{"rendered":"<p>\u00a0Lieferantenstamm: Die Men\u00fcleiste enth\u00e4lt zwei Pulldown-Men\u00fcs: Das Men\u00fc Start beinhaltet die Befehle, die Sie auch \u00fcber die Schaltfl\u00e4chen bedienen k\u00f6nnen. Mit dem Men\u00fc Bearbeiten k\u00f6nnen Sie Schaltfl\u00e4chen per Maus bedienen.<\/p>\n","protected":false},"author":5,"featured_media":0,"parent":28,"menu_order":0,"comment_status":"closed","ping_status":"closed","template":"","meta":{"footnotes":""},"class_list":["post-241","page","type-page","status-publish","hentry"],"_links":{"self":[{"href":"https:\/\/handbuch.sdigroup.de\/ctx6\/index.php?rest_route=\/wp\/v2\/pages\/241","targetHints":{"allow":["GET"]}}],"collection":[{"href":"https:\/\/handbuch.sdigroup.de\/ctx6\/index.php?rest_route=\/wp\/v2\/pages"}],"about":[{"href":"https:\/\/handbuch.sdigroup.de\/ctx6\/index.php?rest_route=\/wp\/v2\/types\/page"}],"author":[{"embeddable":true,"href":"https:\/\/handbuch.sdigroup.de\/ctx6\/index.php?rest_route=\/wp\/v2\/users\/5"}],"replies":[{"embeddable":true,"href":"https:\/\/handbuch.sdigroup.de\/ctx6\/index.php?rest_route=%2Fwp%2Fv2%2Fcomments&post=241"}],"version-history":[{"count":5,"href":"https:\/\/handbuch.sdigroup.de\/ctx6\/index.php?rest_route=\/wp\/v2\/pages\/241\/revisions"}],"predecessor-version":[{"id":2051,"href":"https:\/\/handbuch.sdigroup.de\/ctx6\/index.php?rest_route=\/wp\/v2\/pages\/241\/revisions\/2051"}],"up":[{"embeddable":true,"href":"https:\/\/handbuch.sdigroup.de\/ctx6\/index.php?rest_route=\/wp\/v2\/pages\/28"}],"wp:attachment":[{"href":"https:\/\/handbuch.sdigroup.de\/ctx6\/index.php?rest_route=%2Fwp%2Fv2%2Fmedia&parent=241"}],"curies":[{"name":"wp","href":"https:\/\/api.w.org\/{rel}","templated":true}]}}