{"id":22,"date":"2016-02-23T15:43:21","date_gmt":"2016-02-23T14:43:21","guid":{"rendered":"http:\/\/handbuch.sdigroup.de\/ctx\/?page_id=22"},"modified":"2023-08-09T10:16:59","modified_gmt":"2023-08-09T08:16:59","slug":"systemeinstellungen","status":"publish","type":"page","link":"https:\/\/handbuch.sdigroup.de\/ctx6\/?page_id=22","title":{"rendered":"Benutzereinstellungen"},"content":{"rendered":"<p>Wenn Sie noch keinen Benutzer haben, gehen Sie wie folgt vor:<\/p>\n<p><span style=\"background-color: #808080; color: #ffffff;\">Schritt 1<\/span><\/p>\n<p>Im erstes Schritt logen Sie sich mit dem Standard-Administratoraccount ein.<br \/>\nBenutzername: <b>SYSADM<\/b> \u00a0\u00a0\u00a0 Passwort: <b>1234<\/b><\/p>\n<p><img loading=\"lazy\" decoding=\"async\" class=\"alignnone size-full wp-image-114\" src=\"https:\/\/handbuch.sdigroup.de\/ctx6\/wp-content\/uploads\/SYSADM.jpg\" alt=\"SYSADM\" width=\"287\" height=\"327\" srcset=\"https:\/\/handbuch.sdigroup.de\/ctx6\/wp-content\/uploads\/SYSADM.jpg 287w, https:\/\/handbuch.sdigroup.de\/ctx6\/wp-content\/uploads\/SYSADM-263x300.jpg 263w, https:\/\/handbuch.sdigroup.de\/ctx6\/wp-content\/uploads\/SYSADM-44x50.jpg 44w\" sizes=\"auto, (max-width: 287px) 100vw, 287px\" \/><\/p>\n<p><span style=\"color: #ff0000;\"><em><b>!!! ACHTUNG !!<\/b><\/em><\/span><\/p>\n<p><span style=\"color: #ff0000;\"><em>Sollte der Login nicht funktionieren, \u00fcberpr\u00fcfen Sie ob Ihre Feststelltaste gedr\u00fcckt ist. Die Feststelltaste befindet sich auf der linken Seite Ihrer Standardtastatur, 2 Tasten \u00fcber der STRG-Taste. Ein nicht gef\u00fcllter Pfeil nach unten befindet sich auf der Taste. Auf der rechten oberen Seite befinden sich 3 L\u00e4mpchen. Wenn die mittlere Taste leuchtet, dann ist die Feststelltaste aktiviert und <b>MUSS<\/b> deaktiviert werden in dem Sie die eben beschriebene Taste nochmals dr\u00fccken so dass das L\u00e4mpchen erlischt.<\/em><\/span><\/p>\n<p><span style=\"background-color: #808080; color: #ffffff;\">Schritt 2<\/span><\/p>\n<p>Im n\u00e4chsten Schritt w\u00e4hlen Sie in den Systemeinstellungen die <strong>&#8222;Benutzereinstellungen&#8220;<\/strong> aus.<\/p>\n<p>(<b>STRG+N<\/b>)<\/p>\n<p>In der folgenden Maske k\u00f6nnen Sie dann einzelne Benutzer anlegen und diesen dann individuell Berechtigungen zuweisen.<\/p>\n<p><img loading=\"lazy\" decoding=\"async\" class=\"alignnone wp-image-1593 size-full\" src=\"https:\/\/handbuch.sdigroup.de\/ctx6\/wp-content\/uploads\/Benutzereinstellungen.png\" alt=\"\" width=\"793\" height=\"579\" srcset=\"https:\/\/handbuch.sdigroup.de\/ctx6\/wp-content\/uploads\/Benutzereinstellungen.png 793w, https:\/\/handbuch.sdigroup.de\/ctx6\/wp-content\/uploads\/Benutzereinstellungen-300x219.png 300w\" sizes=\"auto, (max-width: 793px) 100vw, 793px\" \/><\/p>\n<table style=\"width: 100%; height: 253px;\" width=\"550\" cellpadding=\"5\" bgcolor=\"#000000\">\n<tbody>\n<tr style=\"height: 32px;\">\n<td style=\"height: 32px;\" bgcolor=\"#75BAFF\">NR<\/td>\n<td style=\"height: 32px;\" bgcolor=\"ffffff\">Laufende Nummer<\/td>\n<\/tr>\n<tr style=\"height: 32px;\">\n<td style=\"height: 32px;\" bgcolor=\"#75BAFF\">Benutzername<\/td>\n<td style=\"height: 32px;\" bgcolor=\"ffffff\">Ihr Benutzername<\/td>\n<\/tr>\n<tr style=\"height: 32px;\">\n<td style=\"height: 32px;\" bgcolor=\"#75BAFF\">Passwort<\/td>\n<td style=\"height: 32px;\" bgcolor=\"ffffff\">Ihr Passwort<\/td>\n<\/tr>\n<tr style=\"height: 157px;\">\n<td style=\"height: 157px;\" valign=\"top\" bgcolor=\"#75BAFF\">Gruppe<\/td>\n<td style=\"height: 157px;\" bgcolor=\"ffffff\">Hier k\u00f6nnen Sie die Gruppenzugeh\u00f6rigkeit w\u00e4hlen.<br \/>\nHaben Sie einen Benutzer (<b>A<\/b>) angelegt der zb. NUR Kunden anlegen darf und diesem die Gruppe 2 gegeben, k\u00f6nnen Sie, wenn Sie einen neuen Benutzer anlegen (<b>B<\/b>), diesem der Gruppe 2 zuweisen. Der neue Benutzer (<b>B<\/b>) erh\u00e4llt dann die gleichen Rechte wie der der alte Benutzer (<b>A<\/b>)<\/td>\n<\/tr>\n<\/tbody>\n<\/table>\n<p>Oben links geben Sie an, welche Bereiche f\u00fcr den jeweiligen Benutzer bzw. die jeweilige Gruppe sichtbar sind. Rechts geben Sie die Befugnisse der einzelnen Bereiche an.<\/p>\n<p><span style=\"background-color: #808080; color: #ffffff;\">Schritt 3<\/span><\/p>\n<p>Im dritten und abschlie\u00dfenden Schritt, gehen Sie auf <strong>&#8222;Anlegen&#8220; <\/strong>oder Schaltfl\u00e4che &#8222;<b>F6&#8243;<\/b> um den eben erstellten Benutzer anzulegen. Sollten Sie dann oder auch sp\u00e4ter noch \u00c4nderungen vornehmen, best\u00e4tigen Sie Diese mit <strong>&#8222;\u00dcbernehmen&#8220;<\/strong> oder Schaltfl\u00e4che <strong>&#8222;F7&#8220;<\/strong><\/p>\n<p>Zum L\u00f6schen eines Benutzers klicken Sie vor die laufende Nummer in das graue Feld, so das die ganze Zeile schwarz markiert ist. Wenn Sie dann auf &#8222;<b>L\u00f6schen&#8220;<\/b>\u00a0dr\u00fccken, wird der Benutzer gel\u00f6scht.<\/p>\n","protected":false},"excerpt":{"rendered":"<p>Wenn Sie noch keinen Benutzer haben, gehen Sie wie folgt vor: Schritt 1 Im erstes Schritt logen Sie sich mit dem Standard-Administratoraccount ein. Benutzername: SYSADM \u00a0\u00a0\u00a0 Passwort: 1234 !!! ACHTUNG !! Sollte der Login nicht funktionieren, \u00fcberpr\u00fcfen Sie ob Ihre Feststelltaste gedr\u00fcckt ist. Die Feststelltaste befindet sich auf der linken Seite Ihrer Standardtastatur, 2 Tasten [&hellip;]<\/p>\n","protected":false},"author":3,"featured_media":0,"parent":18,"menu_order":0,"comment_status":"closed","ping_status":"closed","template":"","meta":{"footnotes":""},"class_list":["post-22","page","type-page","status-publish","hentry"],"_links":{"self":[{"href":"https:\/\/handbuch.sdigroup.de\/ctx6\/index.php?rest_route=\/wp\/v2\/pages\/22","targetHints":{"allow":["GET"]}}],"collection":[{"href":"https:\/\/handbuch.sdigroup.de\/ctx6\/index.php?rest_route=\/wp\/v2\/pages"}],"about":[{"href":"https:\/\/handbuch.sdigroup.de\/ctx6\/index.php?rest_route=\/wp\/v2\/types\/page"}],"author":[{"embeddable":true,"href":"https:\/\/handbuch.sdigroup.de\/ctx6\/index.php?rest_route=\/wp\/v2\/users\/3"}],"replies":[{"embeddable":true,"href":"https:\/\/handbuch.sdigroup.de\/ctx6\/index.php?rest_route=%2Fwp%2Fv2%2Fcomments&post=22"}],"version-history":[{"count":5,"href":"https:\/\/handbuch.sdigroup.de\/ctx6\/index.php?rest_route=\/wp\/v2\/pages\/22\/revisions"}],"predecessor-version":[{"id":1834,"href":"https:\/\/handbuch.sdigroup.de\/ctx6\/index.php?rest_route=\/wp\/v2\/pages\/22\/revisions\/1834"}],"up":[{"embeddable":true,"href":"https:\/\/handbuch.sdigroup.de\/ctx6\/index.php?rest_route=\/wp\/v2\/pages\/18"}],"wp:attachment":[{"href":"https:\/\/handbuch.sdigroup.de\/ctx6\/index.php?rest_route=%2Fwp%2Fv2%2Fmedia&parent=22"}],"curies":[{"name":"wp","href":"https:\/\/api.w.org\/{rel}","templated":true}]}}