{"id":217,"date":"2016-07-01T12:59:38","date_gmt":"2016-07-01T10:59:38","guid":{"rendered":"http:\/\/handbuch.sdigroup.de\/ctx\/?page_id=217"},"modified":"2023-08-09T11:54:50","modified_gmt":"2023-08-09T09:54:50","slug":"barcode-ausdruck","status":"publish","type":"page","link":"https:\/\/handbuch.sdigroup.de\/ctx6\/?page_id=217","title":{"rendered":"Barcode Nachdruck"},"content":{"rendered":"<p>Um einen Barcode auszudrucken K\u00f6nnen Sie wie gefolgt vorgehen:<\/p>\n<p><span style=\"background-color: #999999; color: #ffffff;\">Schritt 1<\/span><\/p>\n<p>F\u00fcr die Ausgabe eines Barcodes bet\u00e4tigen Sie \u201e<strong>Artikelstamm<\/strong>&#8220; oder die Schaltfl\u00e4che <strong>\u201eF7&#8243;<\/strong><\/p>\n<p><span style=\"background-color: #999999; color: #ffffff;\">Schritt 2<\/span><\/p>\n<p>Im<span data-offset-key=\"2bmcs-1-0\"> n\u00e4chsten <\/span><span data-entity-key=\"4\" data-offset-key=\"2bmcs-2-0\">Schritt<\/span><span data-offset-key=\"2bmcs-3-0\"> geben Sie in das Feld, <strong>Lieferschein-Nr.<\/strong>, ihre Lieferschein-Nummer ein oder geben Ihre Artikel-Nummer in das Feld <strong>Artikel Nr.<\/strong> ein.<\/span><\/p>\n<p><span style=\"background-color: #808080; color: #ffffff;\">Schritt 3<\/span><\/p>\n<p>Als n\u00e4chstes Suchen Sie den Artikel, indem sie oben <strong>&#8222;Suchen&#8220;<\/strong> bet\u00e4tigen oder auf der Schaltfl\u00e4che <strong>&#8222;F8&#8220;<\/strong> dr\u00fccken.<\/p>\n<p><span style=\"background-color: #808080; color: #ffffff;\">Schritt 4<\/span><\/p>\n<p>Danach gehen Sie oben in der Men\u00fczeile auf <strong>&#8222;Liste&#8220;\u00a0<\/strong>und geben in die Spalte <strong>Anzahl\u00a0<\/strong>die Menge an tats\u00e4chlichen Barcodes an.<\/p>\n<p><span style=\"background-color: #808080; color: #ffffff;\">Schritt 5<\/span><\/p>\n<p>Dan gehen sie oben in der<strong> Listenzeile <\/strong>auf Barcodes und bet\u00e4tigen <strong>&#8222;Barcode 1&#8220; <\/strong>um die Barcodes auszudrucken.<\/p>\n<p><em>(Barcodes werden ausgedruckt!)<\/em><\/p>\n<p><span style=\"background-color: #ff0000; color: #ffffff; font-size: 12pt;\">! Es ist zu beachten, dass eine Zeile nicht gedruckt wird, wenn keine Summe in der Spalten Anzahl steht. Somit k\u00f6nnen Sie den einen oder anderen Barcode nicht drucken. Bitte beachten Sie auch, dass die von ihnen manuell, f\u00fcr den Druck ge\u00e4nderte St\u00fcckzahl, nicht den realen\u00a0 Warenbestandes beeinflusst. !<\/span><\/p>\n","protected":false},"excerpt":{"rendered":"<p>Um einen Barcode auszudrucken K\u00f6nnen Sie wie gefolgt vorgehen: Schritt 1 F\u00fcr die Ausgabe eines Barcodes bet\u00e4tigen Sie \u201eArtikelstamm&#8220; oder die Schaltfl\u00e4che \u201eF7&#8243; Schritt 2 Im n\u00e4chsten Schritt geben Sie in das Feld, Lieferschein-Nr., ihre Lieferschein-Nummer ein oder geben Ihre Artikel-Nummer in das Feld Artikel Nr. ein. Schritt 3 Als n\u00e4chstes Suchen Sie den Artikel, [&hellip;]<\/p>\n","protected":false},"author":5,"featured_media":0,"parent":508,"menu_order":0,"comment_status":"closed","ping_status":"closed","template":"","meta":{"footnotes":""},"class_list":["post-217","page","type-page","status-publish","hentry"],"_links":{"self":[{"href":"https:\/\/handbuch.sdigroup.de\/ctx6\/index.php?rest_route=\/wp\/v2\/pages\/217","targetHints":{"allow":["GET"]}}],"collection":[{"href":"https:\/\/handbuch.sdigroup.de\/ctx6\/index.php?rest_route=\/wp\/v2\/pages"}],"about":[{"href":"https:\/\/handbuch.sdigroup.de\/ctx6\/index.php?rest_route=\/wp\/v2\/types\/page"}],"author":[{"embeddable":true,"href":"https:\/\/handbuch.sdigroup.de\/ctx6\/index.php?rest_route=\/wp\/v2\/users\/5"}],"replies":[{"embeddable":true,"href":"https:\/\/handbuch.sdigroup.de\/ctx6\/index.php?rest_route=%2Fwp%2Fv2%2Fcomments&post=217"}],"version-history":[{"count":7,"href":"https:\/\/handbuch.sdigroup.de\/ctx6\/index.php?rest_route=\/wp\/v2\/pages\/217\/revisions"}],"predecessor-version":[{"id":1854,"href":"https:\/\/handbuch.sdigroup.de\/ctx6\/index.php?rest_route=\/wp\/v2\/pages\/217\/revisions\/1854"}],"up":[{"embeddable":true,"href":"https:\/\/handbuch.sdigroup.de\/ctx6\/index.php?rest_route=\/wp\/v2\/pages\/508"}],"wp:attachment":[{"href":"https:\/\/handbuch.sdigroup.de\/ctx6\/index.php?rest_route=%2Fwp%2Fv2%2Fmedia&parent=217"}],"curies":[{"name":"wp","href":"https:\/\/api.w.org\/{rel}","templated":true}]}}