{"id":215,"date":"2016-07-01T12:59:19","date_gmt":"2016-07-01T10:59:19","guid":{"rendered":"http:\/\/handbuch.sdigroup.de\/ctx\/?page_id=215"},"modified":"2023-08-09T11:54:03","modified_gmt":"2023-08-09T09:54:03","slug":"wareneingang","status":"publish","type":"page","link":"https:\/\/handbuch.sdigroup.de\/ctx6\/?page_id=215","title":{"rendered":"Wareneingang"},"content":{"rendered":"<ol>\n<li style=\"list-style-type: none;\">\n<ol>\n<li>Lager \/- Artikelstamm<img loading=\"lazy\" decoding=\"async\" class=\"alignnone wp-image-1981 size-full\" src=\"https:\/\/handbuch.sdigroup.de\/ctx6\/wp-content\/uploads\/screenshot_2-1.png\" alt=\"\" width=\"912\" height=\"512\" \/><\/li>\n<\/ol>\n<\/li>\n<\/ol>\n<ol>\n<li style=\"list-style-type: none;\">\n<ol>\n<li>Pulldown-Men\u00fc \u201e<strong>Neu&#8220; <\/strong>oder Schalfl\u00e4che<strong>\u201eF5\u201c<\/strong><\/li>\n<li>Best\u00e4tigen Sie die Frage\u00a0\u201e<strong>Wollen Sie eine neue Artikelnummer?\u201c,<\/strong> mit\u00a0\u201e<strong>Nein\u201c<\/strong><\/li>\n<li>Artikel Suchen<\/li>\n<li>Lieferschein-Nummer oder ein Bezug auf Wareneingang eingeben<\/li>\n<li style=\"text-align: left;\"><span style=\"font-size: inherit; text-align: center;\">Pulldown-Men\u00fc <\/span><strong style=\"font-size: inherit; text-align: center;\">\u201eSpeichern\u201c<\/strong><span style=\"font-size: inherit; text-align: center;\"> dr\u00fccken<\/span><\/li>\n<\/ol>\n<\/li>\n<\/ol>\n<p style=\"text-align: center;\">(F\u00fcr weitere Eingabe diese Schritte wiederholen)<\/p>\n<p style=\"text-align: center;\"><b>Wir empfehlen Ihnen den Ausdruck einer Zugangsliste und die dazugeh\u00f6rigen Barcodes.<\/b><\/p>\n<ol>\n<li style=\"list-style-type: none;\">\n<ol>\n<li>Gehen Sie oben in der Men\u00fcleiste auf <strong>&#8222;Barcode von Lieferschein-Nr.&#8220;<\/strong><\/li>\n<li>Jetzt \u00f6ffnet sich das Modul <strong>&#8222;Lager-Protokoll&#8220;, <\/strong>da wird auch das Pulldown-Men\u00fc<strong> &#8222;Liste&#8220;<\/strong> ge\u00f6ffnet.<\/li>\n<li>Da bet\u00e4tigen Sie in der <b>Listenzeile &#8222;Zug\u00e4nge \u00dcbernehmen&#8220;.<\/b><\/li>\n<li>Gehen dann in der <strong>Listenzeile<\/strong> unter<strong> Listen<\/strong> auf <strong>&#8222;Zugangsliste&#8220;<\/strong><em>(Zugangsliste wird gedruckt!)<\/em><\/li>\n<li>Als letztes gehen sie in der <strong>Listenzeile\u00a0<\/strong>unter <strong>Barcodes<\/strong> und bet\u00e4tigen <strong>&#8222;Barcodes 1&#8220;<\/strong>\u00a0 \u00a0 \u00a0 \u00a0 \u00a0 \u00a0 \u00a0 \u00a0 \u00a0 \u00a0 \u00a0 \u00a0 \u00a0 \u00a0 \u00a0 \u00a0 \u00a0 \u00a0 \u00a0 \u00a0 \u00a0 \u00a0 \u00a0 \u00a0 \u00a0 \u00a0 \u00a0 \u00a0 \u00a0 \u00a0 \u00a0 \u00a0 \u00a0 \u00a0 \u00a0 \u00a0 \u00a0 \u00a0 \u00a0 <em>(Barcodes werden gedruckt!)<\/em><\/li>\n<\/ol>\n<\/li>\n<\/ol>\n\n","protected":false},"excerpt":{"rendered":"<p>Lager \/- Artikelstamm Pulldown-Men\u00fc \u201eNeu&#8220; oder Schalfl\u00e4che\u201eF5\u201c Best\u00e4tigen Sie die Frage\u00a0\u201eWollen Sie eine neue Artikelnummer?\u201c, mit\u00a0\u201eNein\u201c Artikel Suchen Lieferschein-Nummer oder ein Bezug auf Wareneingang eingeben Pulldown-Men\u00fc \u201eSpeichern\u201c dr\u00fccken (F\u00fcr weitere Eingabe diese Schritte wiederholen) Wir empfehlen Ihnen den Ausdruck einer Zugangsliste und die dazugeh\u00f6rigen Barcodes. Gehen Sie oben in der Men\u00fcleiste auf &#8222;Barcode von Lieferschein-Nr.&#8220; [&hellip;]<\/p>\n","protected":false},"author":5,"featured_media":0,"parent":508,"menu_order":0,"comment_status":"closed","ping_status":"closed","template":"","meta":{"footnotes":""},"class_list":["post-215","page","type-page","status-publish","hentry"],"_links":{"self":[{"href":"https:\/\/handbuch.sdigroup.de\/ctx6\/index.php?rest_route=\/wp\/v2\/pages\/215","targetHints":{"allow":["GET"]}}],"collection":[{"href":"https:\/\/handbuch.sdigroup.de\/ctx6\/index.php?rest_route=\/wp\/v2\/pages"}],"about":[{"href":"https:\/\/handbuch.sdigroup.de\/ctx6\/index.php?rest_route=\/wp\/v2\/types\/page"}],"author":[{"embeddable":true,"href":"https:\/\/handbuch.sdigroup.de\/ctx6\/index.php?rest_route=\/wp\/v2\/users\/5"}],"replies":[{"embeddable":true,"href":"https:\/\/handbuch.sdigroup.de\/ctx6\/index.php?rest_route=%2Fwp%2Fv2%2Fcomments&post=215"}],"version-history":[{"count":10,"href":"https:\/\/handbuch.sdigroup.de\/ctx6\/index.php?rest_route=\/wp\/v2\/pages\/215\/revisions"}],"predecessor-version":[{"id":2030,"href":"https:\/\/handbuch.sdigroup.de\/ctx6\/index.php?rest_route=\/wp\/v2\/pages\/215\/revisions\/2030"}],"up":[{"embeddable":true,"href":"https:\/\/handbuch.sdigroup.de\/ctx6\/index.php?rest_route=\/wp\/v2\/pages\/508"}],"wp:attachment":[{"href":"https:\/\/handbuch.sdigroup.de\/ctx6\/index.php?rest_route=%2Fwp%2Fv2%2Fmedia&parent=215"}],"curies":[{"name":"wp","href":"https:\/\/api.w.org\/{rel}","templated":true}]}}