{"id":209,"date":"2016-07-01T12:58:35","date_gmt":"2016-07-01T10:58:35","guid":{"rendered":"http:\/\/handbuch.sdigroup.de\/ctx\/?page_id=209"},"modified":"2023-08-09T10:53:11","modified_gmt":"2023-08-09T08:53:11","slug":"stammdaten-aendern","status":"publish","type":"page","link":"https:\/\/handbuch.sdigroup.de\/ctx6\/?page_id=209","title":{"rendered":"\u00c4ndern"},"content":{"rendered":"<div class=\"content\">\n<div class=\"layer\">\n<p><span style=\"background-color: #808080; color: #ffffff;\">Schritt 1<\/span><\/p>\n<p>Links im Hauptmen\u00fc auf <strong>&#8222;Lieferanten&#8220;<\/strong><\/p>\n<p><span style=\"background-color: #808080; color: #ffffff;\">Schritt 2<\/span><\/p>\n<p>Bet\u00e4tigen Sie oben in der Men\u00fczeile <strong>&#8222;Neu&#8220;<\/strong> oder die Schaltfl\u00e4che <strong>&#8222;F5&#8220;<\/strong>.<\/p>\n<p><span style=\"background-color: #808080; color: #ffffff;\">Schritt 3<\/span><\/p>\n<p>Bet\u00e4tigen Sie die oben <strong>&#8222;Suchen&#8220;<\/strong> oder Schaltfl\u00e4che <strong>&#8222;F8&#8220;<\/strong>.<\/p>\n<p><span style=\"background-color: #808080; color: #ffffff;\">Schritt 4<\/span><\/p>\n<p>\u00c4ndern Sie die entsprechenden <strong>Daten<\/strong> des Lieferanten.<\/p>\n<p><span style=\"background-color: #808080; color: #ffffff;\">Schritt 5<\/span><\/p>\n<p>Oben in der Men\u00fczeile auf <strong>&#8222;Speichern&#8220;<\/strong> oder Schaltfl\u00e4che <strong>&#8222;F6&#8220;<\/strong> um die neuen Daten zu Speichern.<\/p>\n<hr \/>\n<\/div>\n<\/div>\n","protected":false},"excerpt":{"rendered":"<p>Schritt 1 Links im Hauptmen\u00fc auf &#8222;Lieferanten&#8220; Schritt 2 Bet\u00e4tigen Sie oben in der Men\u00fczeile &#8222;Neu&#8220; oder die Schaltfl\u00e4che &#8222;F5&#8220;. Schritt 3 Bet\u00e4tigen Sie die oben &#8222;Suchen&#8220; oder Schaltfl\u00e4che &#8222;F8&#8220;. Schritt 4 \u00c4ndern Sie die entsprechenden Daten des Lieferanten. Schritt 5 Oben in der Men\u00fczeile auf &#8222;Speichern&#8220; oder Schaltfl\u00e4che &#8222;F6&#8220; um die neuen Daten zu [&hellip;]<\/p>\n","protected":false},"author":5,"featured_media":0,"parent":28,"menu_order":0,"comment_status":"closed","ping_status":"closed","template":"","meta":{"footnotes":""},"class_list":["post-209","page","type-page","status-publish","hentry"],"_links":{"self":[{"href":"https:\/\/handbuch.sdigroup.de\/ctx6\/index.php?rest_route=\/wp\/v2\/pages\/209","targetHints":{"allow":["GET"]}}],"collection":[{"href":"https:\/\/handbuch.sdigroup.de\/ctx6\/index.php?rest_route=\/wp\/v2\/pages"}],"about":[{"href":"https:\/\/handbuch.sdigroup.de\/ctx6\/index.php?rest_route=\/wp\/v2\/types\/page"}],"author":[{"embeddable":true,"href":"https:\/\/handbuch.sdigroup.de\/ctx6\/index.php?rest_route=\/wp\/v2\/users\/5"}],"replies":[{"embeddable":true,"href":"https:\/\/handbuch.sdigroup.de\/ctx6\/index.php?rest_route=%2Fwp%2Fv2%2Fcomments&post=209"}],"version-history":[{"count":4,"href":"https:\/\/handbuch.sdigroup.de\/ctx6\/index.php?rest_route=\/wp\/v2\/pages\/209\/revisions"}],"predecessor-version":[{"id":2054,"href":"https:\/\/handbuch.sdigroup.de\/ctx6\/index.php?rest_route=\/wp\/v2\/pages\/209\/revisions\/2054"}],"up":[{"embeddable":true,"href":"https:\/\/handbuch.sdigroup.de\/ctx6\/index.php?rest_route=\/wp\/v2\/pages\/28"}],"wp:attachment":[{"href":"https:\/\/handbuch.sdigroup.de\/ctx6\/index.php?rest_route=%2Fwp%2Fv2%2Fmedia&parent=209"}],"curies":[{"name":"wp","href":"https:\/\/api.w.org\/{rel}","templated":true}]}}