{"id":207,"date":"2016-07-01T12:58:21","date_gmt":"2016-07-01T10:58:21","guid":{"rendered":"http:\/\/handbuch.sdigroup.de\/ctx\/?page_id=207"},"modified":"2023-08-09T10:53:06","modified_gmt":"2023-08-09T08:53:06","slug":"stammdaten-anlegen","status":"publish","type":"page","link":"https:\/\/handbuch.sdigroup.de\/ctx6\/?page_id=207","title":{"rendered":"Anlegen"},"content":{"rendered":"<p><span style=\"background-color: #808080; color: #ffffff;\">Schritt 1<\/span><\/p>\n<p>In der Hauptnavigation links auf <strong>&#8222;Lieferanten&#8220;<\/strong><\/p>\n<p><span style=\"background-color: #808080; color: #ffffff;\">Schritt 2<\/span><\/p>\n<p>Bet\u00e4tigen sie oben\u00a0in der Men\u00fczeile <strong>&#8222;Neu&#8220;<\/strong> oder die Schaltfl\u00e4che <strong>&#8222;F5&#8220;<\/strong><\/p>\n<p><span style=\"background-color: #808080; color: #ffffff;\">Schritt 3<\/span><\/p>\n<p>Best\u00e4tigen Sie die Frage:<\/p>\n<p>&#8222;<b>Wollen Sie eine neue Lieferantennummer?&#8220;<\/b> mit &#8222;<b>JA&#8220;<\/b><\/p>\n<p><span style=\"background-color: #808080; color: #ffffff;\">Schritt 4<\/span><\/p>\n<p>Geben Sie jetzt die <strong>Lieferantendaten<\/strong> ein.<\/p>\n<p><span style=\"background-color: #ffff00;\">*<em>Gelb hinterlegte Felder sind Pflichtfelder!<\/em><\/span><\/p>\n<p><span style=\"background-color: #808080; color: #ffffff;\">Schritt 5<\/span><\/p>\n<p>Danach oben in der Men\u00fczeile auf <strong>&#8222;Speichern&#8220;<\/strong> oder Schaltfl\u00e4che <strong>&#8222;F6&#8220;<\/strong> bet\u00e4tigen.<\/p>\n\n","protected":false},"excerpt":{"rendered":"<p>Schritt 1 In der Hauptnavigation links auf &#8222;Lieferanten&#8220; Schritt 2 Bet\u00e4tigen sie oben\u00a0in der Men\u00fczeile &#8222;Neu&#8220; oder die Schaltfl\u00e4che &#8222;F5&#8220; Schritt 3 Best\u00e4tigen Sie die Frage: &#8222;Wollen Sie eine neue Lieferantennummer?&#8220; mit &#8222;JA&#8220; Schritt 4 Geben Sie jetzt die Lieferantendaten ein. *Gelb hinterlegte Felder sind Pflichtfelder! Schritt 5 Danach oben in der Men\u00fczeile auf &#8222;Speichern&#8220; [&hellip;]<\/p>\n","protected":false},"author":1,"featured_media":0,"parent":28,"menu_order":0,"comment_status":"closed","ping_status":"closed","template":"","meta":{"footnotes":""},"class_list":["post-207","page","type-page","status-publish","hentry"],"_links":{"self":[{"href":"https:\/\/handbuch.sdigroup.de\/ctx6\/index.php?rest_route=\/wp\/v2\/pages\/207","targetHints":{"allow":["GET"]}}],"collection":[{"href":"https:\/\/handbuch.sdigroup.de\/ctx6\/index.php?rest_route=\/wp\/v2\/pages"}],"about":[{"href":"https:\/\/handbuch.sdigroup.de\/ctx6\/index.php?rest_route=\/wp\/v2\/types\/page"}],"author":[{"embeddable":true,"href":"https:\/\/handbuch.sdigroup.de\/ctx6\/index.php?rest_route=\/wp\/v2\/users\/1"}],"replies":[{"embeddable":true,"href":"https:\/\/handbuch.sdigroup.de\/ctx6\/index.php?rest_route=%2Fwp%2Fv2%2Fcomments&post=207"}],"version-history":[{"count":4,"href":"https:\/\/handbuch.sdigroup.de\/ctx6\/index.php?rest_route=\/wp\/v2\/pages\/207\/revisions"}],"predecessor-version":[{"id":2053,"href":"https:\/\/handbuch.sdigroup.de\/ctx6\/index.php?rest_route=\/wp\/v2\/pages\/207\/revisions\/2053"}],"up":[{"embeddable":true,"href":"https:\/\/handbuch.sdigroup.de\/ctx6\/index.php?rest_route=\/wp\/v2\/pages\/28"}],"wp:attachment":[{"href":"https:\/\/handbuch.sdigroup.de\/ctx6\/index.php?rest_route=%2Fwp%2Fv2%2Fmedia&parent=207"}],"curies":[{"name":"wp","href":"https:\/\/api.w.org\/{rel}","templated":true}]}}