{"id":1883,"date":"2020-10-23T15:39:40","date_gmt":"2020-10-23T13:39:40","guid":{"rendered":"https:\/\/handbuch.sdigroup.de\/ctx6\/?page_id=1883"},"modified":"2022-07-27T15:00:46","modified_gmt":"2022-07-27T13:00:46","slug":"schnelltastenmenue","status":"publish","type":"page","link":"https:\/\/handbuch.sdigroup.de\/ctx6\/?page_id=1883","title":{"rendered":"Schnelltastenmen\u00fc"},"content":{"rendered":"<p><strong>Hauptschnelltaste:<\/strong><\/p>\n<p><span style=\"background-color: #808080; color: #ffffff;\">Schritt 1<\/span><\/p>\n<p>Gehen Sie \u00fcber das Hauptmen\u00fc auf <strong>&#8222;Artikelstamm&#8220;<\/strong> oder \u00fcber die Hauptnavigation auf <strong>&#8222;Lager \/ Artikel&#8220;.<\/strong><\/p>\n<p><span style=\"color: #ffffff; background-color: #808080;\">Schritt 2<\/span><\/p>\n<p>Geben Sie <strong>Artikel-Nr.<\/strong> und <strong>Artikelname<\/strong> in die dementsprechenden Felder ein.<\/p>\n<p>Beispiel : Artikel-Nr.:<b> SHIRT, <\/b>Artikelname:<b> SHIRT<\/b><\/p>\n<p><img loading=\"lazy\" decoding=\"async\" class=\"alignnone wp-image-1984 size-full\" src=\"https:\/\/handbuch.sdigroup.de\/ctx6\/wp-content\/uploads\/Screenshot_3.png\" alt=\"\" width=\"911\" height=\"513\" \/><\/p>\n<p><span style=\"background-color: #808080; color: #ffffff;\">Schritt 3<\/span><\/p>\n<p>In dem Eingabefeld <strong>Gruppe<\/strong> geben Sie ihren <strong>Artikelname<\/strong> mit <strong>HST <\/strong>(Hauptschnelltaste) und einer<strong> Zahl von 1 &#8211; 9, <\/strong>f\u00fcr eine beliebige Farbe ein.<\/p>\n<p>In dem Fall w\u00e4re es: <strong>SHIRT-HST-2<\/strong><\/p>\n<p><img loading=\"lazy\" decoding=\"async\" class=\"alignnone wp-image-1902 size-full\" src=\"https:\/\/handbuch.sdigroup.de\/ctx6\/wp-content\/uploads\/Shirt-2.png\" alt=\"\" width=\"916\" height=\"189\" srcset=\"https:\/\/handbuch.sdigroup.de\/ctx6\/wp-content\/uploads\/Shirt-2.png 916w, https:\/\/handbuch.sdigroup.de\/ctx6\/wp-content\/uploads\/Shirt-2-300x62.png 300w\" sizes=\"auto, (max-width: 916px) 100vw, 916px\" \/><\/p>\n<p><span style=\"background-color: #808080; color: #ffffff;\">Schritt 4<\/span><\/p>\n<p>W\u00e4hlen Sie unten im Eingabefeld <strong>&#8222;Nr.&#8220; <\/strong>die Nummer mit <strong>&#8222;00&#8220;<\/strong> aus.<\/p>\n<p><img loading=\"lazy\" decoding=\"async\" class=\"alignnone wp-image-1904 size-full\" src=\"https:\/\/handbuch.sdigroup.de\/ctx6\/wp-content\/uploads\/00.png\" alt=\"\" width=\"914\" height=\"440\" srcset=\"https:\/\/handbuch.sdigroup.de\/ctx6\/wp-content\/uploads\/00.png 914w, https:\/\/handbuch.sdigroup.de\/ctx6\/wp-content\/uploads\/00-300x144.png 300w\" sizes=\"auto, (max-width: 914px) 100vw, 914px\" \/><em>(In dem Fall jetzt 3)<\/em><\/p>\n<p><span style=\"background-color: #808080; color: #ffffff;\">Schritt 5<\/span><\/p>\n<p>Wenn Sie das gemacht haben, gehen Sie oben auf den Knopf <strong>&#8222;Speichern&#8220;<\/strong> oder auf Schaltfl\u00e4che <strong>&#8222;F6&#8220;<\/strong>.<\/p>\n<p>\u00a0<\/p>\n<p>Schnelltaste(Untermen\u00fc der Hauptschnelltaste):<\/p>\n<p>\u00a0<\/p>\n<p><span style=\"background-color: #808080; color: #ffffff;\">Schritt 1<\/span><\/p>\n<p>Wenn Sie im Modul <strong>&#8222;Artikelstamm&#8220;<\/strong> noch nicht sind, begeben Sie sich dort hin.<\/p>\n<p><span style=\"background-color: #808080; color: #ffffff;\">Schritt 2<\/span><\/p>\n<p>Geben Sie diesmal <strong>Artikel-Nr.<\/strong> mit einer<strong> Zahl<\/strong> nach dem Wort ein und <strong>Artikelname<\/strong>\u00a0k\u00f6nnen Sie so lassen.<\/p>\n<p>Beispiel: Artikel-Nr.:<b> SHIRT1<\/b>, Artikelname: <b>SHIRT<\/b><\/p>\n<p><img loading=\"lazy\" decoding=\"async\" class=\"alignnone size-full wp-image-1905\" src=\"https:\/\/handbuch.sdigroup.de\/ctx6\/wp-content\/uploads\/tripppleeeee.png\" alt=\"\" width=\"915\" height=\"184\" srcset=\"https:\/\/handbuch.sdigroup.de\/ctx6\/wp-content\/uploads\/tripppleeeee.png 915w, https:\/\/handbuch.sdigroup.de\/ctx6\/wp-content\/uploads\/tripppleeeee-300x60.png 300w\" sizes=\"auto, (max-width: 915px) 100vw, 915px\" \/><\/p>\n<p><span style=\"background-color: #808080; color: #ffffff;\">Schritt 3<\/span><\/p>\n<p>In dem Eingabefeld <strong>Gruppe<\/strong> geben Sie diesmal ihren <strong>Artikelname<\/strong> mit <strong>ST\u00a0 <\/strong>ein (Schnelltaste) und eine<strong>\u00a0Zahl von 1 &#8211; 9, <\/strong>f\u00fcr eine beliebige Farbe.<\/p>\n<p>In dem Fall w\u00e4re es: <strong>SHIRT-ST-2\u00a0<\/strong><\/p>\n<p>Geben Sie diesmal auch einen <strong>Preis<\/strong> im Feld <strong>&#8222;VKA&#8220;<\/strong> ein.<\/p>\n<p>In diesem Beispiel: <strong>24,90\u20ac<\/strong><\/p>\n<p><img loading=\"lazy\" decoding=\"async\" class=\"alignnone size-full wp-image-1906\" src=\"https:\/\/handbuch.sdigroup.de\/ctx6\/wp-content\/uploads\/preis.png\" alt=\"\" width=\"913\" height=\"188\" srcset=\"https:\/\/handbuch.sdigroup.de\/ctx6\/wp-content\/uploads\/preis.png 913w, https:\/\/handbuch.sdigroup.de\/ctx6\/wp-content\/uploads\/preis-300x62.png 300w\" sizes=\"auto, (max-width: 913px) 100vw, 913px\" \/><\/p>\n<p><span style=\"background-color: #808080; color: #ffffff;\">Schritt 4<\/span><\/p>\n<p>Genau wie im obigen Schritt 4, w\u00e4hlen Sie Im Eingabefeld <strong>&#8222;Nr.&#8220; <\/strong>die Nummer mit der <strong>&#8222;00&#8220;<\/strong> aus.<\/p>\n<p><img loading=\"lazy\" decoding=\"async\" class=\"alignnone size-full wp-image-1904\" src=\"https:\/\/handbuch.sdigroup.de\/ctx6\/wp-content\/uploads\/00.png\" alt=\"\" width=\"914\" height=\"440\" srcset=\"https:\/\/handbuch.sdigroup.de\/ctx6\/wp-content\/uploads\/00.png 914w, https:\/\/handbuch.sdigroup.de\/ctx6\/wp-content\/uploads\/00-300x144.png 300w\" sizes=\"auto, (max-width: 914px) 100vw, 914px\" \/><\/p>\n<p><em>(In dem Fall jetzt 3)<\/em><\/p>\n<p><span style=\"background-color: #808080; color: #ffffff;\">Schritt 5<\/span><\/p>\n<p>Wenn Sie mit der Eingabe fertig sind, gehen Sie oben in der Men\u00fcleiste auf <strong>&#8222;Speichern&#8220;<\/strong> oder Schaltfl\u00e4che <strong>&#8222;F6&#8220;<\/strong><\/p>\n<p>\u00a0<\/p>\n<p>Wenn Sie oben <strong>alle 10 Schritte<\/strong> gemacht haben, kommen Sie hier runter und machen <strong>die letzten Schritte.<\/strong><\/p>\n<p>\u00a0<\/p>\n<p><span style=\"background-color: #808080; color: #ffffff;\">Schritt 6<\/span><\/p>\n<p>Wenn Sie jetzt links auf das Modul <strong>&#8222;Kasse&#8220;<\/strong> gehen und oben in der Men\u00fczeile auf <strong>Start<\/strong> sind, k\u00f6nnen Sie auf das Pulldown-Men\u00fc <strong>&#8222;Schnelltastenmen\u00fc&#8220; <\/strong>klicken<strong>. <\/strong><\/p>\n<p>Oder wenn Sie im Modul <strong>&#8222;Kasse&#8220; <\/strong>sind, k\u00f6nnen Sie unten links auf das<strong> &#8222;Schnelltastensymbol&#8220; <\/strong>klicken.<\/p>\n<p><img loading=\"lazy\" decoding=\"async\" class=\"alignnone size-full wp-image-1894\" src=\"https:\/\/handbuch.sdigroup.de\/ctx6\/wp-content\/uploads\/schnellpic.png\" alt=\"\" width=\"1152\" height=\"749\" srcset=\"https:\/\/handbuch.sdigroup.de\/ctx6\/wp-content\/uploads\/schnellpic.png 1152w, https:\/\/handbuch.sdigroup.de\/ctx6\/wp-content\/uploads\/schnellpic-300x195.png 300w, https:\/\/handbuch.sdigroup.de\/ctx6\/wp-content\/uploads\/schnellpic-1024x666.png 1024w\" sizes=\"auto, (max-width: 1152px) 100vw, 1152px\" \/><\/p>\n\n\n<p>Es wird sich das <strong>Schnelltastenmen\u00fc<\/strong> \u00f6ffnen (Entweder unten links oder Rechts auf dem Bildschirm) und Sie k\u00f6nnen dort dann denn Artikel anklicken.<\/p>\n<p><img loading=\"lazy\" decoding=\"async\" class=\"alignnone size-full wp-image-1910\" src=\"https:\/\/handbuch.sdigroup.de\/ctx6\/wp-content\/uploads\/links-unten.png\" alt=\"\" width=\"960\" height=\"631\" srcset=\"https:\/\/handbuch.sdigroup.de\/ctx6\/wp-content\/uploads\/links-unten.png 960w, https:\/\/handbuch.sdigroup.de\/ctx6\/wp-content\/uploads\/links-unten-300x197.png 300w\" sizes=\"auto, (max-width: 960px) 100vw, 960px\" \/><\/p>\n<p><img loading=\"lazy\" decoding=\"async\" class=\"alignnone size-full wp-image-1911\" src=\"https:\/\/handbuch.sdigroup.de\/ctx6\/wp-content\/uploads\/rechts-oben.png\" alt=\"\" width=\"1081\" height=\"632\" srcset=\"https:\/\/handbuch.sdigroup.de\/ctx6\/wp-content\/uploads\/rechts-oben.png 1081w, https:\/\/handbuch.sdigroup.de\/ctx6\/wp-content\/uploads\/rechts-oben-300x175.png 300w, https:\/\/handbuch.sdigroup.de\/ctx6\/wp-content\/uploads\/rechts-oben-1024x599.png 1024w\" sizes=\"auto, (max-width: 1081px) 100vw, 1081px\" \/><\/p>\n<p>Der Artikel wird <b>direkt in die Kasse gerechnet. <\/b>Das k\u00f6nnen Sie mit <strong>beliebig vielen<\/strong> Artikeln machen.<\/p>\n<p><img loading=\"lazy\" decoding=\"async\" class=\"alignnone size-full wp-image-1912\" src=\"https:\/\/handbuch.sdigroup.de\/ctx6\/wp-content\/uploads\/brrrrrrrr.png\" alt=\"\" width=\"961\" height=\"634\" srcset=\"https:\/\/handbuch.sdigroup.de\/ctx6\/wp-content\/uploads\/brrrrrrrr.png 961w, https:\/\/handbuch.sdigroup.de\/ctx6\/wp-content\/uploads\/brrrrrrrr-300x198.png 300w\" sizes=\"auto, (max-width: 961px) 100vw, 961px\" \/><\/p>\n","protected":false},"excerpt":{"rendered":"<p>Hauptschnelltaste: Schritt 1 Gehen Sie \u00fcber das Hauptmen\u00fc auf &#8222;Artikelstamm&#8220; oder \u00fcber die Hauptnavigation auf &#8222;Lager \/ Artikel&#8220;. Schritt 2 Geben Sie Artikel-Nr. und Artikelname in die dementsprechenden Felder ein. Beispiel : Artikel-Nr.: SHIRT, Artikelname: SHIRT Schritt 3 In dem Eingabefeld Gruppe geben Sie ihren Artikelname mit HST (Hauptschnelltaste) und einer Zahl von 1 &#8211; [&hellip;]<\/p>\n","protected":false},"author":1,"featured_media":0,"parent":0,"menu_order":0,"comment_status":"closed","ping_status":"closed","template":"","meta":{"footnotes":""},"class_list":["post-1883","page","type-page","status-publish","hentry"],"_links":{"self":[{"href":"https:\/\/handbuch.sdigroup.de\/ctx6\/index.php?rest_route=\/wp\/v2\/pages\/1883","targetHints":{"allow":["GET"]}}],"collection":[{"href":"https:\/\/handbuch.sdigroup.de\/ctx6\/index.php?rest_route=\/wp\/v2\/pages"}],"about":[{"href":"https:\/\/handbuch.sdigroup.de\/ctx6\/index.php?rest_route=\/wp\/v2\/types\/page"}],"author":[{"embeddable":true,"href":"https:\/\/handbuch.sdigroup.de\/ctx6\/index.php?rest_route=\/wp\/v2\/users\/1"}],"replies":[{"embeddable":true,"href":"https:\/\/handbuch.sdigroup.de\/ctx6\/index.php?rest_route=%2Fwp%2Fv2%2Fcomments&post=1883"}],"version-history":[{"count":7,"href":"https:\/\/handbuch.sdigroup.de\/ctx6\/index.php?rest_route=\/wp\/v2\/pages\/1883\/revisions"}],"predecessor-version":[{"id":1913,"href":"https:\/\/handbuch.sdigroup.de\/ctx6\/index.php?rest_route=\/wp\/v2\/pages\/1883\/revisions\/1913"}],"wp:attachment":[{"href":"https:\/\/handbuch.sdigroup.de\/ctx6\/index.php?rest_route=%2Fwp%2Fv2%2Fmedia&parent=1883"}],"curies":[{"name":"wp","href":"https:\/\/api.w.org\/{rel}","templated":true}]}}