{"id":18,"date":"2016-02-23T15:42:38","date_gmt":"2016-02-23T14:42:38","guid":{"rendered":"http:\/\/handbuch.sdigroup.de\/ctx\/?page_id=18"},"modified":"2023-08-09T10:16:06","modified_gmt":"2023-08-09T08:16:06","slug":"einstellungen","status":"publish","type":"page","link":"https:\/\/handbuch.sdigroup.de\/ctx6\/?page_id=18","title":{"rendered":"Einstellungen"},"content":{"rendered":"<p style=\"text-align: center;\"><strong>Das Hauptmen\u00fc<\/strong><\/p>\n<p style=\"text-align: center;\"><img loading=\"lazy\" decoding=\"async\" class=\"alignnone wp-image-1586 size-full\" src=\"https:\/\/handbuch.sdigroup.de\/ctx6\/wp-content\/uploads\/Hauptmenue-2.png\" alt=\"\" width=\"1920\" height=\"1022\" srcset=\"https:\/\/handbuch.sdigroup.de\/ctx6\/wp-content\/uploads\/Hauptmenue-2.png 1920w, https:\/\/handbuch.sdigroup.de\/ctx6\/wp-content\/uploads\/Hauptmenue-2-300x160.png 300w, https:\/\/handbuch.sdigroup.de\/ctx6\/wp-content\/uploads\/Hauptmenue-2-1024x545.png 1024w, https:\/\/handbuch.sdigroup.de\/ctx6\/wp-content\/uploads\/Hauptmenue-2-1536x818.png 1536w\" sizes=\"auto, (max-width: 1920px) 100vw, 1920px\" \/><\/p>\n<p>Mit diesem Hauptmen\u00fc k\u00f6nnen Sie zwischen den Modulen<strong> Kasse, Artikelstamm, Kundenstamm <\/strong>und <strong>Lieferantenstamm <\/strong>w\u00e4hlen. Die Schaltfl\u00e4che &#8222;<b>Beenden&#8220; <\/b>beendet\u00a0das Programm.<\/p>\n<p>Neben den Standardmen\u00fcs beinhaltet die <b>Men\u00fcleiste <\/b>noch die Men\u00fcs\u00a0 <strong>Systemeinstellungen, Support <\/strong>und <strong>Zusatzmodule<\/strong>.<\/p>\n<p>Das Men\u00fc <b>Systemeinstellungen <\/b>beinhaltet die Untermen\u00fcs <b>Grundeinstellungen<\/b>, <b>Benutzereinstellungen<\/b>, <strong>Firmendetails <\/strong>und <strong>Tabellen.<\/strong> Denen in diesem Kapitel eigene Unterkapitel gewidmet sind (siehe unten).<\/p>\n<p>Bet\u00e4tigen Sie die Schaltfl\u00e4che <strong>&#8222;<\/strong><b><u>B<\/u>enutzer anmelden \/ abmelden&#8220;<\/b>,<b> <\/b>dann werden alle offenen Fenster des Programms geschlossen und das Fenster Systemlogin ge\u00f6ffnet, so dass Sie einen anderen Benutzer anmelden k\u00f6nnen. Der Vorteil dieses Verfahrens besteht darin, das Sie rasch einen <strong>Benutzerwechsel durchf\u00fchren<\/strong> k\u00f6nnen, ohne das Programm beenden und wieder neu starten zu m\u00fcssen.<\/p>\n","protected":false},"excerpt":{"rendered":"<p>Das Hauptmen\u00fc Mit diesem Hauptmen\u00fc k\u00f6nnen Sie zwischen den Modulen Kasse, Artikelstamm, Kundenstamm und Lieferantenstamm w\u00e4hlen. Die Schaltfl\u00e4che &#8222;Beenden&#8220; beendet\u00a0das Programm. Neben den Standardmen\u00fcs beinhaltet die Men\u00fcleiste noch die Men\u00fcs\u00a0 Systemeinstellungen, Support und Zusatzmodule. Das Men\u00fc Systemeinstellungen beinhaltet die Untermen\u00fcs Grundeinstellungen, Benutzereinstellungen, Firmendetails und Tabellen. Denen in diesem Kapitel eigene Unterkapitel gewidmet sind (siehe unten). [&hellip;]<\/p>\n","protected":false},"author":3,"featured_media":0,"parent":0,"menu_order":0,"comment_status":"closed","ping_status":"closed","template":"","meta":{"footnotes":""},"class_list":["post-18","page","type-page","status-publish","hentry"],"_links":{"self":[{"href":"https:\/\/handbuch.sdigroup.de\/ctx6\/index.php?rest_route=\/wp\/v2\/pages\/18","targetHints":{"allow":["GET"]}}],"collection":[{"href":"https:\/\/handbuch.sdigroup.de\/ctx6\/index.php?rest_route=\/wp\/v2\/pages"}],"about":[{"href":"https:\/\/handbuch.sdigroup.de\/ctx6\/index.php?rest_route=\/wp\/v2\/types\/page"}],"author":[{"embeddable":true,"href":"https:\/\/handbuch.sdigroup.de\/ctx6\/index.php?rest_route=\/wp\/v2\/users\/3"}],"replies":[{"embeddable":true,"href":"https:\/\/handbuch.sdigroup.de\/ctx6\/index.php?rest_route=%2Fwp%2Fv2%2Fcomments&post=18"}],"version-history":[{"count":3,"href":"https:\/\/handbuch.sdigroup.de\/ctx6\/index.php?rest_route=\/wp\/v2\/pages\/18\/revisions"}],"predecessor-version":[{"id":1830,"href":"https:\/\/handbuch.sdigroup.de\/ctx6\/index.php?rest_route=\/wp\/v2\/pages\/18\/revisions\/1830"}],"wp:attachment":[{"href":"https:\/\/handbuch.sdigroup.de\/ctx6\/index.php?rest_route=%2Fwp%2Fv2%2Fmedia&parent=18"}],"curies":[{"name":"wp","href":"https:\/\/api.w.org\/{rel}","templated":true}]}}