{"id":178,"date":"2016-07-01T12:39:10","date_gmt":"2016-07-01T10:39:10","guid":{"rendered":"http:\/\/handbuch.sdigroup.de\/ctx\/?page_id=178"},"modified":"2023-08-09T10:39:28","modified_gmt":"2023-08-09T08:39:28","slug":"einnahmen-ausgaben","status":"publish","type":"page","link":"https:\/\/handbuch.sdigroup.de\/ctx6\/?page_id=178","title":{"rendered":"Einnahmen \/ Ausgaben"},"content":{"rendered":"\n\n\n\n<div class=\"content\">\n<div class=\"layer\">\n<p>Dieses Men\u00fc verschafft Ihnen einen \u00dcberblick \u00fcber Ihre gesch\u00e4ftliche Situation, durch die Gegen\u00fcberstellung aller Einnahmen und Ausgaben.<\/p>\n<\/div>\n<p><span style=\"background-color: #999999; color: #ffffff;\">Schritt 1<\/span><\/p>\n<div class=\"layer\">\n<p>Um dieses Men\u00fc zu \u00f6ffnen, k\u00f6nnen Sie links oder in der Mitte auf <strong>&#8222;Einnahamen \/ Ausgaben&#8220;<\/strong> klicken.<\/p>\n<\/div>\n<\/div>\n<p><span style=\"background-color: #999999; color: #ffffff;\">Schritt 2<\/span><\/p>\n<p>\u00a0<\/p>\n<div class=\"content\">\n<div class=\"layer\">\n<p><img loading=\"lazy\" decoding=\"async\" class=\"alignnone size-full wp-image-1626\" src=\"https:\/\/handbuch.sdigroup.de\/ctx6\/wp-content\/uploads\/Einnahmen-3.png\" alt=\"\" width=\"1279\" height=\"964\" srcset=\"https:\/\/handbuch.sdigroup.de\/ctx6\/wp-content\/uploads\/Einnahmen-3.png 1279w, https:\/\/handbuch.sdigroup.de\/ctx6\/wp-content\/uploads\/Einnahmen-3-300x226.png 300w, https:\/\/handbuch.sdigroup.de\/ctx6\/wp-content\/uploads\/Einnahmen-3-1024x772.png 1024w\" sizes=\"auto, (max-width: 1279px) 100vw, 1279px\" \/><\/p>\n<p>Die &#8222;<b>Men\u00fcleiste<\/b>&#8220; beinhaltet die Men\u00fcs Daten, Datev, Sortierung, Druckeinstellung und Hilfe.<\/p>\n<p>Das Men\u00fc &#8222;<b><u>S<\/u>ortierung<\/b>&#8220; beinhaltet die Befehle &#8222;<b>Einnahmen \/Ausgaben: Sortieren nach<\/b>&#8222;.<\/p>\n<p>Der Befehl &#8222;<b>Einnahmen: Sortieren nach<\/b>&#8220; erm\u00f6glicht es Ihnen, die Einnahmen nach Auftragsart, Auftrags datum und Auftrags-Nr. zu sortieren.<\/p>\n<p>Der Befehl &#8222;<b>Ausgaben: Sortieren nach<\/b>&#8220; erm\u00f6glicht es Ihnen die Ausgaben nach Belegdatu<u>m<\/u>, <u>B<\/u>elegtext und Beleg-Nr. zu sortieren.<\/p>\n<p>Das Eingabefeld <b>Kassenabrechnung<\/b>: erm\u00f6glicht es Ihnen, per Listenfeld Monatszeitr\u00e4ume auszuw\u00e4hlen. In das Eingabefeld <b>\u00dcbertrag des Vortrages<\/b> geben Sie den Endbestand der vorhergehenden Abrechnung ein.<\/p>\n<p><span style=\"background-color: #339966; color: #ffffff;\">Das Men\u00fc &#8222;<b>Druck<u>e<\/u>instellung<\/b>&#8220; beinhaltet den Befehl &#8222;<b><u>S<\/u>eitenansicht<\/b><\/span><span style=\"background-color: #339966; color: #ffffff;\">&#8222;<\/span><span style=\"background-color: #339966; color: #ffffff;\">, mit dessen Hilfe Sie sich auf dem Bildschirm eine Seitenansicht Ihres Ausdruckes ansehen k\u00f6nnen.<\/span><\/p>\n<p><span style=\"background-color: #ff0000; color: #ffffff;\">Die Tabellen k\u00f6nnen Sie sortieren und bearbeiten. Die Daten in der Tabelle k\u00f6nnen Sie allerdings nicht bearbeiten.<\/span><\/p>\n<hr \/><\/div>\n<\/div>","protected":false},"excerpt":{"rendered":"<p>Dieses Men\u00fc verschafft Ihnen einen \u00dcberblick \u00fcber Ihre gesch\u00e4ftliche Situation, durch die Gegen\u00fcberstellung aller Einnahmen und Ausgaben. Schritt 1 Um dieses Men\u00fc zu \u00f6ffnen, k\u00f6nnen Sie links oder in der Mitte auf &#8222;Einnahamen \/ Ausgaben&#8220; klicken. Schritt 2 \u00a0 Die &#8222;Men\u00fcleiste&#8220; beinhaltet die Men\u00fcs Daten, Datev, Sortierung, Druckeinstellung und Hilfe. Das Men\u00fc &#8222;Sortierung&#8220; beinhaltet die [&hellip;]<\/p>\n","protected":false},"author":5,"featured_media":0,"parent":164,"menu_order":0,"comment_status":"closed","ping_status":"closed","template":"","meta":{"footnotes":""},"class_list":["post-178","page","type-page","status-publish","hentry"],"_links":{"self":[{"href":"https:\/\/handbuch.sdigroup.de\/ctx6\/index.php?rest_route=\/wp\/v2\/pages\/178","targetHints":{"allow":["GET"]}}],"collection":[{"href":"https:\/\/handbuch.sdigroup.de\/ctx6\/index.php?rest_route=\/wp\/v2\/pages"}],"about":[{"href":"https:\/\/handbuch.sdigroup.de\/ctx6\/index.php?rest_route=\/wp\/v2\/types\/page"}],"author":[{"embeddable":true,"href":"https:\/\/handbuch.sdigroup.de\/ctx6\/index.php?rest_route=\/wp\/v2\/users\/5"}],"replies":[{"embeddable":true,"href":"https:\/\/handbuch.sdigroup.de\/ctx6\/index.php?rest_route=%2Fwp%2Fv2%2Fcomments&post=178"}],"version-history":[{"count":5,"href":"https:\/\/handbuch.sdigroup.de\/ctx6\/index.php?rest_route=\/wp\/v2\/pages\/178\/revisions"}],"predecessor-version":[{"id":2047,"href":"https:\/\/handbuch.sdigroup.de\/ctx6\/index.php?rest_route=\/wp\/v2\/pages\/178\/revisions\/2047"}],"up":[{"embeddable":true,"href":"https:\/\/handbuch.sdigroup.de\/ctx6\/index.php?rest_route=\/wp\/v2\/pages\/164"}],"wp:attachment":[{"href":"https:\/\/handbuch.sdigroup.de\/ctx6\/index.php?rest_route=%2Fwp%2Fv2%2Fmedia&parent=178"}],"curies":[{"name":"wp","href":"https:\/\/api.w.org\/{rel}","templated":true}]}}