{"id":176,"date":"2016-07-01T12:38:52","date_gmt":"2016-07-01T10:38:52","guid":{"rendered":"http:\/\/handbuch.sdigroup.de\/ctx\/?page_id=176"},"modified":"2023-08-09T10:39:20","modified_gmt":"2023-08-09T08:39:20","slug":"kassenbuch-abrechnung","status":"publish","type":"page","link":"https:\/\/handbuch.sdigroup.de\/ctx6\/?page_id=176","title":{"rendered":"Abrechnung"},"content":{"rendered":"<p>In <strong>Kassenbuch &#8211; Abrechnung<\/strong> gehen alle <strong>Bareinnahmen<\/strong> und <b>Bar ausgaben<\/b> ein. Dies erm\u00f6glicht es Ihnen, Ihren Kassenbestand zu kontrollieren und einen Finanzamt gerechten Kassenbuch Bericht auszudrucken.<\/p>\n<p><img loading=\"lazy\" decoding=\"async\" class=\"alignnone wp-image-1617 size-full\" src=\"https:\/\/handbuch.sdigroup.de\/ctx6\/wp-content\/uploads\/Abrechnung.png\" alt=\"\" width=\"1192\" height=\"804\" srcset=\"https:\/\/handbuch.sdigroup.de\/ctx6\/wp-content\/uploads\/Abrechnung.png 1192w, https:\/\/handbuch.sdigroup.de\/ctx6\/wp-content\/uploads\/Abrechnung-300x202.png 300w, https:\/\/handbuch.sdigroup.de\/ctx6\/wp-content\/uploads\/Abrechnung-1024x691.png 1024w\" sizes=\"auto, (max-width: 1192px) 100vw, 1192px\" \/><\/p>\n<p>Die <b>Men\u00fcleiste<\/b> beinhaltet die Men\u00fcs <strong><u>D<\/u>aten<\/strong> und <strong><u>E<\/u>instellung<\/strong>.<\/p>\n<p>Das Men\u00fc <b><u>D<\/u>aten <\/b>beinhaltet die Befehle, die Sie auch \u00fcber die Schaltfl\u00e4chen bedienen k\u00f6nnen.<\/p>\n<p>Das Men\u00fc <strong>Druckeinstellung<\/strong>\u00a0beinhaltet den Befehl <b>Seitenansicht<\/b>, mit dessen Hilfe Sie sich auf dem Bildschirm eine Seitenansicht Ihres Ausdruckes ansehen k\u00f6nnen.<\/p>\n<p>Das Eingabefeld <b>Datum<\/b> erm\u00f6glicht es Ihnen, per Listenfeld Monatszeitr\u00e4ume auszuw\u00e4hlen.<\/p>\n<p>In das Eingabefeld <b>\u00dcbertrag <\/b>geben Sie den Endbestand der vorhergehenden Abrechnung ein.<\/p>\n<p>Die <b>Tabelle<\/b> k\u00f6nnen Sie bearbeiten. Die <b>Daten<\/b> in der Tabelle k\u00f6nnen Sie mit Ausnahme der Spalten <b>Vorgang \/ Beleg Text <\/b>und <b>Gegenkonto <\/b>allerdings <b>nicht bearbeiten<\/b>.<\/p>\n","protected":false},"excerpt":{"rendered":"<p>In Kassenbuch &#8211; Abrechnung gehen alle Bareinnahmen und Bar ausgaben ein. Dies erm\u00f6glicht es Ihnen, Ihren Kassenbestand zu kontrollieren und einen Finanzamt gerechten Kassenbuch Bericht auszudrucken. Die Men\u00fcleiste beinhaltet die Men\u00fcs Daten und Einstellung. Das Men\u00fc Daten beinhaltet die Befehle, die Sie auch \u00fcber die Schaltfl\u00e4chen bedienen k\u00f6nnen. Das Men\u00fc Druckeinstellung\u00a0beinhaltet den Befehl Seitenansicht, mit [&hellip;]<\/p>\n","protected":false},"author":5,"featured_media":0,"parent":164,"menu_order":0,"comment_status":"closed","ping_status":"closed","template":"","meta":{"footnotes":""},"class_list":["post-176","page","type-page","status-publish","hentry"],"_links":{"self":[{"href":"https:\/\/handbuch.sdigroup.de\/ctx6\/index.php?rest_route=\/wp\/v2\/pages\/176","targetHints":{"allow":["GET"]}}],"collection":[{"href":"https:\/\/handbuch.sdigroup.de\/ctx6\/index.php?rest_route=\/wp\/v2\/pages"}],"about":[{"href":"https:\/\/handbuch.sdigroup.de\/ctx6\/index.php?rest_route=\/wp\/v2\/types\/page"}],"author":[{"embeddable":true,"href":"https:\/\/handbuch.sdigroup.de\/ctx6\/index.php?rest_route=\/wp\/v2\/users\/5"}],"replies":[{"embeddable":true,"href":"https:\/\/handbuch.sdigroup.de\/ctx6\/index.php?rest_route=%2Fwp%2Fv2%2Fcomments&post=176"}],"version-history":[{"count":4,"href":"https:\/\/handbuch.sdigroup.de\/ctx6\/index.php?rest_route=\/wp\/v2\/pages\/176\/revisions"}],"predecessor-version":[{"id":2046,"href":"https:\/\/handbuch.sdigroup.de\/ctx6\/index.php?rest_route=\/wp\/v2\/pages\/176\/revisions\/2046"}],"up":[{"embeddable":true,"href":"https:\/\/handbuch.sdigroup.de\/ctx6\/index.php?rest_route=\/wp\/v2\/pages\/164"}],"wp:attachment":[{"href":"https:\/\/handbuch.sdigroup.de\/ctx6\/index.php?rest_route=%2Fwp%2Fv2%2Fmedia&parent=176"}],"curies":[{"name":"wp","href":"https:\/\/api.w.org\/{rel}","templated":true}]}}