{"id":170,"date":"2016-07-01T12:37:52","date_gmt":"2016-07-01T10:37:52","guid":{"rendered":"http:\/\/handbuch.sdigroup.de\/ctx\/?page_id=170"},"modified":"2023-08-09T10:38:34","modified_gmt":"2023-08-09T08:38:34","slug":"kassenbuch-bearbeiten","status":"publish","type":"page","link":"https:\/\/handbuch.sdigroup.de\/ctx6\/?page_id=170","title":{"rendered":"Bearbeiten"},"content":{"rendered":"<p>Zus\u00e4tzlich zu dem in <strong>Kassenbuch &#8211; Daten<\/strong><b> <\/b>gegebenen M\u00f6glichkeiten k\u00f6nnen in diesem Men\u00fc Kassenbelege neu eingetragen, ver\u00e4ndert oder gel\u00f6scht werden.<\/p>\n<p>Bauausgaben werden im Kassenbuch verbucht, \u00dcberweisungen und Schecks dagegen nur in den<strong> Einnahmen &#8211; Ausgaben.<\/strong><\/p>\n<p>Kassenbuch &#8211; bearbeiten:<\/p>\n<p><img loading=\"lazy\" decoding=\"async\" class=\"alignnone wp-image-1607 size-full\" src=\"https:\/\/handbuch.sdigroup.de\/ctx6\/wp-content\/uploads\/Daten-bearbeiten.png\" alt=\"\" width=\"1279\" height=\"843\" srcset=\"https:\/\/handbuch.sdigroup.de\/ctx6\/wp-content\/uploads\/Daten-bearbeiten.png 1279w, https:\/\/handbuch.sdigroup.de\/ctx6\/wp-content\/uploads\/Daten-bearbeiten-300x198.png 300w, https:\/\/handbuch.sdigroup.de\/ctx6\/wp-content\/uploads\/Daten-bearbeiten-1024x675.png 1024w\" sizes=\"auto, (max-width: 1279px) 100vw, 1279px\" \/><\/p>\n<p>Die <b>Men\u00fcleiste<\/b> beinhaltet die Standardmen\u00fcs der Eingabemasken.<\/p>\n<p>Das Men\u00fc <b>Daten <\/b>beinhaltet die Befehle, die Sie auch \u00fcber die Schaltfl\u00e4chen bedienen k\u00f6nnen.<\/p>\n<p>Das Men\u00fc\u00a0<strong>Bearbeiten\u00a0<\/strong>beinhaltet die Befehle,\u00a0<strong>R\u00fcckg\u00e4ngig, Schneiden, Kopieren, Einf\u00fcgen <\/strong>und <strong>L\u00f6schen.<\/strong><\/p>\n<p>Das Men\u00fc <b>Sortierung <\/b>erm\u00f6glicht es Ihnen, die Datens\u00e4tze nach <b>Beleg-ID.<\/b>, <b>Beleg-Nr.<\/b> und <b>Beleg text<\/b>\u00a0zu sortieren.<\/p>\n","protected":false},"excerpt":{"rendered":"<p>Zus\u00e4tzlich zu dem in Kassenbuch &#8211; Daten gegebenen M\u00f6glichkeiten k\u00f6nnen in diesem Men\u00fc Kassenbelege neu eingetragen, ver\u00e4ndert oder gel\u00f6scht werden. Bauausgaben werden im Kassenbuch verbucht, \u00dcberweisungen und Schecks dagegen nur in den Einnahmen &#8211; Ausgaben. Kassenbuch &#8211; bearbeiten: Die Men\u00fcleiste beinhaltet die Standardmen\u00fcs der Eingabemasken. Das Men\u00fc Daten beinhaltet die Befehle, die Sie auch \u00fcber [&hellip;]<\/p>\n","protected":false},"author":5,"featured_media":0,"parent":164,"menu_order":0,"comment_status":"closed","ping_status":"closed","template":"","meta":{"footnotes":""},"class_list":["post-170","page","type-page","status-publish","hentry"],"_links":{"self":[{"href":"https:\/\/handbuch.sdigroup.de\/ctx6\/index.php?rest_route=\/wp\/v2\/pages\/170","targetHints":{"allow":["GET"]}}],"collection":[{"href":"https:\/\/handbuch.sdigroup.de\/ctx6\/index.php?rest_route=\/wp\/v2\/pages"}],"about":[{"href":"https:\/\/handbuch.sdigroup.de\/ctx6\/index.php?rest_route=\/wp\/v2\/types\/page"}],"author":[{"embeddable":true,"href":"https:\/\/handbuch.sdigroup.de\/ctx6\/index.php?rest_route=\/wp\/v2\/users\/5"}],"replies":[{"embeddable":true,"href":"https:\/\/handbuch.sdigroup.de\/ctx6\/index.php?rest_route=%2Fwp%2Fv2%2Fcomments&post=170"}],"version-history":[{"count":6,"href":"https:\/\/handbuch.sdigroup.de\/ctx6\/index.php?rest_route=\/wp\/v2\/pages\/170\/revisions"}],"predecessor-version":[{"id":2044,"href":"https:\/\/handbuch.sdigroup.de\/ctx6\/index.php?rest_route=\/wp\/v2\/pages\/170\/revisions\/2044"}],"up":[{"embeddable":true,"href":"https:\/\/handbuch.sdigroup.de\/ctx6\/index.php?rest_route=\/wp\/v2\/pages\/164"}],"wp:attachment":[{"href":"https:\/\/handbuch.sdigroup.de\/ctx6\/index.php?rest_route=%2Fwp%2Fv2%2Fmedia&parent=170"}],"curies":[{"name":"wp","href":"https:\/\/api.w.org\/{rel}","templated":true}]}}