{"id":168,"date":"2016-07-01T12:37:37","date_gmt":"2016-07-01T10:37:37","guid":{"rendered":"http:\/\/handbuch.sdigroup.de\/ctx\/?page_id=168"},"modified":"2023-08-09T10:43:36","modified_gmt":"2023-08-09T08:43:36","slug":"kassenbuch-tabelle","status":"publish","type":"page","link":"https:\/\/handbuch.sdigroup.de\/ctx6\/?page_id=168","title":{"rendered":"Liste"},"content":{"rendered":"<p><img loading=\"lazy\" decoding=\"async\" class=\"alignnone wp-image-1609 size-full\" src=\"https:\/\/handbuch.sdigroup.de\/ctx6\/wp-content\/uploads\/Tabelle.png\" alt=\"\" width=\"1108\" height=\"561\" srcset=\"https:\/\/handbuch.sdigroup.de\/ctx6\/wp-content\/uploads\/Tabelle.png 1108w, https:\/\/handbuch.sdigroup.de\/ctx6\/wp-content\/uploads\/Tabelle-300x152.png 300w, https:\/\/handbuch.sdigroup.de\/ctx6\/wp-content\/uploads\/Tabelle-1024x518.png 1024w\" sizes=\"auto, (max-width: 1108px) 100vw, 1108px\" \/><\/p>\n<p>Die <b>Men\u00fcleiste <\/b>enth\u00e4lt die Standard-Men\u00fcleiste f\u00fcr <strong>Listen.<\/strong><\/p>\n<p>Das Men\u00fc <b>Drucken <\/b>beinhaltet den Befehl <strong>&#8222;<\/strong><b>Tabelle&#8220; <\/b>oder Schaltfl\u00e4che <b>&#8222;F4&#8220;<\/b>,<b> <\/b>mit dessen Hilfe Sie Ihre Tabelle als Liste ausdrucken k\u00f6nnen. Den Befehl <strong>&#8222;<\/strong><b>Tabelle kopieren&#8220; <\/b>oder Schaltfl\u00e4che<b> &#8222;Ctrl+K&#8220;<\/b>,<b> <\/b>mit dessen Hilfe Sie die Tabelle kopieren.<\/p>\n<p>Die <b>Tabelle<\/b> k\u00f6nnen Sie umsortieren und bearbeiten. Die <b>Daten<\/b> in der Tabelle k\u00f6nnen Sie allerdings <b>nicht bearbeiten<\/b>.<\/p>\n","protected":false},"excerpt":{"rendered":"<p>Die Men\u00fcleiste enth\u00e4lt die Standard-Men\u00fcleiste f\u00fcr Listen. Das Men\u00fc Drucken beinhaltet den Befehl &#8222;Tabelle&#8220; oder Schaltfl\u00e4che &#8222;F4&#8220;, mit dessen Hilfe Sie Ihre Tabelle als Liste ausdrucken k\u00f6nnen. Den Befehl &#8222;Tabelle kopieren&#8220; oder Schaltfl\u00e4che &#8222;Ctrl+K&#8220;, mit dessen Hilfe Sie die Tabelle kopieren. Die Tabelle k\u00f6nnen Sie umsortieren und bearbeiten. Die Daten in der Tabelle k\u00f6nnen Sie [&hellip;]<\/p>\n","protected":false},"author":5,"featured_media":0,"parent":164,"menu_order":0,"comment_status":"closed","ping_status":"closed","template":"","meta":{"footnotes":""},"class_list":["post-168","page","type-page","status-publish","hentry"],"_links":{"self":[{"href":"https:\/\/handbuch.sdigroup.de\/ctx6\/index.php?rest_route=\/wp\/v2\/pages\/168","targetHints":{"allow":["GET"]}}],"collection":[{"href":"https:\/\/handbuch.sdigroup.de\/ctx6\/index.php?rest_route=\/wp\/v2\/pages"}],"about":[{"href":"https:\/\/handbuch.sdigroup.de\/ctx6\/index.php?rest_route=\/wp\/v2\/types\/page"}],"author":[{"embeddable":true,"href":"https:\/\/handbuch.sdigroup.de\/ctx6\/index.php?rest_route=\/wp\/v2\/users\/5"}],"replies":[{"embeddable":true,"href":"https:\/\/handbuch.sdigroup.de\/ctx6\/index.php?rest_route=%2Fwp%2Fv2%2Fcomments&post=168"}],"version-history":[{"count":5,"href":"https:\/\/handbuch.sdigroup.de\/ctx6\/index.php?rest_route=\/wp\/v2\/pages\/168\/revisions"}],"predecessor-version":[{"id":2050,"href":"https:\/\/handbuch.sdigroup.de\/ctx6\/index.php?rest_route=\/wp\/v2\/pages\/168\/revisions\/2050"}],"up":[{"embeddable":true,"href":"https:\/\/handbuch.sdigroup.de\/ctx6\/index.php?rest_route=\/wp\/v2\/pages\/164"}],"wp:attachment":[{"href":"https:\/\/handbuch.sdigroup.de\/ctx6\/index.php?rest_route=%2Fwp%2Fv2%2Fmedia&parent=168"}],"curies":[{"name":"wp","href":"https:\/\/api.w.org\/{rel}","templated":true}]}}