{"id":166,"date":"2016-07-01T12:37:19","date_gmt":"2016-07-01T10:37:19","guid":{"rendered":"http:\/\/handbuch.sdigroup.de\/ctx\/?page_id=166"},"modified":"2023-08-09T10:38:52","modified_gmt":"2023-08-09T08:38:52","slug":"kassenbuch-daten","status":"publish","type":"page","link":"https:\/\/handbuch.sdigroup.de\/ctx6\/?page_id=166","title":{"rendered":"Belege"},"content":{"rendered":"<div class=\"content\">\n<div class=\"layer\">\n<p>Ein oder bzw. mehrere <strong>Kassenbuch Belege<\/strong> k\u00f6nnen anhand der Belegnummer, des Belegdatums oder -Textes gesucht, in einer Tabelle angezeigt oder in einer Liste ausgedruckt werden. Es k\u00f6nnen <strong>keine Ver\u00e4nderungen<\/strong> an den Belegen vorgenommen werden.<\/p>\n<p><img loading=\"lazy\" decoding=\"async\" class=\"alignnone wp-image-1614 size-full\" src=\"https:\/\/handbuch.sdigroup.de\/ctx6\/wp-content\/uploads\/Beleg.png\" alt=\"\" width=\"856\" height=\"426\" srcset=\"https:\/\/handbuch.sdigroup.de\/ctx6\/wp-content\/uploads\/Beleg.png 856w, https:\/\/handbuch.sdigroup.de\/ctx6\/wp-content\/uploads\/Beleg-300x149.png 300w\" sizes=\"auto, (max-width: 856px) 100vw, 856px\" \/><\/p>\n<p>Die <b>Men\u00fcleiste<\/b> beinhaltet die Standardmen\u00fcs der Eingabemasken.<\/p>\n<p>Das Men\u00fc <b>Daten <\/b>beinhaltet die Befehle, die Sie auch \u00fcber die Schaltfl\u00e4chen bedienen k\u00f6nnen.<\/p>\n<p>Das Men\u00fc\u00a0<strong>Bearbeiten\u00a0<\/strong>beinhaltet die Befehle,\u00a0<strong>R\u00fcckg\u00e4ngig, Schneiden, Kopieren, Einf\u00fcgen<\/strong> und<strong> L\u00f6schen.\u00a0<\/strong><\/p>\n<p>Das Men\u00fc <b>Sortierung <\/b>erm\u00f6glicht es Ihnen, die Datens\u00e4tze nach <b>Beleg-ID. <\/b>, <b>Beleg-Nr.<\/b> und <b>Beleg\u00a0Text<\/b>\u00a0zu sortieren.<\/p>\n<p>Das Men\u00fc\u00a0<strong>Fenster<\/strong> erm\u00f6glicht es Ihnen, zwischen Modulen zu springen ohne es zu schlie\u00dfen.<\/p>\n<hr \/>\n<\/div>\n<\/div>\n","protected":false},"excerpt":{"rendered":"<p>Ein oder bzw. mehrere Kassenbuch Belege k\u00f6nnen anhand der Belegnummer, des Belegdatums oder -Textes gesucht, in einer Tabelle angezeigt oder in einer Liste ausgedruckt werden. Es k\u00f6nnen keine Ver\u00e4nderungen an den Belegen vorgenommen werden. Die Men\u00fcleiste beinhaltet die Standardmen\u00fcs der Eingabemasken. Das Men\u00fc Daten beinhaltet die Befehle, die Sie auch \u00fcber die Schaltfl\u00e4chen bedienen k\u00f6nnen. [&hellip;]<\/p>\n","protected":false},"author":5,"featured_media":0,"parent":164,"menu_order":0,"comment_status":"closed","ping_status":"closed","template":"","meta":{"footnotes":""},"class_list":["post-166","page","type-page","status-publish","hentry"],"_links":{"self":[{"href":"https:\/\/handbuch.sdigroup.de\/ctx6\/index.php?rest_route=\/wp\/v2\/pages\/166","targetHints":{"allow":["GET"]}}],"collection":[{"href":"https:\/\/handbuch.sdigroup.de\/ctx6\/index.php?rest_route=\/wp\/v2\/pages"}],"about":[{"href":"https:\/\/handbuch.sdigroup.de\/ctx6\/index.php?rest_route=\/wp\/v2\/types\/page"}],"author":[{"embeddable":true,"href":"https:\/\/handbuch.sdigroup.de\/ctx6\/index.php?rest_route=\/wp\/v2\/users\/5"}],"replies":[{"embeddable":true,"href":"https:\/\/handbuch.sdigroup.de\/ctx6\/index.php?rest_route=%2Fwp%2Fv2%2Fcomments&post=166"}],"version-history":[{"count":5,"href":"https:\/\/handbuch.sdigroup.de\/ctx6\/index.php?rest_route=\/wp\/v2\/pages\/166\/revisions"}],"predecessor-version":[{"id":2045,"href":"https:\/\/handbuch.sdigroup.de\/ctx6\/index.php?rest_route=\/wp\/v2\/pages\/166\/revisions\/2045"}],"up":[{"embeddable":true,"href":"https:\/\/handbuch.sdigroup.de\/ctx6\/index.php?rest_route=\/wp\/v2\/pages\/164"}],"wp:attachment":[{"href":"https:\/\/handbuch.sdigroup.de\/ctx6\/index.php?rest_route=%2Fwp%2Fv2%2Fmedia&parent=166"}],"curies":[{"name":"wp","href":"https:\/\/api.w.org\/{rel}","templated":true}]}}