{"id":1356,"date":"2020-02-25T14:05:00","date_gmt":"2020-02-25T13:05:00","guid":{"rendered":"https:\/\/handbuch.sdigroup.de\/ctx\/?page_id=1356"},"modified":"2023-08-09T11:50:44","modified_gmt":"2023-08-09T09:50:44","slug":"kassen-abschluss-2","status":"publish","type":"page","link":"https:\/\/handbuch.sdigroup.de\/ctx6\/?page_id=1356","title":{"rendered":"Kassenabschluss"},"content":{"rendered":"\n<p><span style=\"background-color: #808080; color: #ffffff;\">Schritt 1<\/span><\/p>\n<p>Im Hauptmen\u00fc auf <strong>&#8222;Kasse&#8220;<\/strong> oder links in der Hauptnavigation auf <strong>&#8222;Kasse&#8220;.<\/strong><\/p>\n<p><span style=\"background-color: #808080; color: #ffffff;\">Schritt 2<\/span><\/p>\n<p>Oben in der Men\u00fczeile auf <strong>Start<\/strong> und dann auf <strong>&#8222;Kassenabschluss&#8220;.<\/strong><\/p>\n<p><span style=\"background-color: #808080; color: #ffffff;\">Schritt 3<\/span><\/p>\n<p>Die Werte \u00fcberpr\u00fcfen auf Richtigkeit.<\/p>\n<p><img loading=\"lazy\" decoding=\"async\" class=\"alignnone size-full wp-image-1868\" src=\"https:\/\/handbuch.sdigroup.de\/ctx6\/wp-content\/uploads\/Kassenabschluss-1.png\" alt=\"\" width=\"1060\" height=\"366\" srcset=\"https:\/\/handbuch.sdigroup.de\/ctx6\/wp-content\/uploads\/Kassenabschluss-1.png 1060w, https:\/\/handbuch.sdigroup.de\/ctx6\/wp-content\/uploads\/Kassenabschluss-1-300x104.png 300w, https:\/\/handbuch.sdigroup.de\/ctx6\/wp-content\/uploads\/Kassenabschluss-1-1024x354.png 1024w\" sizes=\"auto, (max-width: 1060px) 100vw, 1060px\" \/><\/p>\n<p><span style=\"background-color: #808080; color: #ffffff;\">Schritt 4<\/span><\/p>\n<p>Oben in der Kassenabschlusszeile auf <strong>&#8222;Kassenabschluss durchf\u00fchren und drucken&#8220;<\/strong> bet\u00e4tigen oder Schaltfl\u00e4che <strong>&#8222;F4&#8220;<\/strong> drucken.<\/p>\n<p><img loading=\"lazy\" decoding=\"async\" class=\"alignnone size-full wp-image-1869\" src=\"https:\/\/handbuch.sdigroup.de\/ctx6\/wp-content\/uploads\/Kassenabschluss-2.png\" alt=\"\" width=\"1060\" height=\"366\" srcset=\"https:\/\/handbuch.sdigroup.de\/ctx6\/wp-content\/uploads\/Kassenabschluss-2.png 1060w, https:\/\/handbuch.sdigroup.de\/ctx6\/wp-content\/uploads\/Kassenabschluss-2-300x104.png 300w, https:\/\/handbuch.sdigroup.de\/ctx6\/wp-content\/uploads\/Kassenabschluss-2-1024x354.png 1024w\" sizes=\"auto, (max-width: 1060px) 100vw, 1060px\" \/><\/p>\n<p><em>(Kassenabschluss wird gedruckt!)<\/em><\/p>\n","protected":false},"excerpt":{"rendered":"<p>Schritt 1 Im Hauptmen\u00fc auf &#8222;Kasse&#8220; oder links in der Hauptnavigation auf &#8222;Kasse&#8220;. Schritt 2 Oben in der Men\u00fczeile auf Start und dann auf &#8222;Kassenabschluss&#8220;. Schritt 3 Die Werte \u00fcberpr\u00fcfen auf Richtigkeit. Schritt 4 Oben in der Kassenabschlusszeile auf &#8222;Kassenabschluss durchf\u00fchren und drucken&#8220; bet\u00e4tigen oder Schaltfl\u00e4che &#8222;F4&#8220; drucken. (Kassenabschluss wird gedruckt!)<\/p>\n","protected":false},"author":4,"featured_media":0,"parent":48,"menu_order":0,"comment_status":"closed","ping_status":"closed","template":"","meta":{"footnotes":""},"class_list":["post-1356","page","type-page","status-publish","hentry"],"_links":{"self":[{"href":"https:\/\/handbuch.sdigroup.de\/ctx6\/index.php?rest_route=\/wp\/v2\/pages\/1356","targetHints":{"allow":["GET"]}}],"collection":[{"href":"https:\/\/handbuch.sdigroup.de\/ctx6\/index.php?rest_route=\/wp\/v2\/pages"}],"about":[{"href":"https:\/\/handbuch.sdigroup.de\/ctx6\/index.php?rest_route=\/wp\/v2\/types\/page"}],"author":[{"embeddable":true,"href":"https:\/\/handbuch.sdigroup.de\/ctx6\/index.php?rest_route=\/wp\/v2\/users\/4"}],"replies":[{"embeddable":true,"href":"https:\/\/handbuch.sdigroup.de\/ctx6\/index.php?rest_route=%2Fwp%2Fv2%2Fcomments&post=1356"}],"version-history":[{"count":2,"href":"https:\/\/handbuch.sdigroup.de\/ctx6\/index.php?rest_route=\/wp\/v2\/pages\/1356\/revisions"}],"predecessor-version":[{"id":1870,"href":"https:\/\/handbuch.sdigroup.de\/ctx6\/index.php?rest_route=\/wp\/v2\/pages\/1356\/revisions\/1870"}],"up":[{"embeddable":true,"href":"https:\/\/handbuch.sdigroup.de\/ctx6\/index.php?rest_route=\/wp\/v2\/pages\/48"}],"wp:attachment":[{"href":"https:\/\/handbuch.sdigroup.de\/ctx6\/index.php?rest_route=%2Fwp%2Fv2%2Fmedia&parent=1356"}],"curies":[{"name":"wp","href":"https:\/\/api.w.org\/{rel}","templated":true}]}}