{"id":1230,"date":"2020-02-03T09:57:15","date_gmt":"2020-02-03T08:57:15","guid":{"rendered":"https:\/\/handbuch.sdigroup.de\/ctx\/?page_id=1230"},"modified":"2023-08-09T11:23:27","modified_gmt":"2023-08-09T09:23:27","slug":"rest-auszahlen","status":"publish","type":"page","link":"https:\/\/handbuch.sdigroup.de\/ctx6\/?page_id=1230","title":{"rendered":"Rest auszahlen \/ Umtausch"},"content":{"rendered":"\n<h4><strong>Anleitung Retoure &amp; Rest auszahlen<\/strong><\/h4>\n<p>Kunde bringt Ware zur\u00fcck und kauft neues &#8211; erh\u00e4lt Geld zur\u00fcck<\/p>\n<p><span style=\"color: #ff0000;\">Reiter oben links <strong>&#8222;Beleg&#8220;<\/strong> und rechts <strong>Waren Retoure.<\/strong><\/span><\/p>\n<p><img loading=\"lazy\" decoding=\"async\" class=\"alignnone wp-image-1540 size-full\" src=\"https:\/\/handbuch.sdigroup.de\/ctx6\/wp-content\/uploads\/Kasse-1.png\" alt=\"\" width=\"961\" height=\"633\" srcset=\"https:\/\/handbuch.sdigroup.de\/ctx6\/wp-content\/uploads\/Kasse-1.png 961w, https:\/\/handbuch.sdigroup.de\/ctx6\/wp-content\/uploads\/Kasse-1-300x198.png 300w\" sizes=\"auto, (max-width: 961px) 100vw, 961px\" \/><\/p>\n<p><span style=\"color: #ff0000;\">1. Artikel scannen<\/span><\/p>\n<p><img loading=\"lazy\" decoding=\"async\" class=\"alignnone wp-image-1685 size-full\" src=\"https:\/\/handbuch.sdigroup.de\/ctx6\/wp-content\/uploads\/333.png\" alt=\"\" width=\"1153\" height=\"771\" srcset=\"https:\/\/handbuch.sdigroup.de\/ctx6\/wp-content\/uploads\/333.png 1153w, https:\/\/handbuch.sdigroup.de\/ctx6\/wp-content\/uploads\/333-300x201.png 300w, https:\/\/handbuch.sdigroup.de\/ctx6\/wp-content\/uploads\/333-1024x685.png 1024w\" sizes=\"auto, (max-width: 1153px) 100vw, 1153px\" \/><\/p>\n<p><span style=\"color: #ff0000;\">2.Zahlung drucken<\/span><\/p>\n<p><span style=\"color: #ff0000;\"><img loading=\"lazy\" decoding=\"async\" class=\"alignnone wp-image-1687 size-full\" src=\"https:\/\/handbuch.sdigroup.de\/ctx6\/wp-content\/uploads\/Offener-Betrag-1.png\" alt=\"\" width=\"416\" height=\"134\" srcset=\"https:\/\/handbuch.sdigroup.de\/ctx6\/wp-content\/uploads\/Offener-Betrag-1.png 416w, https:\/\/handbuch.sdigroup.de\/ctx6\/wp-content\/uploads\/Offener-Betrag-1-300x97.png 300w\" sizes=\"auto, (max-width: 416px) 100vw, 416px\" \/><\/span><\/p>\n<p><span style=\"color: #ff0000;\">3. Als Gutschein ausgeben verneinen (NEIN)<\/span><\/p>\n<p>\u00a0<\/p>\n<p><span style=\"color: #ff0000;\"><img loading=\"lazy\" decoding=\"async\" class=\"alignnone wp-image-1545\" src=\"https:\/\/handbuch.sdigroup.de\/ctx6\/wp-content\/uploads\/Offener-Betrag-3.png\" alt=\"\" width=\"450\" height=\"162\" srcset=\"https:\/\/handbuch.sdigroup.de\/ctx6\/wp-content\/uploads\/Offener-Betrag-3.png 375w, https:\/\/handbuch.sdigroup.de\/ctx6\/wp-content\/uploads\/Offener-Betrag-3-300x108.png 300w\" sizes=\"auto, (max-width: 450px) 100vw, 450px\" \/><\/span><\/p>\n<p><span style=\"color: #ff0000;\">4. Betrag in Bar auszahlen best\u00e4tigen (JA)<\/span><\/p>\n<p>\u00a0<\/p>\n<p>5.Betrag von (14,40\u20ac) in Bar auszahlen.<\/p>\n","protected":false},"excerpt":{"rendered":"<p>Anleitung Retoure &amp; Rest auszahlen Kunde bringt Ware zur\u00fcck und kauft neues &#8211; erh\u00e4lt Geld zur\u00fcck Reiter oben links &#8222;Beleg&#8220; und rechts Waren Retoure. 1. Artikel scannen 2.Zahlung drucken 3. Als Gutschein ausgeben verneinen (NEIN) \u00a0 4. Betrag in Bar auszahlen best\u00e4tigen (JA) \u00a0 5.Betrag von (14,40\u20ac) in Bar auszahlen.<\/p>\n","protected":false},"author":4,"featured_media":0,"parent":1227,"menu_order":0,"comment_status":"closed","ping_status":"closed","template":"","meta":{"footnotes":""},"class_list":["post-1230","page","type-page","status-publish","hentry"],"_links":{"self":[{"href":"https:\/\/handbuch.sdigroup.de\/ctx6\/index.php?rest_route=\/wp\/v2\/pages\/1230","targetHints":{"allow":["GET"]}}],"collection":[{"href":"https:\/\/handbuch.sdigroup.de\/ctx6\/index.php?rest_route=\/wp\/v2\/pages"}],"about":[{"href":"https:\/\/handbuch.sdigroup.de\/ctx6\/index.php?rest_route=\/wp\/v2\/types\/page"}],"author":[{"embeddable":true,"href":"https:\/\/handbuch.sdigroup.de\/ctx6\/index.php?rest_route=\/wp\/v2\/users\/4"}],"replies":[{"embeddable":true,"href":"https:\/\/handbuch.sdigroup.de\/ctx6\/index.php?rest_route=%2Fwp%2Fv2%2Fcomments&post=1230"}],"version-history":[{"count":5,"href":"https:\/\/handbuch.sdigroup.de\/ctx6\/index.php?rest_route=\/wp\/v2\/pages\/1230\/revisions"}],"predecessor-version":[{"id":2072,"href":"https:\/\/handbuch.sdigroup.de\/ctx6\/index.php?rest_route=\/wp\/v2\/pages\/1230\/revisions\/2072"}],"up":[{"embeddable":true,"href":"https:\/\/handbuch.sdigroup.de\/ctx6\/index.php?rest_route=\/wp\/v2\/pages\/1227"}],"wp:attachment":[{"href":"https:\/\/handbuch.sdigroup.de\/ctx6\/index.php?rest_route=%2Fwp%2Fv2%2Fmedia&parent=1230"}],"curies":[{"name":"wp","href":"https:\/\/api.w.org\/{rel}","templated":true}]}}