{"id":10,"date":"2016-02-23T15:41:31","date_gmt":"2016-02-23T14:41:31","guid":{"rendered":"http:\/\/handbuch.sdigroup.de\/ctx\/?page_id=10"},"modified":"2023-08-09T10:13:40","modified_gmt":"2023-08-09T08:13:40","slug":"bildschirmaufbau","status":"publish","type":"page","link":"https:\/\/handbuch.sdigroup.de\/ctx6\/?page_id=10","title":{"rendered":"Bildschirmaufbau"},"content":{"rendered":"<p style=\"text-align: center;\"><strong>Das Hauptmen\u00fc<\/strong><\/p>\n<p><img loading=\"lazy\" decoding=\"async\" class=\"alignnone wp-image-1493 size-full\" src=\"https:\/\/handbuch.sdigroup.de\/ctx6\/wp-content\/uploads\/menu.png\" alt=\"\" width=\"622\" height=\"391\" srcset=\"https:\/\/handbuch.sdigroup.de\/ctx6\/wp-content\/uploads\/menu.png 622w, https:\/\/handbuch.sdigroup.de\/ctx6\/wp-content\/uploads\/menu-300x189.png 300w\" sizes=\"auto, (max-width: 622px) 100vw, 622px\" \/><\/p>\n<p style=\"text-align: center;\"><strong>Die Titelleiste<\/strong><\/p>\n<p><img loading=\"lazy\" decoding=\"async\" class=\"aligncenter wp-image-1495\" src=\"https:\/\/handbuch.sdigroup.de\/ctx6\/wp-content\/uploads\/leiste-300x16.png\" alt=\"\" width=\"372\" height=\"19\" srcset=\"https:\/\/handbuch.sdigroup.de\/ctx6\/wp-content\/uploads\/leiste-300x16.png 300w, https:\/\/handbuch.sdigroup.de\/ctx6\/wp-content\/uploads\/leiste.png 439w\" sizes=\"auto, (max-width: 372px) 100vw, 372px\" \/><\/p>\n<p>Dies zeigt Ihnen in welchem Fenster Sie sich befinden. Au\u00dferdem befindet sich im Hauptmen\u00fc die <strong>Hauptnavigation.<\/strong> \u00dcber die <strong>Hauptnavigation, <\/strong>k\u00f6nnen sie zwischen mehreren Modulen gleichzeitig wechseln.\u00a0Ein kleines Beispiel verdeutlicht Ihnen schnell, welche Vorteile dieses Verfahren mit sich bringt. Angenommen Sie wollen eine gro\u00dfe Warenlieferung einbuchen, aber gleichzeitig immer Verkaufs bereit bleiben: \u00d6ffnen Sie das Fenster &#8222;<strong>Kasse&#8220;<\/strong>. \u00d6ffnen Sie jetzt das Fenster <strong>&#8222;Artikelstamm&#8220; <\/strong>\u00fcber die <strong>Hauptnavigation<\/strong>\u00a0und beginnen mit dem Einbuchen. Kommt ein Kunde, holen Sie das Fenster &#8222;<b>Kasse<\/b>&#8220; mit einem Doppelklick auf den Bildschirm und bearbeiten Sie den Kassenvorgang. Wenn Sie danach wieder auf\u00a0 <strong>&#8222;Artikelstamm&#8220; <\/strong>klicken, ist es genau an der Stelle, an der Sie die Bearbeitung unterbrochen haben.<\/p>\n<p><span style=\"font-size: 10pt;\"><b>*Tipp:<\/b> Mit der Tastenkombination <b>Alt + Tab<\/b> k\u00f6nnen Sie \u00fcbrigens auch zu andere Programme wie zum Beispiel Word wechseln, ohne das Programm verlassen zu m\u00fcssen.<\/span><\/p>\n<p style=\"text-align: center;\"><strong>Die Men\u00fczeile<\/strong><\/p>\n<p>Die &#8222;<b>Men\u00fczeile&#8220;\u00a0<\/b>enth\u00e4lt die Namen der Men\u00fcs<strong>\u00a0<\/strong>und Pulldown-Men\u00fcs.<\/p>\n<p>Das &#8222;<b>Systemmen\u00fcfeld&#8220;\u00a0<\/b>enth\u00e4lt eine Liste von Befehlen (=<em>Men\u00fc<\/em>). Diese Liste k\u00f6nnen Sie sehen, wenn Sie das Systemmen\u00fcfeld anklicken. Die Befehle k\u00f6nnen Sie ebenfalls durch Anklicken aktivieren. Ein Doppelklick auf das Systemmen\u00fcfeld schlie\u00dft das aktive Fenster.<\/p>\n<p>Mit den &#8222;<b>Men\u00fcnamen&#8220;\u00a0<\/b>lassen sich ebenfalls Befehlslisten (=<em>Pulldown-Men\u00fcs<\/em>) \u00f6ffnen. Sie k\u00f6nnen ein Men\u00fc \u00f6ffnen, indem Sie den Men\u00fcnamen anklicken oder indem Sie die Tastenkombination &#8222;<b>Alt + unterstrichener Buchstabe&#8220;\u00a0<\/b>(Bsp.<em>\u00a0Alt + D f\u00fcr <u>D<\/u>atei<\/em>) eingeben.<\/p>\n<p>Falls auf der Schaltfl\u00e4che eine <b>Funktionstaste<\/b> (<em>Bsp. Beenden-F12<\/em>) angegeben ist, k\u00f6nnen Sie den Befehl auch mit der entsprechenden Funktionstaste aufrufen.<\/p>\n<p>F\u00fcr Kunden, die etwas z\u00fcgiger vorankommen m\u00f6chten, enth\u00e4lt das Programm auch &#8222;<b>Short-Cuts&#8220;<\/b>, diese sind Tastenkombinationen, die Ihnen einen schnellen Zugriff \u00fcber zwei Men\u00fcs hinweg erlauben. Wenn Sie zum Beispiel, vom Hauptmen\u00fc aus direkt zu dem Fenster <strong>&#8222;Artikelstamm&#8220;<\/strong> wechseln m\u00f6chten, k\u00f6nnen Sie die Taste &#8222;<b>F7&#8243; <\/b>bet\u00e4tigen<b>.\u00a0\u00a0<\/b><\/p>\n<p style=\"text-align: left;\">\n","protected":false},"excerpt":{"rendered":"<p>Das Hauptmen\u00fc Die Titelleiste Dies zeigt Ihnen in welchem Fenster Sie sich befinden. Au\u00dferdem befindet sich im Hauptmen\u00fc die Hauptnavigation. \u00dcber die Hauptnavigation, k\u00f6nnen sie zwischen mehreren Modulen gleichzeitig wechseln.\u00a0Ein kleines Beispiel verdeutlicht Ihnen schnell, welche Vorteile dieses Verfahren mit sich bringt. Angenommen Sie wollen eine gro\u00dfe Warenlieferung einbuchen, aber gleichzeitig immer Verkaufs bereit bleiben: [&hellip;]<\/p>\n","protected":false},"author":3,"featured_media":0,"parent":0,"menu_order":0,"comment_status":"closed","ping_status":"closed","template":"","meta":{"footnotes":""},"class_list":["post-10","page","type-page","status-publish","hentry"],"_links":{"self":[{"href":"https:\/\/handbuch.sdigroup.de\/ctx6\/index.php?rest_route=\/wp\/v2\/pages\/10","targetHints":{"allow":["GET"]}}],"collection":[{"href":"https:\/\/handbuch.sdigroup.de\/ctx6\/index.php?rest_route=\/wp\/v2\/pages"}],"about":[{"href":"https:\/\/handbuch.sdigroup.de\/ctx6\/index.php?rest_route=\/wp\/v2\/types\/page"}],"author":[{"embeddable":true,"href":"https:\/\/handbuch.sdigroup.de\/ctx6\/index.php?rest_route=\/wp\/v2\/users\/3"}],"replies":[{"embeddable":true,"href":"https:\/\/handbuch.sdigroup.de\/ctx6\/index.php?rest_route=%2Fwp%2Fv2%2Fcomments&post=10"}],"version-history":[{"count":9,"href":"https:\/\/handbuch.sdigroup.de\/ctx6\/index.php?rest_route=\/wp\/v2\/pages\/10\/revisions"}],"predecessor-version":[{"id":2009,"href":"https:\/\/handbuch.sdigroup.de\/ctx6\/index.php?rest_route=\/wp\/v2\/pages\/10\/revisions\/2009"}],"wp:attachment":[{"href":"https:\/\/handbuch.sdigroup.de\/ctx6\/index.php?rest_route=%2Fwp%2Fv2%2Fmedia&parent=10"}],"curies":[{"name":"wp","href":"https:\/\/api.w.org\/{rel}","templated":true}]}}