{"id":880,"date":"2019-08-13T10:34:48","date_gmt":"2019-08-13T08:34:48","guid":{"rendered":"http:\/\/handbuch.sdigroup.de\/ctx\/?page_id=880"},"modified":"2021-08-18T16:31:35","modified_gmt":"2021-08-18T14:31:35","slug":"vorwort","status":"publish","type":"page","link":"https:\/\/handbuch.sdigroup.de\/ctx\/","title":{"rendered":"Vorwort"},"content":{"rendered":"\n<p>Vielen Dank f\u00fcr das Vertrauen, das Sie uns mit dem Erwerb dieses  Programms entgegengebracht haben. Unz\u00e4hlige Arbeitsstunden und manch lange N\u00e4chte wurden in die Entwicklung dieses Produkts investiert. Nach den ersten Testphasen hat sich herausgestellt, dass selbst Mitarbeiter ohne EDV-Kenntnisse innerhalb k\u00fcrzester Einarbeitungszeit das Programm, ohne ein Handbuch, bedienen k\u00f6nnen. &nbsp; <\/p>\n\n\n\n<p>Die Funktionalit\u00e4t und die M\u00f6glichkeit, kundenspezifische W\u00fcnsche in das Produkt mit einzubauen, zeichnet das Programm aus. \u00a0 Wir hoffen, dass das Programm Ihren Beifall findet, und freuen uns auf weitere Anregungen und Verbesserungsvorschl\u00e4ge. \u00a0 Wir haben unsere Qualit\u00e4t als h\u00f6chstes Ziel gesetzt und werden weiterhin alles tun, um eine leistungsstarke und hochwertige Software zu liefern. <\/p>\n\n\n\n<p>Ihr GSDI Team<\/p>\n\n\n","protected":false},"excerpt":{"rendered":"<p>Vielen Dank f\u00fcr das Vertrauen, das Sie uns mit dem Erwerb dieses Programms entgegengebracht haben. Unz\u00e4hlige Arbeitsstunden und manch lange N\u00e4chte wurden in die Entwicklung dieses Produkts investiert. Nach den ersten Testphasen hat sich herausgestellt, dass selbst Mitarbeiter ohne EDV-Kenntnisse innerhalb k\u00fcrzester Einarbeitungszeit das Programm, ohne ein Handbuch, bedienen k\u00f6nnen. &nbsp; Die Funktionalit\u00e4t und die [&hellip;]<\/p>\n","protected":false},"author":1,"featured_media":0,"parent":0,"menu_order":0,"comment_status":"closed","ping_status":"closed","template":"","meta":{"footnotes":""},"class_list":["post-880","page","type-page","status-publish","hentry"],"_links":{"self":[{"href":"https:\/\/handbuch.sdigroup.de\/ctx\/index.php?rest_route=\/wp\/v2\/pages\/880","targetHints":{"allow":["GET"]}}],"collection":[{"href":"https:\/\/handbuch.sdigroup.de\/ctx\/index.php?rest_route=\/wp\/v2\/pages"}],"about":[{"href":"https:\/\/handbuch.sdigroup.de\/ctx\/index.php?rest_route=\/wp\/v2\/types\/page"}],"author":[{"embeddable":true,"href":"https:\/\/handbuch.sdigroup.de\/ctx\/index.php?rest_route=\/wp\/v2\/users\/1"}],"replies":[{"embeddable":true,"href":"https:\/\/handbuch.sdigroup.de\/ctx\/index.php?rest_route=%2Fwp%2Fv2%2Fcomments&post=880"}],"version-history":[{"count":8,"href":"https:\/\/handbuch.sdigroup.de\/ctx\/index.php?rest_route=\/wp\/v2\/pages\/880\/revisions"}],"predecessor-version":[{"id":1492,"href":"https:\/\/handbuch.sdigroup.de\/ctx\/index.php?rest_route=\/wp\/v2\/pages\/880\/revisions\/1492"}],"wp:attachment":[{"href":"https:\/\/handbuch.sdigroup.de\/ctx\/index.php?rest_route=%2Fwp%2Fv2%2Fmedia&parent=880"}],"curies":[{"name":"wp","href":"https:\/\/api.w.org\/{rel}","templated":true}]}}