{"id":52,"date":"2016-02-23T15:46:52","date_gmt":"2016-02-23T14:46:52","guid":{"rendered":"http:\/\/handbuch.sdigroup.de\/ctx\/?page_id=52"},"modified":"2016-07-01T14:37:11","modified_gmt":"2016-07-01T12:37:11","slug":"bestellwesen","status":"publish","type":"page","link":"https:\/\/handbuch.sdigroup.de\/ctx\/?page_id=52","title":{"rendered":"Bestellwesen"},"content":{"rendered":"<div class=\"ueberschrift1\" style=\"text-align: center;\"><strong><em>Mit dem Modul Bestellwesen k\u00f6nnen Sie Ihre Bestellungen f\u00fcr die Lieferanten kategorisch zeitlich geordnet und mit vielen Optionen spielend leicht erstellen<\/em><\/strong><\/div>\n<p><img loading=\"lazy\" decoding=\"async\" class=\"alignnone wp-image-284 aligncenter\" src=\"https:\/\/handbuch.sdigroup.de\/ctx\/wp-content\/uploads\/Bestellwesen-300x225.jpg\" alt=\"Bestellwesen\" width=\"977\" height=\"733\" srcset=\"https:\/\/handbuch.sdigroup.de\/ctx\/wp-content\/uploads\/Bestellwesen-300x225.jpg 300w, https:\/\/handbuch.sdigroup.de\/ctx\/wp-content\/uploads\/Bestellwesen-1024x768.jpg 1024w, https:\/\/handbuch.sdigroup.de\/ctx\/wp-content\/uploads\/Bestellwesen-50x38.jpg 50w, https:\/\/handbuch.sdigroup.de\/ctx\/wp-content\/uploads\/Bestellwesen.jpg 1032w\" sizes=\"auto, (max-width: 977px) 100vw, 977px\" \/><\/p>\n<p style=\"text-align: left;\">Das <b>Starten<\/b> (<i><a href=\"http:\/\/doc.cashtex-online.de\/ctx\/stprog.htm\">siehe Kapitel Programm starten<\/a><\/i>) und der <b>Systemlogin<\/b> verlaufen genauso wie beim Hauptprogramm.<\/p>\n<p style=\"text-align: left;\">Nach dem Einloggen gelangen Sie aber direkt in das <b>Bestellwesen &#8211; Men\u00fc<\/b>, in dem Sie &#8211; mit Hilfe der gleichnamigen Schaltfl\u00e4che &#8211; <b>Benutzer anmelden \/ abmelden<\/b> k\u00f6nnen.<\/p>\n<p style=\"text-align: left;\">Das Bestellwesen ist in vier Bereiche unterteilt: <b>Bestellung \/ Wareneingang<\/b>, <b>Bestellung &#8211; Kontrolle<\/b>,<b>Auswertung \/ Liste <\/b>und <b>Artikel \/ Lager \/ Order<\/b>.<\/p>\n<p style=\"text-align: left;\">Die <b>Men\u00fcleiste<\/b> enth\u00e4lt drei Pulldown-Men\u00fcs:<\/p>\n<ol type=\"circle\">\n<li style=\"text-align: left;\">Das Bestellwesen-<b><u>M<\/u>en\u00fc <\/b>beinhaltet die Befehle, die Sie auch \u00fcber die Schaltfl\u00e4chen bedienen k\u00f6nnen.<\/li>\n<li style=\"text-align: left;\">Mit dem Men\u00fc <b><u>F<\/u>enster <\/b>k\u00f6nnen Sie in andere ge\u00f6ffnete Fenster des Kassenbuchmoduls wechseln.<\/li>\n<li style=\"text-align: left;\">Das Men\u00fc beinhaltet den Befehl <b>Info<\/b>, mit dessen Hilfe Sie sich das Programm-Info ansehen k\u00f6nnen.<\/li>\n<\/ol>\n","protected":false},"excerpt":{"rendered":"<p>Mit dem Modul Bestellwesen k\u00f6nnen Sie Ihre Bestellungen f\u00fcr die Lieferanten kategorisch zeitlich geordnet und mit vielen Optionen spielend leicht erstellen Das Starten (siehe Kapitel Programm starten) und der Systemlogin verlaufen genauso wie beim Hauptprogramm. Nach dem Einloggen gelangen Sie aber direkt in das Bestellwesen &#8211; Men\u00fc, in dem Sie &#8211; mit Hilfe der gleichnamigen [&hellip;]<\/p>\n","protected":false},"author":3,"featured_media":0,"parent":0,"menu_order":0,"comment_status":"closed","ping_status":"closed","template":"","meta":{"footnotes":""},"class_list":["post-52","page","type-page","status-publish","hentry"],"_links":{"self":[{"href":"https:\/\/handbuch.sdigroup.de\/ctx\/index.php?rest_route=\/wp\/v2\/pages\/52","targetHints":{"allow":["GET"]}}],"collection":[{"href":"https:\/\/handbuch.sdigroup.de\/ctx\/index.php?rest_route=\/wp\/v2\/pages"}],"about":[{"href":"https:\/\/handbuch.sdigroup.de\/ctx\/index.php?rest_route=\/wp\/v2\/types\/page"}],"author":[{"embeddable":true,"href":"https:\/\/handbuch.sdigroup.de\/ctx\/index.php?rest_route=\/wp\/v2\/users\/3"}],"replies":[{"embeddable":true,"href":"https:\/\/handbuch.sdigroup.de\/ctx\/index.php?rest_route=%2Fwp%2Fv2%2Fcomments&post=52"}],"version-history":[{"count":7,"href":"https:\/\/handbuch.sdigroup.de\/ctx\/index.php?rest_route=\/wp\/v2\/pages\/52\/revisions"}],"predecessor-version":[{"id":290,"href":"https:\/\/handbuch.sdigroup.de\/ctx\/index.php?rest_route=\/wp\/v2\/pages\/52\/revisions\/290"}],"wp:attachment":[{"href":"https:\/\/handbuch.sdigroup.de\/ctx\/index.php?rest_route=%2Fwp%2Fv2%2Fmedia&parent=52"}],"curies":[{"name":"wp","href":"https:\/\/api.w.org\/{rel}","templated":true}]}}