{"id":517,"date":"2017-07-04T12:48:01","date_gmt":"2017-07-04T10:48:01","guid":{"rendered":"http:\/\/handbuch.sdigroup.de\/ctx\/?page_id=517"},"modified":"2022-07-28T13:00:20","modified_gmt":"2022-07-28T11:00:20","slug":"kassieren","status":"publish","type":"page","link":"https:\/\/handbuch.sdigroup.de\/ctx\/?page_id=517","title":{"rendered":"Kassieren"},"content":{"rendered":"<p><strong>Normaler Kassiervorgang:<\/strong><\/p>\n<p>Schritt 1: Im Hauptmen\u00fc gehen Sie auf den Knopf <strong>&#8222;Kasse&#8220;<\/strong> und danach nochmal auf den Untermen\u00fcpunkt &#8222;<strong>Kasse&#8220;<\/strong> um das Kassierfenster zu \u00f6ffnen.<\/p>\n<p>Schritt 2: Scanne oder geben Sie nun die Daten des Artikels ein.<\/p>\n<p>Schritt 3: Nun gehen sie links auf <strong>&#8222;Zahlung drucken&#8220;.<\/strong><\/p>\n<p>Schritt 4: W\u00e4hlen Sie die Zahlungsart aus und dr\u00fccken sie danach auf Beleg drucken.<\/p>\n<p><strong>Waren Retoure(Gutschrift):<\/strong><\/p>\n<p>Schritt 1: W\u00e4hlen sie oben den Reiter <strong>&#8222;Gutschrift&#8220; <\/strong>aus.<\/p>\n<p>Schritt 2: Scannen oder geben Sie nun die Daten des Artikels ein.<\/p>\n<p>Schritt 3: Anschlie\u00dfend gehen sie auf <strong>&#8222;Zahlung drucken&#8220;.<\/strong><\/p>\n<p>Schritt 4: Nun k\u00f6nnen Sie auf <strong>&#8222;Bar Geldausgabe&#8220;<\/strong> dr\u00fccken um den Kunden das Geld direkt in Bar auszuzahlen oder dr\u00fccken Sie auf sofort Zahlung drucken, damit eine Kundenspezifische Gutschrift im System erstellt wird.<\/p>\n<p><strong>Waren Retoure bei der, der Kunde auch wieder Ware mitnimmt:<\/strong><\/p>\n<p>Schritt 1: Gehen Sie wieder in den normalen Kassiervorgang. (Beleg)<\/p>\n<p>Schritt 2: Scannen oder geben Sie nun die Daten des Artikels ein.<\/p>\n<p>Schritt 3: Nun m\u00fcssen Sie, um eine Waren Retoure zu machen, links\u00a0 \u00a0&#8222;<strong>Waren R\u00fcckgabe&#8220;<\/strong> dr\u00fccken so das er rot hinterlegt ist.<\/p>\n<p>Schritt 4: Jetzt k\u00f6nnen Sie beliebig viele Artikel einscannen die als Retoure mit den vorher eingescannten Artikel entgegen gerechnet werden.<\/p>\n<p>Schritt 5: Falls der Kunde dann noch etwas zu Bezahlen hat, kann der Kassiervorgang \u00a0wie bei dem normalen Kassiervorgang fortgesetzt werden. Falls der Kunde Geld zur\u00fcck bekommen soll m\u00fcssen sie links auf das <strong>leere blaue Feld klicken<\/strong>. Dann dr\u00fccken sie den Knopf<strong> &#8222;Gutschein&#8220;<\/strong> um einen Gutschein mit dem Restbetrag zu erstellen oder sie geben das Bargeld \u00fcber den Knopf &#8222;<strong>Zahlung Drucken&#8220;<\/strong> wieder sofort aus.<\/p>\n\n","protected":false},"excerpt":{"rendered":"<p>Normaler Kassiervorgang: Schritt 1: Im Hauptmen\u00fc gehen Sie auf den Knopf &#8222;Kasse&#8220; und danach nochmal auf den Untermen\u00fcpunkt &#8222;Kasse&#8220; um das Kassierfenster zu \u00f6ffnen. Schritt 2: Scanne oder geben Sie nun die Daten des Artikels ein. Schritt 3: Nun gehen sie links auf &#8222;Zahlung drucken&#8220;. Schritt 4: W\u00e4hlen Sie die Zahlungsart aus und dr\u00fccken sie [&hellip;]<\/p>\n","protected":false},"author":1,"featured_media":0,"parent":0,"menu_order":0,"comment_status":"closed","ping_status":"closed","template":"","meta":{"footnotes":""},"class_list":["post-517","page","type-page","status-publish","hentry"],"_links":{"self":[{"href":"https:\/\/handbuch.sdigroup.de\/ctx\/index.php?rest_route=\/wp\/v2\/pages\/517","targetHints":{"allow":["GET"]}}],"collection":[{"href":"https:\/\/handbuch.sdigroup.de\/ctx\/index.php?rest_route=\/wp\/v2\/pages"}],"about":[{"href":"https:\/\/handbuch.sdigroup.de\/ctx\/index.php?rest_route=\/wp\/v2\/types\/page"}],"author":[{"embeddable":true,"href":"https:\/\/handbuch.sdigroup.de\/ctx\/index.php?rest_route=\/wp\/v2\/users\/1"}],"replies":[{"embeddable":true,"href":"https:\/\/handbuch.sdigroup.de\/ctx\/index.php?rest_route=%2Fwp%2Fv2%2Fcomments&post=517"}],"version-history":[{"count":12,"href":"https:\/\/handbuch.sdigroup.de\/ctx\/index.php?rest_route=\/wp\/v2\/pages\/517\/revisions"}],"predecessor-version":[{"id":1508,"href":"https:\/\/handbuch.sdigroup.de\/ctx\/index.php?rest_route=\/wp\/v2\/pages\/517\/revisions\/1508"}],"wp:attachment":[{"href":"https:\/\/handbuch.sdigroup.de\/ctx\/index.php?rest_route=%2Fwp%2Fv2%2Fmedia&parent=517"}],"curies":[{"name":"wp","href":"https:\/\/api.w.org\/{rel}","templated":true}]}}