{"id":508,"date":"2017-07-04T11:56:00","date_gmt":"2017-07-04T09:56:00","guid":{"rendered":"http:\/\/handbuch.sdigroup.de\/ctx\/?page_id=508"},"modified":"2022-07-28T11:10:48","modified_gmt":"2022-07-28T09:10:48","slug":"artikel","status":"publish","type":"page","link":"https:\/\/handbuch.sdigroup.de\/ctx\/?page_id=508","title":{"rendered":"Artikel"},"content":{"rendered":"<p><strong>Artikel anlegen:<\/strong><\/p>\n<p><span style=\"color: #000000;\"><span style=\"background-color: #999999; color: #ffffff;\">Schritt 1<\/span><\/span><\/p>\n<p>Um einen Artikel anzulegen gehen Sie zun\u00e4chst im Hauptmen\u00fc auf den Men\u00fcknopf \u201e<strong>Lager\/<\/strong><strong>Artikelstamm<\/strong>\u201c und danach auf den Knopf \u201e<strong>Artikel\/Lager-Bewegung<\/strong>\u201c.<\/p>\n<p><span style=\"background-color: #999999; color: #ffffff;\">Schritt 2<\/span><\/p>\n<p>Klicken Sie auf <strong>\u201eNeu \u2013 F5\u201c<\/strong>\u00a0falls ihre Maske noch nicht geleert worden ist, ansonsten gehen sie \u00fcber zu Schritt 3.<\/p>\n<p><span style=\"background-color: #999999; color: #ffffff;\">Schritt 3<\/span><\/p>\n<p>F\u00fcllen Sie die ben\u00f6tigten Daten aus und klicken Sie danach auf Anlegen F6.<\/p>\n<p><span style=\"font-size: 12pt;\">*<span style=\"background-color: #ffff00;\"><em>Gelb hinterlegte Felder sind Pflichtfelder!<\/em><\/span><\/span><\/p>\n<p><strong>Artikel Daten ab\u00e4ndern:<\/strong><\/p>\n<p><span style=\"background-color: #999999; color: #ffffff;\">Schritt 1<\/span><\/p>\n<p>Zuerst geben Sie die vorhandene Suchkriterien ein und durch das best\u00e4tigen des Knopfes \u201e<strong>Suchen &#8211; F8<\/strong>\u201c sollten Sie die gesuchten Artikel dementsprechend auch finden.<\/p>\n<p><span style=\"color: #ffffff; background-color: #999999;\">Schritt 2<\/span><\/p>\n<p>Nachdem Sie nun einen Artikel rausgesucht haben, k\u00f6nnen sie nun die Daten des Artikels ab\u00e4ndern und sie mit \u201e<strong>\u00dcbernehmen &#8211; F7<\/strong>\u201c abspeichern<\/p>\n<p><strong>Artikel l\u00f6schen:<\/strong><\/p>\n<p><span style=\"background-color: #999999; color: #ffffff;\">Schritt 1<\/span><\/p>\n<p>Um einen Artikel zu l\u00f6schen sollten Sie im Hauptmen\u00fc auf den \u201e<strong>Artikelstamm<\/strong>\u201c und darauffolgend, auf den Knopf \u201e<strong>Artikel\/Lager- Verwaltung<\/strong>\u201c klicken.<\/p>\n<p><span style=\"color: #ffffff; background-color: #999999;\">Schritt 2<\/span><\/p>\n<p>Nun w\u00e4hlen Sie den Artikel aus, den Sie gerne entfernen m\u00f6chten und klicken anschlie\u00dfend, in der oberen Leiste auf den Knopf \u201e<strong>L\u00f6schen<\/strong>\u201c.<\/p>\n","protected":false},"excerpt":{"rendered":"<p>Artikel anlegen: Schritt 1 Um einen Artikel anzulegen gehen Sie zun\u00e4chst im Hauptmen\u00fc auf den Men\u00fcknopf \u201eLager\/Artikelstamm\u201c und danach auf den Knopf \u201eArtikel\/Lager-Bewegung\u201c. Schritt 2 Klicken Sie auf \u201eNeu \u2013 F5\u201c\u00a0falls ihre Maske noch nicht geleert worden ist, ansonsten gehen sie \u00fcber zu Schritt 3. Schritt 3 F\u00fcllen Sie die ben\u00f6tigten Daten aus und klicken [&hellip;]<\/p>\n","protected":false},"author":1,"featured_media":0,"parent":0,"menu_order":0,"comment_status":"closed","ping_status":"closed","template":"","meta":{"footnotes":""},"class_list":["post-508","page","type-page","status-publish","hentry"],"_links":{"self":[{"href":"https:\/\/handbuch.sdigroup.de\/ctx\/index.php?rest_route=\/wp\/v2\/pages\/508","targetHints":{"allow":["GET"]}}],"collection":[{"href":"https:\/\/handbuch.sdigroup.de\/ctx\/index.php?rest_route=\/wp\/v2\/pages"}],"about":[{"href":"https:\/\/handbuch.sdigroup.de\/ctx\/index.php?rest_route=\/wp\/v2\/types\/page"}],"author":[{"embeddable":true,"href":"https:\/\/handbuch.sdigroup.de\/ctx\/index.php?rest_route=\/wp\/v2\/users\/1"}],"replies":[{"embeddable":true,"href":"https:\/\/handbuch.sdigroup.de\/ctx\/index.php?rest_route=%2Fwp%2Fv2%2Fcomments&post=508"}],"version-history":[{"count":12,"href":"https:\/\/handbuch.sdigroup.de\/ctx\/index.php?rest_route=\/wp\/v2\/pages\/508\/revisions"}],"predecessor-version":[{"id":1503,"href":"https:\/\/handbuch.sdigroup.de\/ctx\/index.php?rest_route=\/wp\/v2\/pages\/508\/revisions\/1503"}],"wp:attachment":[{"href":"https:\/\/handbuch.sdigroup.de\/ctx\/index.php?rest_route=%2Fwp%2Fv2%2Fmedia&parent=508"}],"curies":[{"name":"wp","href":"https:\/\/api.w.org\/{rel}","templated":true}]}}