{"id":500,"date":"2017-07-04T11:23:21","date_gmt":"2017-07-04T09:23:21","guid":{"rendered":"http:\/\/handbuch.sdigroup.de\/ctx\/?page_id=500"},"modified":"2020-08-25T10:14:27","modified_gmt":"2020-08-25T08:14:27","slug":"kunden-2","status":"publish","type":"page","link":"https:\/\/handbuch.sdigroup.de\/ctx\/?page_id=500","title":{"rendered":"Kunden"},"content":{"rendered":"<p><strong>Kunden anlegen:<\/strong><\/p>\n<p>Schritt 1: Klicken Sie im Hauptmen\u00fc auf den Knopf <strong>&#8222;Kundenstamm &#8211;<\/strong> <strong>F5&#8243;<\/strong>.<\/p>\n<p>Schritt 2: Falls die Maske leer ist gehen sie \u00fcber auf Schritt 3 ansonsten dr\u00fccken sie &#8222;<strong>Neu &#8211; F5&#8243;<\/strong>.<\/p>\n<p>Schritt 3: Geben sie alle ben\u00f6tigten Daten ein, es m\u00fcssen mindestens alle Gelben Felder ausgef\u00fcllt sein um einen Kunden anlegen zu k\u00f6nnen.<\/p>\n<p>Schritt 4. Dr\u00fccken sie den Knopf <strong>&#8222;A<\/strong><strong>nlegen &#8211;<\/strong> <strong>F6&#8243;<\/strong> und der Kunde ist angelegt.<\/p>\n<p><strong>Kundendaten ab\u00e4ndern:<\/strong><\/p>\n<p>Schritt 1: Rufen Sie den Kunden auf indem Sie z.B. die Kundennummer eingeben und dann auf den Knopf <strong>&#8222;Suchen &#8211; F8&#8220;<\/strong> dr\u00fccken.<\/p>\n<p>Schritt 2: Nun k\u00f6nnen Sie die Daten des Kunden \u00fcberarbeiten und dann mit dem Knopf <strong>&#8222;\u00dcbernehmen &#8211; F7&#8220;<\/strong> erneut abspeichern.<\/p>\n<p><strong>Kunde l\u00f6schen:<\/strong><\/p>\n<p>Schritt 1: Suchen Sie den Kunden erneut und dr\u00fccken dann auf den Knopf &#8222;<strong>L\u00f6schen&#8220;, <\/strong>damit er aus der Datenbank gel\u00f6scht wird.<\/p>\n","protected":false},"excerpt":{"rendered":"<p>Kunden anlegen: Schritt 1: Klicken Sie im Hauptmen\u00fc auf den Knopf &#8222;Kundenstamm &#8211; F5&#8243;. Schritt 2: Falls die Maske leer ist gehen sie \u00fcber auf Schritt 3 ansonsten dr\u00fccken sie &#8222;Neu &#8211; F5&#8243;. Schritt 3: Geben sie alle ben\u00f6tigten Daten ein, es m\u00fcssen mindestens alle Gelben Felder ausgef\u00fcllt sein um einen Kunden anlegen zu k\u00f6nnen. [&hellip;]<\/p>\n","protected":false},"author":1,"featured_media":0,"parent":0,"menu_order":0,"comment_status":"closed","ping_status":"closed","template":"","meta":{"footnotes":""},"class_list":["post-500","page","type-page","status-publish","hentry"],"_links":{"self":[{"href":"https:\/\/handbuch.sdigroup.de\/ctx\/index.php?rest_route=\/wp\/v2\/pages\/500","targetHints":{"allow":["GET"]}}],"collection":[{"href":"https:\/\/handbuch.sdigroup.de\/ctx\/index.php?rest_route=\/wp\/v2\/pages"}],"about":[{"href":"https:\/\/handbuch.sdigroup.de\/ctx\/index.php?rest_route=\/wp\/v2\/types\/page"}],"author":[{"embeddable":true,"href":"https:\/\/handbuch.sdigroup.de\/ctx\/index.php?rest_route=\/wp\/v2\/users\/1"}],"replies":[{"embeddable":true,"href":"https:\/\/handbuch.sdigroup.de\/ctx\/index.php?rest_route=%2Fwp%2Fv2%2Fcomments&post=500"}],"version-history":[{"count":9,"href":"https:\/\/handbuch.sdigroup.de\/ctx\/index.php?rest_route=\/wp\/v2\/pages\/500\/revisions"}],"predecessor-version":[{"id":1460,"href":"https:\/\/handbuch.sdigroup.de\/ctx\/index.php?rest_route=\/wp\/v2\/pages\/500\/revisions\/1460"}],"wp:attachment":[{"href":"https:\/\/handbuch.sdigroup.de\/ctx\/index.php?rest_route=%2Fwp%2Fv2%2Fmedia&parent=500"}],"curies":[{"name":"wp","href":"https:\/\/api.w.org\/{rel}","templated":true}]}}