{"id":487,"date":"2016-09-06T12:07:24","date_gmt":"2016-09-06T10:07:24","guid":{"rendered":"http:\/\/handbuch.sdigroup.de\/ctx\/?page_id=487"},"modified":"2020-08-25T10:57:50","modified_gmt":"2020-08-25T08:57:50","slug":"warenbestand-in-e","status":"publish","type":"page","link":"https:\/\/handbuch.sdigroup.de\/ctx\/?page_id=487","title":{"rendered":"Warenbestand in \u20ac"},"content":{"rendered":"<h1 class=\"subtitle\">nach Lieferanten<\/h1>\n<ol>\n<li><span lang=\"DE\"><strong>&#8222;Lager \/ Artikelstamm &#8211; F7&#8220;<\/strong> <\/span><\/li>\n<li><span lang=\"DE\"><strong>Artikel \/\u00a0Lager &#8211; Bewegung <\/strong>oder<strong> Artikel \/ Lager &#8211; Verwaltung<\/strong><\/span><\/li>\n<li><strong>Artikel suchen<\/strong><\/li>\n<li><span lang=\"DE\"><strong>Suchliste<\/strong> um sich das Suchergebnis anzeigen zu lassen. <\/span><\/li>\n<li><span lang=\"DE\">Hier finden Sie dann einen Men\u00fcpunkt <strong>Drucken<\/strong>.\u00a0<\/span><\/li>\n<li><span lang=\"DE\">\u00a0&#8222;<strong>Lagerstatistik \/ St\u00fcckliste&#8220;<\/strong>\u00a0w\u00e4hlen.<\/span><\/li>\n<\/ol>\n<p><strong><span style=\"color: #ff6600; font-size: 14pt;\"><em>Hinweis:<\/em><\/span><\/strong><\/p>\n<p><span style=\"color: #ff6600; font-size: 14pt;\"><em>Wenn Sie eine Vorschau vom Druck sehen m\u00f6chten, klicken Sie vor dem Drucken oben auf das Men\u00fc <strong>Druckeinstellungen<\/strong> und w\u00e4hlen Sie dort die <strong>Seitenansicht<\/strong>. Wenn dann gedruckt wird, \u00f6ffnet sich vorher eine Seitenansicht in der Sie zus\u00e4tzlich den Drucker auf dem gedruckt werden soll, w\u00e4hlen k\u00f6nnen.<\/em><\/span><\/p>\n","protected":false},"excerpt":{"rendered":"<p>nach Lieferanten &#8222;Lager \/ Artikelstamm &#8211; F7&#8220; Artikel \/\u00a0Lager &#8211; Bewegung oder Artikel \/ Lager &#8211; Verwaltung Artikel suchen Suchliste um sich das Suchergebnis anzeigen zu lassen. Hier finden Sie dann einen Men\u00fcpunkt Drucken.\u00a0 \u00a0&#8222;Lagerstatistik \/ St\u00fcckliste&#8220;\u00a0w\u00e4hlen. Hinweis: Wenn Sie eine Vorschau vom Druck sehen m\u00f6chten, klicken Sie vor dem Drucken oben auf das Men\u00fc [&hellip;]<\/p>\n","protected":false},"author":3,"featured_media":0,"parent":457,"menu_order":0,"comment_status":"closed","ping_status":"closed","template":"","meta":{"footnotes":""},"class_list":["post-487","page","type-page","status-publish","hentry"],"_links":{"self":[{"href":"https:\/\/handbuch.sdigroup.de\/ctx\/index.php?rest_route=\/wp\/v2\/pages\/487","targetHints":{"allow":["GET"]}}],"collection":[{"href":"https:\/\/handbuch.sdigroup.de\/ctx\/index.php?rest_route=\/wp\/v2\/pages"}],"about":[{"href":"https:\/\/handbuch.sdigroup.de\/ctx\/index.php?rest_route=\/wp\/v2\/types\/page"}],"author":[{"embeddable":true,"href":"https:\/\/handbuch.sdigroup.de\/ctx\/index.php?rest_route=\/wp\/v2\/users\/3"}],"replies":[{"embeddable":true,"href":"https:\/\/handbuch.sdigroup.de\/ctx\/index.php?rest_route=%2Fwp%2Fv2%2Fcomments&post=487"}],"version-history":[{"count":2,"href":"https:\/\/handbuch.sdigroup.de\/ctx\/index.php?rest_route=\/wp\/v2\/pages\/487\/revisions"}],"predecessor-version":[{"id":1477,"href":"https:\/\/handbuch.sdigroup.de\/ctx\/index.php?rest_route=\/wp\/v2\/pages\/487\/revisions\/1477"}],"up":[{"embeddable":true,"href":"https:\/\/handbuch.sdigroup.de\/ctx\/index.php?rest_route=\/wp\/v2\/pages\/457"}],"wp:attachment":[{"href":"https:\/\/handbuch.sdigroup.de\/ctx\/index.php?rest_route=%2Fwp%2Fv2%2Fmedia&parent=487"}],"curies":[{"name":"wp","href":"https:\/\/api.w.org\/{rel}","templated":true}]}}