{"id":482,"date":"2016-09-06T12:01:56","date_gmt":"2016-09-06T10:01:56","guid":{"rendered":"http:\/\/handbuch.sdigroup.de\/ctx\/?page_id=482"},"modified":"2020-08-25T10:59:39","modified_gmt":"2020-08-25T08:59:39","slug":"warengesamtbestand-in-e","status":"publish","type":"page","link":"https:\/\/handbuch.sdigroup.de\/ctx\/?page_id=482","title":{"rendered":"Warengesamtbestand in \u20ac"},"content":{"rendered":"<h1 class=\"subtitle\">Inventurbestand<\/h1>\n<ol>\n<li><span lang=\"DE\"><strong>&#8222;Lager \/ Artikelstamm &#8211; F7&#8220;<\/strong><\/span><\/li>\n<li><span lang=\"DE\"><b>\u00a0<\/b>\u00a0<strong>Artikel \/\u00a0Lager &#8211; Bewegung <\/strong>oder<strong> Artikel \/ Lager Verwaltung<\/strong><\/span><\/li>\n<li><span lang=\"DE\">\u00a0<strong>Artikel suchen<\/strong> um <span style=\"text-decoration: underline;\">alle<\/span> Artikel aus der Datenbank zu suchen<\/span><\/li>\n<li><span lang=\"DE\">Als n\u00e4chstes klicken Sie auf <strong>Suchliste<\/strong> um sich das Suchergebnis anzeigen zu lassen. Hier finden Sie dann einen Men\u00fcpunkt <strong>Drucken<\/strong>. Wenn Sie hier drauf klicken \u00f6ffnet sich ein Untermen\u00fc in dem Sie dann <strong>Inventurliste<\/strong> w\u00e4hlen.\u00a0<\/span><span lang=\"DE\">\u00a0<\/span><\/li>\n<\/ol>\n<p><strong><span style=\"color: #ff6600; font-size: 14pt;\"><em>Hinweis:<\/em><\/span><\/strong><\/p>\n<p><span style=\"color: #ff6600; font-size: 14pt;\"><em>Wenn Sie eine Vorschau vom Druck sehen m\u00f6chten, klicken Sie vor dem Drucken oben auf das Men\u00fc <strong>Druckeinstellungen<\/strong> und w\u00e4hlen Sie dort die <strong>Seitenansicht<\/strong>. Wenn dann gedruckt wird, \u00f6ffnet sich vorher eine Seitenansicht in der Sie zus\u00e4tzlich den Drucker auf dem gedruckt werden soll, w\u00e4hlen k\u00f6nnen.<\/em><\/span><\/p>\n","protected":false},"excerpt":{"rendered":"<p>Inventurbestand &#8222;Lager \/ Artikelstamm &#8211; F7&#8220; \u00a0\u00a0Artikel \/\u00a0Lager &#8211; Bewegung oder Artikel \/ Lager Verwaltung \u00a0Artikel suchen um alle Artikel aus der Datenbank zu suchen Als n\u00e4chstes klicken Sie auf Suchliste um sich das Suchergebnis anzeigen zu lassen. Hier finden Sie dann einen Men\u00fcpunkt Drucken. Wenn Sie hier drauf klicken \u00f6ffnet sich ein Untermen\u00fc in [&hellip;]<\/p>\n","protected":false},"author":3,"featured_media":0,"parent":457,"menu_order":0,"comment_status":"closed","ping_status":"closed","template":"","meta":{"footnotes":""},"class_list":["post-482","page","type-page","status-publish","hentry"],"_links":{"self":[{"href":"https:\/\/handbuch.sdigroup.de\/ctx\/index.php?rest_route=\/wp\/v2\/pages\/482","targetHints":{"allow":["GET"]}}],"collection":[{"href":"https:\/\/handbuch.sdigroup.de\/ctx\/index.php?rest_route=\/wp\/v2\/pages"}],"about":[{"href":"https:\/\/handbuch.sdigroup.de\/ctx\/index.php?rest_route=\/wp\/v2\/types\/page"}],"author":[{"embeddable":true,"href":"https:\/\/handbuch.sdigroup.de\/ctx\/index.php?rest_route=\/wp\/v2\/users\/3"}],"replies":[{"embeddable":true,"href":"https:\/\/handbuch.sdigroup.de\/ctx\/index.php?rest_route=%2Fwp%2Fv2%2Fcomments&post=482"}],"version-history":[{"count":4,"href":"https:\/\/handbuch.sdigroup.de\/ctx\/index.php?rest_route=\/wp\/v2\/pages\/482\/revisions"}],"predecessor-version":[{"id":1478,"href":"https:\/\/handbuch.sdigroup.de\/ctx\/index.php?rest_route=\/wp\/v2\/pages\/482\/revisions\/1478"}],"up":[{"embeddable":true,"href":"https:\/\/handbuch.sdigroup.de\/ctx\/index.php?rest_route=\/wp\/v2\/pages\/457"}],"wp:attachment":[{"href":"https:\/\/handbuch.sdigroup.de\/ctx\/index.php?rest_route=%2Fwp%2Fv2%2Fmedia&parent=482"}],"curies":[{"name":"wp","href":"https:\/\/api.w.org\/{rel}","templated":true}]}}