{"id":478,"date":"2016-09-06T11:47:48","date_gmt":"2016-09-06T09:47:48","guid":{"rendered":"http:\/\/handbuch.sdigroup.de\/ctx\/?page_id=478"},"modified":"2020-08-25T11:30:18","modified_gmt":"2020-08-25T09:30:18","slug":"umsaetze-nach-warengruppen","status":"publish","type":"page","link":"https:\/\/handbuch.sdigroup.de\/ctx\/?page_id=478","title":{"rendered":"Ums\u00e4tze nach Warengruppen"},"content":{"rendered":"<h1 class=\"subtitle\">St\u00fcck im Verh\u00e4ltnis zum Einkauf<\/h1>\n<p><span lang=\"DE\">Klicken Sie als erste auf <strong>Kasse<\/strong>, dann im n\u00e4chsten Men\u00fc auf <strong>Verkauf &#8211; bericht<\/strong>.<\/span><\/p>\n<p><span lang=\"DE\">Im sich dann \u00f6ffnen Fenster w\u00e4hlen Sie \u00a0ein Datum bzw. einen Zeitraum in dem die betreffenden Ums\u00e4tze stattgefunden haben. Klicken Sie dann im oberen Men\u00fc auf <strong>Umsatzerfolgslisten<\/strong> und w\u00e4hlen Sie dort <strong>nach Warengruppe sortieren<\/strong>\u00a0aus. Anschlie\u00dfend auf <strong>Drucken<\/strong>.<\/span><\/p>\n<p><em><span lang=\"DE\">Wenn Sie eine Vorschau vom Druck sehen m\u00f6chten, klicken Sie vor dem Drucken oben auf das Men\u00fc <strong>Druckeinstellungen<\/strong> und w\u00e4hlen Sie dort die <strong>Seitenansicht<\/strong>. Wenn dann gedruckt wird, \u00f6ffnet sich vorher eine Seitenansicht in der Sie zus\u00e4tzlich den Drucker auf dem gedruckt werden soll, w\u00e4hlen k\u00f6nnen.<\/span><\/em><\/p>\n","protected":false},"excerpt":{"rendered":"<p>St\u00fcck im Verh\u00e4ltnis zum Einkauf Klicken Sie als erste auf Kasse, dann im n\u00e4chsten Men\u00fc auf Verkauf &#8211; bericht. Im sich dann \u00f6ffnen Fenster w\u00e4hlen Sie \u00a0ein Datum bzw. einen Zeitraum in dem die betreffenden Ums\u00e4tze stattgefunden haben. Klicken Sie dann im oberen Men\u00fc auf Umsatzerfolgslisten und w\u00e4hlen Sie dort nach Warengruppe sortieren\u00a0aus. Anschlie\u00dfend auf [&hellip;]<\/p>\n","protected":false},"author":3,"featured_media":0,"parent":457,"menu_order":0,"comment_status":"closed","ping_status":"closed","template":"","meta":{"footnotes":""},"class_list":["post-478","page","type-page","status-publish","hentry"],"_links":{"self":[{"href":"https:\/\/handbuch.sdigroup.de\/ctx\/index.php?rest_route=\/wp\/v2\/pages\/478","targetHints":{"allow":["GET"]}}],"collection":[{"href":"https:\/\/handbuch.sdigroup.de\/ctx\/index.php?rest_route=\/wp\/v2\/pages"}],"about":[{"href":"https:\/\/handbuch.sdigroup.de\/ctx\/index.php?rest_route=\/wp\/v2\/types\/page"}],"author":[{"embeddable":true,"href":"https:\/\/handbuch.sdigroup.de\/ctx\/index.php?rest_route=\/wp\/v2\/users\/3"}],"replies":[{"embeddable":true,"href":"https:\/\/handbuch.sdigroup.de\/ctx\/index.php?rest_route=%2Fwp%2Fv2%2Fcomments&post=478"}],"version-history":[{"count":3,"href":"https:\/\/handbuch.sdigroup.de\/ctx\/index.php?rest_route=\/wp\/v2\/pages\/478\/revisions"}],"predecessor-version":[{"id":1484,"href":"https:\/\/handbuch.sdigroup.de\/ctx\/index.php?rest_route=\/wp\/v2\/pages\/478\/revisions\/1484"}],"up":[{"embeddable":true,"href":"https:\/\/handbuch.sdigroup.de\/ctx\/index.php?rest_route=\/wp\/v2\/pages\/457"}],"wp:attachment":[{"href":"https:\/\/handbuch.sdigroup.de\/ctx\/index.php?rest_route=%2Fwp%2Fv2%2Fmedia&parent=478"}],"curies":[{"name":"wp","href":"https:\/\/api.w.org\/{rel}","templated":true}]}}