{"id":462,"date":"2016-09-06T09:36:38","date_gmt":"2016-09-06T07:36:38","guid":{"rendered":"http:\/\/handbuch.sdigroup.de\/ctx\/?page_id=462"},"modified":"2020-08-25T11:18:59","modified_gmt":"2020-08-25T09:18:59","slug":"umsaetze-nach-lieferanten-mit-rabatt","status":"publish","type":"page","link":"https:\/\/handbuch.sdigroup.de\/ctx\/?page_id=462","title":{"rendered":"Ums\u00e4tze nach Lieferanten"},"content":{"rendered":"<h1 class=\"subtitle\">mit Rabatt<\/h1>\n<ol>\n<li><span lang=\"DE\"><strong>&#8222;Kasse &#8211; F8&#8220;<\/strong>, dann im n\u00e4chsten Men\u00fc auf <strong>Verkaufs-bericht<\/strong>.<\/span><\/li>\n<\/ol>\n<p><span lang=\"DE\">Im sich dann \u00f6ffnenden Fenster w\u00e4hlen Sie ein Datum bzw. einen Zeitraum in dem die betreffenden Ums\u00e4tze stattgefunden haben. Klicken Sie dann im oberen Men\u00fc auf <strong>Umsatzerfolgslisten<\/strong> und w\u00e4hlen Sie dort <strong>nach Lieferanten sortieren<\/strong>\u00a0aus. Anschlie\u00dfend auf <strong>Drucken<\/strong>. <\/span><\/p>\n<p><em><span lang=\"DE\">Wenn Sie eine Vorschau vom Druck sehen m\u00f6chten, klicken Sie vor dem Drucken oben auf das Men\u00fc <strong>Druckeinstellungen<\/strong> und w\u00e4hlen Sie dort die <strong>Seitenansicht<\/strong>. Wenn dann gedruckt wird, \u00f6ffnet sich vorher eine Seitenansicht in der Sie zus\u00e4tzlich den Drucker auf dem gedruckt werden soll, w\u00e4hlen k\u00f6nnen.<\/span><\/em><\/p>\n","protected":false},"excerpt":{"rendered":"<p>mit Rabatt &#8222;Kasse &#8211; F8&#8220;, dann im n\u00e4chsten Men\u00fc auf Verkaufs-bericht. Im sich dann \u00f6ffnenden Fenster w\u00e4hlen Sie ein Datum bzw. einen Zeitraum in dem die betreffenden Ums\u00e4tze stattgefunden haben. Klicken Sie dann im oberen Men\u00fc auf Umsatzerfolgslisten und w\u00e4hlen Sie dort nach Lieferanten sortieren\u00a0aus. Anschlie\u00dfend auf Drucken. Wenn Sie eine Vorschau vom Druck sehen [&hellip;]<\/p>\n","protected":false},"author":3,"featured_media":0,"parent":457,"menu_order":0,"comment_status":"closed","ping_status":"closed","template":"","meta":{"footnotes":""},"class_list":["post-462","page","type-page","status-publish","hentry"],"_links":{"self":[{"href":"https:\/\/handbuch.sdigroup.de\/ctx\/index.php?rest_route=\/wp\/v2\/pages\/462","targetHints":{"allow":["GET"]}}],"collection":[{"href":"https:\/\/handbuch.sdigroup.de\/ctx\/index.php?rest_route=\/wp\/v2\/pages"}],"about":[{"href":"https:\/\/handbuch.sdigroup.de\/ctx\/index.php?rest_route=\/wp\/v2\/types\/page"}],"author":[{"embeddable":true,"href":"https:\/\/handbuch.sdigroup.de\/ctx\/index.php?rest_route=\/wp\/v2\/users\/3"}],"replies":[{"embeddable":true,"href":"https:\/\/handbuch.sdigroup.de\/ctx\/index.php?rest_route=%2Fwp%2Fv2%2Fcomments&post=462"}],"version-history":[{"count":12,"href":"https:\/\/handbuch.sdigroup.de\/ctx\/index.php?rest_route=\/wp\/v2\/pages\/462\/revisions"}],"predecessor-version":[{"id":1483,"href":"https:\/\/handbuch.sdigroup.de\/ctx\/index.php?rest_route=\/wp\/v2\/pages\/462\/revisions\/1483"}],"up":[{"embeddable":true,"href":"https:\/\/handbuch.sdigroup.de\/ctx\/index.php?rest_route=\/wp\/v2\/pages\/457"}],"wp:attachment":[{"href":"https:\/\/handbuch.sdigroup.de\/ctx\/index.php?rest_route=%2Fwp%2Fv2%2Fmedia&parent=462"}],"curies":[{"name":"wp","href":"https:\/\/api.w.org\/{rel}","templated":true}]}}