{"id":40,"date":"2016-02-23T15:45:43","date_gmt":"2016-02-23T14:45:43","guid":{"rendered":"http:\/\/handbuch.sdigroup.de\/ctx\/?page_id=40"},"modified":"2019-08-13T14:04:55","modified_gmt":"2019-08-13T12:04:55","slug":"zusatz","status":"publish","type":"page","link":"https:\/\/handbuch.sdigroup.de\/ctx\/?page_id=40","title":{"rendered":"Zusatz"},"content":{"rendered":"<p style=\"text-align: left;\">Zusatzfunktionen und Schaltfl\u00e4chen-Kombinationen<\/p>\n<ol>\n<li style=\"text-align: left;\">Schaltfl\u00e4chenkombinationen in den Druck- und Aktionsmen\u00fcs<\/li>\n<li style=\"text-align: left;\">Frei w\u00e4hlbar \u00fcber ALT + E = Drucker-Einstellungen:<\/li>\n<li style=\"text-align: left;\">Mit oder ohne Seitenvorschau vor dem Ausdruck.<\/li>\n<li style=\"text-align: left;\">Sie k\u00f6nnen nach Ansicht der Druckseite entscheiden, ob diese Tabelle, Liste oder Etiketten, gedruckt oder der Ausdruck gestoppt werden soll.<\/li>\n<\/ol>\n","protected":false},"excerpt":{"rendered":"<p>Zusatzfunktionen und Schaltfl\u00e4chen-Kombinationen Schaltfl\u00e4chenkombinationen in den Druck- und Aktionsmen\u00fcs Frei w\u00e4hlbar \u00fcber ALT + E = Drucker-Einstellungen: Mit oder ohne Seitenvorschau vor dem Ausdruck. Sie k\u00f6nnen nach Ansicht der Druckseite entscheiden, ob diese Tabelle, Liste oder Etiketten, gedruckt oder der Ausdruck gestoppt werden soll.<\/p>\n","protected":false},"author":3,"featured_media":0,"parent":26,"menu_order":0,"comment_status":"closed","ping_status":"closed","template":"","meta":{"footnotes":""},"class_list":["post-40","page","type-page","status-publish","hentry"],"_links":{"self":[{"href":"https:\/\/handbuch.sdigroup.de\/ctx\/index.php?rest_route=\/wp\/v2\/pages\/40","targetHints":{"allow":["GET"]}}],"collection":[{"href":"https:\/\/handbuch.sdigroup.de\/ctx\/index.php?rest_route=\/wp\/v2\/pages"}],"about":[{"href":"https:\/\/handbuch.sdigroup.de\/ctx\/index.php?rest_route=\/wp\/v2\/types\/page"}],"author":[{"embeddable":true,"href":"https:\/\/handbuch.sdigroup.de\/ctx\/index.php?rest_route=\/wp\/v2\/users\/3"}],"replies":[{"embeddable":true,"href":"https:\/\/handbuch.sdigroup.de\/ctx\/index.php?rest_route=%2Fwp%2Fv2%2Fcomments&post=40"}],"version-history":[{"count":3,"href":"https:\/\/handbuch.sdigroup.de\/ctx\/index.php?rest_route=\/wp\/v2\/pages\/40\/revisions"}],"predecessor-version":[{"id":891,"href":"https:\/\/handbuch.sdigroup.de\/ctx\/index.php?rest_route=\/wp\/v2\/pages\/40\/revisions\/891"}],"up":[{"embeddable":true,"href":"https:\/\/handbuch.sdigroup.de\/ctx\/index.php?rest_route=\/wp\/v2\/pages\/26"}],"wp:attachment":[{"href":"https:\/\/handbuch.sdigroup.de\/ctx\/index.php?rest_route=%2Fwp%2Fv2%2Fmedia&parent=40"}],"curies":[{"name":"wp","href":"https:\/\/api.w.org\/{rel}","templated":true}]}}