{"id":399,"date":"2016-07-01T17:33:02","date_gmt":"2016-07-01T15:33:02","guid":{"rendered":"http:\/\/handbuch.sdigroup.de\/ctx\/?page_id=399"},"modified":"2020-08-25T11:09:12","modified_gmt":"2020-08-25T09:09:12","slug":"vertreter-abrechnung","status":"publish","type":"page","link":"https:\/\/handbuch.sdigroup.de\/ctx\/?page_id=399","title":{"rendered":"Vertreter Abrechnung"},"content":{"rendered":"<p>W\u00e4hlen Sie folgende Schritte<\/p>\n<ol>\n<li><strong>&#8222;Kasse &#8211; F8&#8220;<\/strong><\/li>\n<li>Verkauf &#8211; Bericht<\/li>\n<li>Geben Sie einen Zeitraum an.<\/li>\n<li>Geben Sie eine Mitarbeiternummer an.<\/li>\n<li>JA = Bezahlte Rechnungen<br \/>\nNEIN = nicht bezahlte Rechnungen<br \/>\n(S.Bez. = Sp\u00e4ter bezahlte Rechnungen)<br \/>\nProvisionsh\u00f6he im Eingabefeld Provision eingeben z. B. 10 f\u00fcr 10%<\/li>\n<li>Taste Drucken ( F4 ) bet\u00e4tigen<\/li>\n<\/ol>\n","protected":false},"excerpt":{"rendered":"<p>W\u00e4hlen Sie folgende Schritte &#8222;Kasse &#8211; F8&#8220; Verkauf &#8211; Bericht Geben Sie einen Zeitraum an. Geben Sie eine Mitarbeiternummer an. JA = Bezahlte Rechnungen NEIN = nicht bezahlte Rechnungen (S.Bez. = Sp\u00e4ter bezahlte Rechnungen) Provisionsh\u00f6he im Eingabefeld Provision eingeben z. B. 10 f\u00fcr 10% Taste Drucken ( F4 ) bet\u00e4tigen<\/p>\n","protected":false},"author":5,"featured_media":0,"parent":24,"menu_order":0,"comment_status":"closed","ping_status":"closed","template":"","meta":{"footnotes":""},"class_list":["post-399","page","type-page","status-publish","hentry"],"_links":{"self":[{"href":"https:\/\/handbuch.sdigroup.de\/ctx\/index.php?rest_route=\/wp\/v2\/pages\/399","targetHints":{"allow":["GET"]}}],"collection":[{"href":"https:\/\/handbuch.sdigroup.de\/ctx\/index.php?rest_route=\/wp\/v2\/pages"}],"about":[{"href":"https:\/\/handbuch.sdigroup.de\/ctx\/index.php?rest_route=\/wp\/v2\/types\/page"}],"author":[{"embeddable":true,"href":"https:\/\/handbuch.sdigroup.de\/ctx\/index.php?rest_route=\/wp\/v2\/users\/5"}],"replies":[{"embeddable":true,"href":"https:\/\/handbuch.sdigroup.de\/ctx\/index.php?rest_route=%2Fwp%2Fv2%2Fcomments&post=399"}],"version-history":[{"count":3,"href":"https:\/\/handbuch.sdigroup.de\/ctx\/index.php?rest_route=\/wp\/v2\/pages\/399\/revisions"}],"predecessor-version":[{"id":1481,"href":"https:\/\/handbuch.sdigroup.de\/ctx\/index.php?rest_route=\/wp\/v2\/pages\/399\/revisions\/1481"}],"up":[{"embeddable":true,"href":"https:\/\/handbuch.sdigroup.de\/ctx\/index.php?rest_route=\/wp\/v2\/pages\/24"}],"wp:attachment":[{"href":"https:\/\/handbuch.sdigroup.de\/ctx\/index.php?rest_route=%2Fwp%2Fv2%2Fmedia&parent=399"}],"curies":[{"name":"wp","href":"https:\/\/api.w.org\/{rel}","templated":true}]}}