{"id":395,"date":"2016-07-01T17:32:26","date_gmt":"2016-07-01T15:32:26","guid":{"rendered":"http:\/\/handbuch.sdigroup.de\/ctx\/?page_id=395"},"modified":"2020-08-25T11:07:51","modified_gmt":"2020-08-25T09:07:51","slug":"renner-penner-liste","status":"publish","type":"page","link":"https:\/\/handbuch.sdigroup.de\/ctx\/?page_id=395","title":{"rendered":"Renner-Penner Liste"},"content":{"rendered":"<p>W\u00e4hlen Sie folgende Schritte<\/p>\n<ol>\n<li><strong>&#8222;Kasse &#8211; F8&#8220;<\/strong><\/li>\n<li>Verkauf &#8211; Bericht<\/li>\n<li>Geben Sie einen Zeitraum an.<\/li>\n<li>Bet\u00e4tigen Sie <strong>&#8222;Suchen &#8211; F8&#8220;<\/strong> oder w\u00e4hlen Sie von Men\u00fcpunkt <b>Listen\/Ums\u00e4tze\/Abrechnungen<\/b> die entsprechende Liste<br \/>\nAbh\u00e4ngigkeit der Eingabe, erhalten Sie die Statistik, Beispiel: Sie geben folgende Felder ein.<br \/>\n<img loading=\"lazy\" decoding=\"async\" class=\"alignnone size-full wp-image-790\" src=\"https:\/\/handbuch.sdigroup.de\/ctx\/wp-content\/uploads\/bericht.ums\u00e4tze.png\" alt=\"bericht.ums\u00e4tze\" width=\"1007\" height=\"693\" srcset=\"https:\/\/handbuch.sdigroup.de\/ctx\/wp-content\/uploads\/bericht.ums\u00e4tze.png 1007w, https:\/\/handbuch.sdigroup.de\/ctx\/wp-content\/uploads\/bericht.ums\u00e4tze-300x206.png 300w\" sizes=\"auto, (max-width: 1007px) 100vw, 1007px\" \/><\/p>\n<p>Datum 01.01.2015 \u2013 31.01.2015<br \/>\nArtikelnummer: 1234<br \/>\nKundennummer: 1111<\/p>\n<p>Als Ergebnis bekommen Sie eine Liste mit alle in diesem Zeitraum <b>(01.01.2015 \u2013 31.01.2015)<\/b>verkauften Artikel wenn Sie die Renner-Pennerliste vom Men\u00fc Liste w\u00e4hlen<\/li>\n<\/ol>\n","protected":false},"excerpt":{"rendered":"<p>W\u00e4hlen Sie folgende Schritte &#8222;Kasse &#8211; F8&#8220; Verkauf &#8211; Bericht Geben Sie einen Zeitraum an. Bet\u00e4tigen Sie &#8222;Suchen &#8211; F8&#8220; oder w\u00e4hlen Sie von Men\u00fcpunkt Listen\/Ums\u00e4tze\/Abrechnungen die entsprechende Liste Abh\u00e4ngigkeit der Eingabe, erhalten Sie die Statistik, Beispiel: Sie geben folgende Felder ein. Datum 01.01.2015 \u2013 31.01.2015 Artikelnummer: 1234 Kundennummer: 1111 Als Ergebnis bekommen Sie eine [&hellip;]<\/p>\n","protected":false},"author":5,"featured_media":0,"parent":24,"menu_order":0,"comment_status":"closed","ping_status":"closed","template":"","meta":{"footnotes":""},"class_list":["post-395","page","type-page","status-publish","hentry"],"_links":{"self":[{"href":"https:\/\/handbuch.sdigroup.de\/ctx\/index.php?rest_route=\/wp\/v2\/pages\/395","targetHints":{"allow":["GET"]}}],"collection":[{"href":"https:\/\/handbuch.sdigroup.de\/ctx\/index.php?rest_route=\/wp\/v2\/pages"}],"about":[{"href":"https:\/\/handbuch.sdigroup.de\/ctx\/index.php?rest_route=\/wp\/v2\/types\/page"}],"author":[{"embeddable":true,"href":"https:\/\/handbuch.sdigroup.de\/ctx\/index.php?rest_route=\/wp\/v2\/users\/5"}],"replies":[{"embeddable":true,"href":"https:\/\/handbuch.sdigroup.de\/ctx\/index.php?rest_route=%2Fwp%2Fv2%2Fcomments&post=395"}],"version-history":[{"count":4,"href":"https:\/\/handbuch.sdigroup.de\/ctx\/index.php?rest_route=\/wp\/v2\/pages\/395\/revisions"}],"predecessor-version":[{"id":1480,"href":"https:\/\/handbuch.sdigroup.de\/ctx\/index.php?rest_route=\/wp\/v2\/pages\/395\/revisions\/1480"}],"up":[{"embeddable":true,"href":"https:\/\/handbuch.sdigroup.de\/ctx\/index.php?rest_route=\/wp\/v2\/pages\/24"}],"wp:attachment":[{"href":"https:\/\/handbuch.sdigroup.de\/ctx\/index.php?rest_route=%2Fwp%2Fv2%2Fmedia&parent=395"}],"curies":[{"name":"wp","href":"https:\/\/api.w.org\/{rel}","templated":true}]}}